{"id":3693631,"date":"2025-10-13T13:55:52","date_gmt":"2025-10-13T17:55:52","guid":{"rendered":"https:\/\/stoic-curie.212-227-153-4.plesk.page\/product\/otiraci-rosewind-round-boja-smeda-dim-70-x-50-cm\/"},"modified":"2026-02-25T00:01:25","modified_gmt":"2026-02-25T00:01:25","slug":"otiraci-rosewind-round-boja-smeda-dim-70-x-50-cm","status":"publish","type":"product","link":"https:\/\/stoic-curie.212-227-153-4.plesk.page\/hr\/product\/otiraci-rosewind-round-boja-smeda-dim-70-x-50-cm\/","title":{"rendered":"Otira\u010di rosewind round boja sme\u0111a  dim 70 x 50 cm"},"content":{"rendered":"<p>Otira\u010di rosewind round boja sme\u0111a  dim 70 x 50 cm &#8211; <\/p>\n<p>Protuklizne, UV-otporne prostirke od gume i poliamida tvrtke Rosewind.<\/p>\n","protected":false},"excerpt":{"rendered":"<p>Otira\u010di rosewind round boja sme\u0111a dim 70 x 50 cm &#8211; Protuklizne, UV-otporne prostirke od gume i poliamida tvrtke Rosewind.<\/p>\n","protected":false},"featured_media":5948913,"comment_status":"closed","ping_status":"closed","template":"","meta":[],"product_brand":[3111],"product_cat":[1643],"product_tag":[],"class_list":{"0":"post-3693631","1":"product","2":"type-product","3":"status-publish","4":"has-post-thumbnail","6":"product_brand-marine-business-mb-hr","7":"product_cat-tepisi-i-presvlake","9":"first","10":"instock","11":"shipping-taxable","12":"purchasable","13":"product-type-simple"},"_links":{"self":[{"href":"https:\/\/stoic-curie.212-227-153-4.plesk.page\/hr\/wp-json\/wp\/v2\/product\/3693631","targetHints":{"allow":["GET"]}}],"collection":[{"href":"https:\/\/stoic-curie.212-227-153-4.plesk.page\/hr\/wp-json\/wp\/v2\/product"}],"about":[{"href":"https:\/\/stoic-curie.212-227-153-4.plesk.page\/hr\/wp-json\/wp\/v2\/types\/product"}],"replies":[{"embeddable":true,"href":"https:\/\/stoic-curie.212-227-153-4.plesk.page\/hr\/wp-json\/wp\/v2\/comments?post=3693631"}],"version-history":[{"count":0,"href":"https:\/\/stoic-curie.212-227-153-4.plesk.page\/hr\/wp-json\/wp\/v2\/product\/3693631\/revisions"}],"wp:featuredmedia":[{"embeddable":true,"href":"https:\/\/stoic-curie.212-227-153-4.plesk.page\/hr\/wp-json\/wp\/v2\/media\/5948913"}],"wp:attachment":[{"href":"https:\/\/stoic-curie.212-227-153-4.plesk.page\/hr\/wp-json\/wp\/v2\/media?parent=3693631"}],"wp:term":[{"taxonomy":"product_brand","embeddable":true,"href":"https:\/\/stoic-curie.212-227-153-4.plesk.page\/hr\/wp-json\/wp\/v2\/product_brand?post=3693631"},{"taxonomy":"product_cat","embeddable":true,"href":"https:\/\/stoic-curie.212-227-153-4.plesk.page\/hr\/wp-json\/wp\/v2\/product_cat?post=3693631"},{"taxonomy":"product_tag","embeddable":true,"href":"https:\/\/stoic-curie.212-227-153-4.plesk.page\/hr\/wp-json\/wp\/v2\/product_tag?post=3693631"}],"curies":[{"name":"wp","href":"https:\/\/api.w.org\/{rel}","templated":true}]}}