{"id":3693634,"date":"2025-10-13T13:55:53","date_gmt":"2025-10-13T17:55:53","guid":{"rendered":"https:\/\/stoic-curie.212-227-153-4.plesk.page\/product\/torggler-domus-brtvilo-bez-310-ml\/"},"modified":"2026-02-25T00:01:25","modified_gmt":"2026-02-25T00:01:25","slug":"torggler-domus-brtvilo-bez-310-ml","status":"publish","type":"product","link":"https:\/\/stoic-curie.212-227-153-4.plesk.page\/hr\/product\/torggler-domus-brtvilo-bez-310-ml\/","title":{"rendered":"Torggler domus brtvilo be\u017e 310 ml"},"content":{"rendered":"<p>Torggler domus brtvilo be\u017e 310 ml &#8211; <\/p>\n<p>Silikon za brtvljenje s niskim modulom elasti\u010dnosti, neutralnog o\u010dvr\u0161\u0107ivanja od Torgglera u naj\u010de\u0161\u0107e kori\u0161tenim nauti\u010dkim bojama. <br \/>\u2022 Otporan na plijesan <br \/>\u2022 Otporan na UV zrake i slana okru\u017eenja <br \/>\u2022 Certifikacija za primjene prema EN15651-1\/2\/3 regulativi<\/p>\n","protected":false},"excerpt":{"rendered":"<p>Torggler domus brtvilo be\u017e 310 ml &#8211; Silikon za brtvljenje s niskim modulom elasti\u010dnosti, neutralnog o\u010dvr\u0161\u0107ivanja od Torgglera u naj\u010de\u0161\u0107e<\/p>\n","protected":false},"featured_media":5948925,"comment_status":"closed","ping_status":"closed","template":"","meta":[],"product_brand":[3236],"product_cat":[1637],"product_tag":[],"class_list":{"0":"post-3693634","1":"product","2":"type-product","3":"status-publish","4":"has-post-thumbnail","6":"product_brand-osculati-hr","7":"product_cat-ljepila-i-brtvila","9":"first","10":"instock","11":"shipping-taxable","12":"purchasable","13":"product-type-simple"},"_links":{"self":[{"href":"https:\/\/stoic-curie.212-227-153-4.plesk.page\/hr\/wp-json\/wp\/v2\/product\/3693634","targetHints":{"allow":["GET"]}}],"collection":[{"href":"https:\/\/stoic-curie.212-227-153-4.plesk.page\/hr\/wp-json\/wp\/v2\/product"}],"about":[{"href":"https:\/\/stoic-curie.212-227-153-4.plesk.page\/hr\/wp-json\/wp\/v2\/types\/product"}],"replies":[{"embeddable":true,"href":"https:\/\/stoic-curie.212-227-153-4.plesk.page\/hr\/wp-json\/wp\/v2\/comments?post=3693634"}],"version-history":[{"count":0,"href":"https:\/\/stoic-curie.212-227-153-4.plesk.page\/hr\/wp-json\/wp\/v2\/product\/3693634\/revisions"}],"wp:featuredmedia":[{"embeddable":true,"href":"https:\/\/stoic-curie.212-227-153-4.plesk.page\/hr\/wp-json\/wp\/v2\/media\/5948925"}],"wp:attachment":[{"href":"https:\/\/stoic-curie.212-227-153-4.plesk.page\/hr\/wp-json\/wp\/v2\/media?parent=3693634"}],"wp:term":[{"taxonomy":"product_brand","embeddable":true,"href":"https:\/\/stoic-curie.212-227-153-4.plesk.page\/hr\/wp-json\/wp\/v2\/product_brand?post=3693634"},{"taxonomy":"product_cat","embeddable":true,"href":"https:\/\/stoic-curie.212-227-153-4.plesk.page\/hr\/wp-json\/wp\/v2\/product_cat?post=3693634"},{"taxonomy":"product_tag","embeddable":true,"href":"https:\/\/stoic-curie.212-227-153-4.plesk.page\/hr\/wp-json\/wp\/v2\/product_tag?post=3693634"}],"curies":[{"name":"wp","href":"https:\/\/api.w.org\/{rel}","templated":true}]}}