{"id":3693641,"date":"2025-10-13T13:55:56","date_gmt":"2025-10-13T17:55:56","guid":{"rendered":"https:\/\/stoic-curie.212-227-153-4.plesk.page\/product\/propeler-za-yamahu-7-1-2-x-8\/"},"modified":"2026-02-25T00:01:25","modified_gmt":"2026-02-25T00:01:25","slug":"propeler-za-yamahu-7-1-2-x-8","status":"publish","type":"product","link":"https:\/\/stoic-curie.212-227-153-4.plesk.page\/hr\/product\/propeler-za-yamahu-7-1-2-x-8\/","title":{"rendered":"Propeler za Yamahu 7 1\/2 x 8"},"content":{"rendered":"<p>Propeler za Yamahu 7 1\/2 x 8 &#8211; <\/p>\n<p>Aluminijski propeleri Alice za Yamaha vanbrodske motore.<br \/>Izra\u0111eni od aerospa\u010dnog aluminijsko-titanijskog legure.<br \/>3D lasersko skeniranje za stati\u010dku i dinami\u010dku kontrolu.<br \/>Robotizirano AkzoNobel pra\u0161kasto premazivanje.<br \/>Visoka u\u010dinkovitost i smanjena potro\u0161nja zahvaljuju\u0107i savr\u0161enoj zakrivljenosti krila.<br \/>Montazni set treba naru\u010diti odvojeno ako je potrebno zamijeniti matice, podlo\u0161ke i razmaknice. Za Yamaha vanbrodske motore:<br \/>2A\/B (\u010depni pogon)<br \/>F2.5A\/3A<br \/>4A\/5C\/F4A\/F5A<\/p>\n","protected":false},"excerpt":{"rendered":"<p>Propeler za Yamahu 7 1\/2 x 8 &#8211; Aluminijski propeleri Alice za Yamaha vanbrodske motore.Izra\u0111eni od aerospa\u010dnog aluminijsko-titanijskog legure.3D lasersko<\/p>\n","protected":false},"featured_media":5949018,"comment_status":"closed","ping_status":"closed","template":"","meta":[],"product_brand":[3391],"product_cat":[1803,1831],"product_tag":[],"class_list":{"0":"post-3693641","1":"product","2":"type-product","3":"status-publish","4":"has-post-thumbnail","6":"product_brand-sierra-marine-hr","7":"product_cat-propeleri-za-vanbrodske-motore","8":"product_cat-rezervni-dijelovi-za-vanbrodske-motore-yamaha","10":"first","11":"instock","12":"shipping-taxable","13":"purchasable","14":"product-type-simple"},"_links":{"self":[{"href":"https:\/\/stoic-curie.212-227-153-4.plesk.page\/hr\/wp-json\/wp\/v2\/product\/3693641","targetHints":{"allow":["GET"]}}],"collection":[{"href":"https:\/\/stoic-curie.212-227-153-4.plesk.page\/hr\/wp-json\/wp\/v2\/product"}],"about":[{"href":"https:\/\/stoic-curie.212-227-153-4.plesk.page\/hr\/wp-json\/wp\/v2\/types\/product"}],"replies":[{"embeddable":true,"href":"https:\/\/stoic-curie.212-227-153-4.plesk.page\/hr\/wp-json\/wp\/v2\/comments?post=3693641"}],"version-history":[{"count":0,"href":"https:\/\/stoic-curie.212-227-153-4.plesk.page\/hr\/wp-json\/wp\/v2\/product\/3693641\/revisions"}],"wp:featuredmedia":[{"embeddable":true,"href":"https:\/\/stoic-curie.212-227-153-4.plesk.page\/hr\/wp-json\/wp\/v2\/media\/5949018"}],"wp:attachment":[{"href":"https:\/\/stoic-curie.212-227-153-4.plesk.page\/hr\/wp-json\/wp\/v2\/media?parent=3693641"}],"wp:term":[{"taxonomy":"product_brand","embeddable":true,"href":"https:\/\/stoic-curie.212-227-153-4.plesk.page\/hr\/wp-json\/wp\/v2\/product_brand?post=3693641"},{"taxonomy":"product_cat","embeddable":true,"href":"https:\/\/stoic-curie.212-227-153-4.plesk.page\/hr\/wp-json\/wp\/v2\/product_cat?post=3693641"},{"taxonomy":"product_tag","embeddable":true,"href":"https:\/\/stoic-curie.212-227-153-4.plesk.page\/hr\/wp-json\/wp\/v2\/product_tag?post=3693641"}],"curies":[{"name":"wp","href":"https:\/\/api.w.org\/{rel}","templated":true}]}}