{"id":3693643,"date":"2025-10-13T13:56:00","date_gmt":"2025-10-13T17:56:00","guid":{"rendered":"https:\/\/stoic-curie.212-227-153-4.plesk.page\/product\/sidermarine-mpp-t-005-do-12-tone\/"},"modified":"2026-02-25T00:01:26","modified_gmt":"2026-02-25T00:01:26","slug":"sidermarine-mpp-t-005-do-12-tone","status":"publish","type":"product","link":"https:\/\/stoic-curie.212-227-153-4.plesk.page\/hr\/product\/sidermarine-mpp-t-005-do-12-tone\/","title":{"rendered":"Sidermarine MPP\/T-005 do 1,2 tone"},"content":{"rendered":"<p>Sidermarine MPP\/T-005 do 1,2 tone &#8211; <\/p>\n<p style=\"color: rgb(34, 34, 34); font-family: Arial, Helvetica, sans-serif; font-size: small;\">MPP opruga je izuzetno u\u010dinkovita zahvaljuju\u0107i naprednim materijalima i in\u017eenjerskim rje\u0161enjima kori\u0161tenim u njenom dizajnu i proizvodnji. Sidermarineova visokokvalitetna opruga za vez s nehr\u0111aju\u0107im \u010delikom i prigu\u0161enjem posjeduje izvanredne mogu\u0107nosti apsorpcije udaraca, \u0161to se pripisuje kompresiji opruge izra\u0111enoj od specijalnog legure nehr\u0111aju\u0107eg \u010delika, zajedno s Mollaflex elastomerima koji se aktiviraju tijekom razdoblja pove\u0107anog stresa.<\/p>\n<p style=\"color: rgb(34, 34, 34); font-family: Arial, Helvetica, sans-serif; font-size: small;\">Molimo konzultirajte prilo\u017eene tehni\u010dke specifikacije koje nagla\u0161avaju superiorne sposobnosti prigu\u0161enja na\u0161eg proizvoda u usporedbi s drugim dostupnim na tr\u017ei\u0161tu.<\/p>\n<p style=\"color: rgb(34, 34, 34); font-family: Arial, Helvetica, sans-serif; font-size: small;\">Opruge za vez su posebno projektirane za smanjenje napetosti u veznim u\u017eadima.<\/p>\n<p style=\"color: rgb(34, 34, 34); font-family: Arial, Helvetica, sans-serif; font-size: small;\">Na\u0161e patentirane opruge za vez izra\u0111ene su od posebne legure nehr\u0111aju\u0107eg \u010delika, \u0161to je klju\u010dno tijekom faze kompresije i doprinosi 60-70% ukupne u\u010dinkovitosti. To se dodatno pobolj\u0161ava komponentom Mollaflex-Elastomera, koja nudi dodatnu potporu kada su izlo\u017eene vi\u0161im razinama stresa. Ova jedinstvena kombinacija je jedini pouzdan na\u010din za smanjenje oscilacija broda dok je usidren, osiguravaju\u0107i sigurnost u\u010dinkovitim prigu\u0161enjem napetosti u veznim linijama. To zna\u010dajno smanjuje sile koje djeluju na stra\u017enje bolarde, \u0161to rezultira stabilnijim i ugodnijim iskustvom za korisnika.<\/p>\n<p style=\"color: rgb(34, 34, 34); font-family: Arial, Helvetica, sans-serif; font-size: small;\">Klju\u010dno je razumjeti da elastomer sam po sebi ne mo\u017ee pru\u017eiti adekvatno ubla\u017eavanje. Kao vrlo krut materijal, kompresira se tek pod zna\u010dajnim stresom i velikim optere\u0107enjima. Visokou\u010dinkovita opruga za vez sa prigu\u0161enjem od nehr\u0111aju\u0107eg \u010delika iz Sidermarina pru\u017ea izvanredno apsorbiranje udaraca, zahvaljuju\u0107i kompresiji opruge izra\u0111enoj od specijalne legure nehr\u0111aju\u0107eg \u010delika i Mollaflex elastomerima koji se aktiviraju pri pove\u0107anom stresu.<\/p>\n","protected":false},"excerpt":{"rendered":"<p>Sidermarine MPP\/T-005 do 1,2 tone &#8211; MPP opruga je izuzetno u\u010dinkovita zahvaljuju\u0107i naprednim materijalima i in\u017eenjerskim rje\u0161enjima kori\u0161tenim u njenom<\/p>\n","protected":false},"featured_media":5949198,"comment_status":"closed","ping_status":"closed","template":"","meta":[],"product_brand":[3386],"product_cat":[1624],"product_tag":[],"class_list":{"0":"post-3693643","1":"product","2":"type-product","3":"status-publish","4":"has-post-thumbnail","6":"product_brand-sidermarine-hr","7":"product_cat-amortizeri-za-konope-za-vez","9":"first","10":"instock","11":"shipping-taxable","12":"purchasable","13":"product-type-simple"},"_links":{"self":[{"href":"https:\/\/stoic-curie.212-227-153-4.plesk.page\/hr\/wp-json\/wp\/v2\/product\/3693643","targetHints":{"allow":["GET"]}}],"collection":[{"href":"https:\/\/stoic-curie.212-227-153-4.plesk.page\/hr\/wp-json\/wp\/v2\/product"}],"about":[{"href":"https:\/\/stoic-curie.212-227-153-4.plesk.page\/hr\/wp-json\/wp\/v2\/types\/product"}],"replies":[{"embeddable":true,"href":"https:\/\/stoic-curie.212-227-153-4.plesk.page\/hr\/wp-json\/wp\/v2\/comments?post=3693643"}],"version-history":[{"count":0,"href":"https:\/\/stoic-curie.212-227-153-4.plesk.page\/hr\/wp-json\/wp\/v2\/product\/3693643\/revisions"}],"wp:featuredmedia":[{"embeddable":true,"href":"https:\/\/stoic-curie.212-227-153-4.plesk.page\/hr\/wp-json\/wp\/v2\/media\/5949198"}],"wp:attachment":[{"href":"https:\/\/stoic-curie.212-227-153-4.plesk.page\/hr\/wp-json\/wp\/v2\/media?parent=3693643"}],"wp:term":[{"taxonomy":"product_brand","embeddable":true,"href":"https:\/\/stoic-curie.212-227-153-4.plesk.page\/hr\/wp-json\/wp\/v2\/product_brand?post=3693643"},{"taxonomy":"product_cat","embeddable":true,"href":"https:\/\/stoic-curie.212-227-153-4.plesk.page\/hr\/wp-json\/wp\/v2\/product_cat?post=3693643"},{"taxonomy":"product_tag","embeddable":true,"href":"https:\/\/stoic-curie.212-227-153-4.plesk.page\/hr\/wp-json\/wp\/v2\/product_tag?post=3693643"}],"curies":[{"name":"wp","href":"https:\/\/api.w.org\/{rel}","templated":true}]}}