{"id":3693644,"date":"2025-10-13T13:56:00","date_gmt":"2025-10-13T17:56:00","guid":{"rendered":"https:\/\/stoic-curie.212-227-153-4.plesk.page\/product\/sidermarine-mk40-hybrid-for-1-to-4ton\/"},"modified":"2026-02-25T00:01:26","modified_gmt":"2026-02-25T00:01:26","slug":"sidermarine-mk40-hybrid-for-1-to-4ton","status":"publish","type":"product","link":"https:\/\/stoic-curie.212-227-153-4.plesk.page\/hr\/product\/sidermarine-mk40-hybrid-for-1-to-4ton\/","title":{"rendered":"Sidermarine MK40 Hybrid for 1 to 4ton"},"content":{"rendered":"<p>Sidermarine MK40 Hybrid for 1 to 4ton &#8211; <\/p>\n<p style=\"color: rgb(34, 34, 34); font-family: Arial, Helvetica, sans-serif; font-size: small;\"><strong>Mooring Spring MK 40 Hybrid<\/strong><\/p>\n<p style=\"color: rgb(34, 34, 34); font-family: Arial, Helvetica, sans-serif; font-size: small;\">MK Hybrid sidrena opruga koristi patentirane amortizere pobolj\u0161ane cilindri\u010dnim elastomerima. Ovi elastomeri pru\u017eaju visoko i stabilno inercijsko optere\u0107enje. Kada se kombiniraju s oprugom \u2013 dostupnom u konfiguracijama od jedne sredi\u0161nje jedinice do \u010detiri na svakom kraju \u2013 pobolj\u0161avaju kapacitet opruge za upravljanje zna\u010dajnim stresom. Ovaj inovativni dizajn omogu\u0107ava postepeno pomicanje koje se prilago\u0111ava potrebama \u010damca.<\/p>\n<p style=\"color: rgb(34, 34, 34); font-family: Arial, Helvetica, sans-serif; font-size: small;\">Sidrene opruge su posebno konstruisane za ubla\u017eavanje napetosti u sidrenim vodovima. One predstavljaju jedino u\u010dinkovito rje\u0161enje za smanjenje oscilacija \u010damca dok je sidren, \u010dime se osigurava sigurnost u\u010dinkovitim prigu\u0161enjem napetosti u kablovima. To zna\u010dajno smanjuje sile koje djeluju na stra\u017enje bova, rezultiraju\u0107i stabilnijim i ugodnijim okru\u017eenjem za korisnike. MK 40 Hybrid sidrena opruga je pogodna za plovila te\u017eine izme\u0111u 1 i 4 tone.<\/p>\n<p style=\"color: rgb(34, 34, 34); font-family: Arial, Helvetica, sans-serif; font-size: small;\">Istaknute karakteristike uklju\u010duju:<\/p>\n<ul style=\"color: rgb(34, 34, 34); font-family: Arial, Helvetica, sans-serif; font-size: small;\">\n<li>Pobolj\u0161ano inercijsko optere\u0107enje podr\u017eano elastomerima<\/li>\n<li>Postepena prigu\u0161na sila<\/li>\n<li>Tih rad i otpornost na stres<\/li>\n<li>Unutarnji dijelovi izra\u0111eni od 316 nehr\u0111aju\u0107eg \u010delika bez zavarenih spojeva<\/li>\n<li>Funkcionalnost o\u010duvana u \u0161irokom temperaturnom rasponu (-20\u00b0 do +80\u00b0)<\/li>\n<\/ul>\n<p style=\"color: rgb(34, 34, 34); font-family: Arial, Helvetica, sans-serif; font-size: small;\">Specifikacije:<\/p>\n<ul style=\"color: rgb(34, 34, 34); font-family: Arial, Helvetica, sans-serif; font-size: small;\">\n<li>Duljina: 381 mm<\/li>\n<li>Te\u017eina: 1.96 kg (4.32 lb)<\/li>\n<li>Pogodno za \u010damce te\u017eine od 1 do 4 tone.<\/li>\n<\/ul>\n","protected":false},"excerpt":{"rendered":"<p>Sidermarine MK40 Hybrid for 1 to 4ton &#8211; Mooring Spring MK 40 Hybrid MK Hybrid sidrena opruga koristi patentirane amortizere<\/p>\n","protected":false},"featured_media":5949200,"comment_status":"closed","ping_status":"closed","template":"","meta":[],"product_brand":[3386],"product_cat":[1624],"product_tag":[],"class_list":{"0":"post-3693644","1":"product","2":"type-product","3":"status-publish","4":"has-post-thumbnail","6":"product_brand-sidermarine-hr","7":"product_cat-amortizeri-za-konope-za-vez","9":"first","10":"instock","11":"shipping-taxable","12":"purchasable","13":"product-type-simple"},"_links":{"self":[{"href":"https:\/\/stoic-curie.212-227-153-4.plesk.page\/hr\/wp-json\/wp\/v2\/product\/3693644","targetHints":{"allow":["GET"]}}],"collection":[{"href":"https:\/\/stoic-curie.212-227-153-4.plesk.page\/hr\/wp-json\/wp\/v2\/product"}],"about":[{"href":"https:\/\/stoic-curie.212-227-153-4.plesk.page\/hr\/wp-json\/wp\/v2\/types\/product"}],"replies":[{"embeddable":true,"href":"https:\/\/stoic-curie.212-227-153-4.plesk.page\/hr\/wp-json\/wp\/v2\/comments?post=3693644"}],"version-history":[{"count":0,"href":"https:\/\/stoic-curie.212-227-153-4.plesk.page\/hr\/wp-json\/wp\/v2\/product\/3693644\/revisions"}],"wp:featuredmedia":[{"embeddable":true,"href":"https:\/\/stoic-curie.212-227-153-4.plesk.page\/hr\/wp-json\/wp\/v2\/media\/5949200"}],"wp:attachment":[{"href":"https:\/\/stoic-curie.212-227-153-4.plesk.page\/hr\/wp-json\/wp\/v2\/media?parent=3693644"}],"wp:term":[{"taxonomy":"product_brand","embeddable":true,"href":"https:\/\/stoic-curie.212-227-153-4.plesk.page\/hr\/wp-json\/wp\/v2\/product_brand?post=3693644"},{"taxonomy":"product_cat","embeddable":true,"href":"https:\/\/stoic-curie.212-227-153-4.plesk.page\/hr\/wp-json\/wp\/v2\/product_cat?post=3693644"},{"taxonomy":"product_tag","embeddable":true,"href":"https:\/\/stoic-curie.212-227-153-4.plesk.page\/hr\/wp-json\/wp\/v2\/product_tag?post=3693644"}],"curies":[{"name":"wp","href":"https:\/\/api.w.org\/{rel}","templated":true}]}}