{"id":3693645,"date":"2025-10-13T13:56:00","date_gmt":"2025-10-13T17:56:00","guid":{"rendered":"https:\/\/stoic-curie.212-227-153-4.plesk.page\/product\/sidermarine-mk75-flex-za-150-do-300-tona\/"},"modified":"2026-02-25T00:01:26","modified_gmt":"2026-02-25T00:01:26","slug":"sidermarine-mk75-flex-za-150-do-300-tona","status":"publish","type":"product","link":"https:\/\/stoic-curie.212-227-153-4.plesk.page\/hr\/product\/sidermarine-mk75-flex-za-150-do-300-tona\/","title":{"rendered":"Sidermarine MK75 Flex za 150 do 300 tona"},"content":{"rendered":"<p>Sidermarine MK75 Flex za 150 do 300 tona &#8211; <\/p>\n<p style=\"color: rgb(34, 34, 34); font-family: Arial, Helvetica, sans-serif; font-size: small;\">MK75 FLEX sidro za vezove dizajnirano je za plovila te\u017eine izme\u0111u 150 i 300 tona. Njegov jedinstveni centralni elastomer u obliku &#8220;BARELA&#8221; u\u010dinkovito apsorbira visoke optere\u0107enja, osiguravaju\u0107i glatko iskustvo na vodi.<\/p>\n<p style=\"color: rgb(34, 34, 34); font-family: Arial, Helvetica, sans-serif; font-size: small;\">Klju\u010dne zna\u010dajke uklju\u010duju:<\/p>\n<ul style=\"color: rgb(34, 34, 34); font-family: Arial, Helvetica, sans-serif; font-size: small;\">\n<li>Progresivna sila prigu\u0161enja za pobolj\u0161anu u\u010dinkovitost<\/li>\n<li>Be\u0161umni rad, smanjuju\u0107i buku tijekom kori\u0161tenja<\/li>\n<li>Unutarnji dijelovi od nehr\u0111aju\u0107eg \u010delika AISI 316L, bez zavarenih dijelova<\/li>\n<li>Pouzdana izvedba u \u0161irokom temperaturnom rasponu, od -20\u00b0 do +80\u00b0<\/li>\n<\/ul>\n<p style=\"color: rgb(34, 34, 34); font-family: Arial, Helvetica, sans-serif; font-size: small;\">Patentirani MK75 FLEX amortizer posebno je izra\u0111en za te\u0161ke plovila, s geometrijom centralnog elastomera koja mo\u017ee podnijeti zna\u010dajna optere\u0107enja. Ovaj dizajn je idealan za pristani\u0161ta i megajahte, pru\u017eaju\u0107i izvanredno ubla\u017eavanje za plovila do 300 tona.<\/p>\n<p style=\"color: rgb(34, 34, 34); font-family: Arial, Helvetica, sans-serif; font-size: small;\">Dodatne prednosti uklju\u010duju:<\/p>\n<ul style=\"color: rgb(34, 34, 34); font-family: Arial, Helvetica, sans-serif; font-size: small;\">\n<li>Kvalitetni materijali za trajnost<\/li>\n<li>Jedinstven be\u0161umni rad<\/li>\n<li>Izvrsna modularna kapacitet ubla\u017eavanja<\/li>\n<li>Laka odr\u017eavanje, omogu\u0107uju\u0107i vlasnicima jednostavno odr\u017eavanje<\/li>\n<\/ul>\n<p style=\"color: rgb(34, 34, 34); font-family: Arial, Helvetica, sans-serif; font-size: small;\">MK75 FLEX u\u010dinkovito radi u ekstremnim temperaturama, osiguravaju\u0107i dosljednu izvedbu neovisno o uvjetima.<\/p>\n<p style=\"color: rgb(34, 34, 34); font-family: Arial, Helvetica, sans-serif; font-size: small;\">Specifikacije:<\/p>\n<ul style=\"color: rgb(34, 34, 34); font-family: Arial, Helvetica, sans-serif; font-size: small;\">\n<li>Dimenzije: 108 x 474 mm (4.25 x 1.66 in\u010da)<\/li>\n<li>Te\u017eina: 5.60 kg (12.35 lbs)<\/li>\n<li>Pogodno za plovila te\u017eine od 150 do 300 tona.<\/li>\n<\/ul>\n","protected":false},"excerpt":{"rendered":"<p>Sidermarine MK75 Flex za 150 do 300 tona &#8211; MK75 FLEX sidro za vezove dizajnirano je za plovila te\u017eine izme\u0111u<\/p>\n","protected":false},"featured_media":5949201,"comment_status":"closed","ping_status":"closed","template":"","meta":[],"product_brand":[3386],"product_cat":[1624],"product_tag":[],"class_list":{"0":"post-3693645","1":"product","2":"type-product","3":"status-publish","4":"has-post-thumbnail","6":"product_brand-sidermarine-hr","7":"product_cat-amortizeri-za-konope-za-vez","9":"first","10":"instock","11":"shipping-taxable","12":"purchasable","13":"product-type-simple"},"_links":{"self":[{"href":"https:\/\/stoic-curie.212-227-153-4.plesk.page\/hr\/wp-json\/wp\/v2\/product\/3693645","targetHints":{"allow":["GET"]}}],"collection":[{"href":"https:\/\/stoic-curie.212-227-153-4.plesk.page\/hr\/wp-json\/wp\/v2\/product"}],"about":[{"href":"https:\/\/stoic-curie.212-227-153-4.plesk.page\/hr\/wp-json\/wp\/v2\/types\/product"}],"replies":[{"embeddable":true,"href":"https:\/\/stoic-curie.212-227-153-4.plesk.page\/hr\/wp-json\/wp\/v2\/comments?post=3693645"}],"version-history":[{"count":0,"href":"https:\/\/stoic-curie.212-227-153-4.plesk.page\/hr\/wp-json\/wp\/v2\/product\/3693645\/revisions"}],"wp:featuredmedia":[{"embeddable":true,"href":"https:\/\/stoic-curie.212-227-153-4.plesk.page\/hr\/wp-json\/wp\/v2\/media\/5949201"}],"wp:attachment":[{"href":"https:\/\/stoic-curie.212-227-153-4.plesk.page\/hr\/wp-json\/wp\/v2\/media?parent=3693645"}],"wp:term":[{"taxonomy":"product_brand","embeddable":true,"href":"https:\/\/stoic-curie.212-227-153-4.plesk.page\/hr\/wp-json\/wp\/v2\/product_brand?post=3693645"},{"taxonomy":"product_cat","embeddable":true,"href":"https:\/\/stoic-curie.212-227-153-4.plesk.page\/hr\/wp-json\/wp\/v2\/product_cat?post=3693645"},{"taxonomy":"product_tag","embeddable":true,"href":"https:\/\/stoic-curie.212-227-153-4.plesk.page\/hr\/wp-json\/wp\/v2\/product_tag?post=3693645"}],"curies":[{"name":"wp","href":"https:\/\/api.w.org\/{rel}","templated":true}]}}