{"id":3693646,"date":"2025-10-13T13:56:01","date_gmt":"2025-10-13T17:56:01","guid":{"rendered":"https:\/\/stoic-curie.212-227-153-4.plesk.page\/product\/samovozna-pumpa-tellarini-i-30\/"},"modified":"2026-02-25T00:01:26","modified_gmt":"2026-02-25T00:01:26","slug":"samovozna-pumpa-tellarini-i-30","status":"publish","type":"product","link":"https:\/\/stoic-curie.212-227-153-4.plesk.page\/hr\/product\/samovozna-pumpa-tellarini-i-30\/","title":{"rendered":"Samovozna Pumpa Tellarini I 30"},"content":{"rendered":"<p>Samovozna Pumpa Tellarini I 30 &#8211; <\/p>\n<p style=\"color: rgb(34, 34, 34); font-family: Arial, Helvetica, sans-serif; font-size: small;\">Otkrijte idealno rje\u0161enje za usisavanje i prijenos teku\u0107ina, s robusnim samopro\u010di\u0161\u0107avanjem, mogu\u0107no\u0161\u0107u rada \u010dak i pri prekinutom prisustvu teku\u0107ine, te obrnutoj struji. I serija je izra\u0111ena od mesinga CB754S s nehr\u0111aju\u0107om \u010deli\u010dnom osovinom. Ovaj model uklju\u010duje potporu i remenicu za jednostavno spajanje motora. Obavezno procijenite kompatibilnost i odaberite prave brtve za va\u0161u specifi\u010dnu primjenu.<\/p>\n<p style=\"color: rgb(34, 34, 34); font-family: Arial, Helvetica, sans-serif; font-size: small;\">Ovaj proizvod posebno je prikladan za:<\/p>\n<ul style=\"color: rgb(34, 34, 34); font-family: Arial, Helvetica, sans-serif; font-size: small;\">\n<li>Pomorske primjene (praznjenje, usluge, hla\u0111enje, pranje, morska voda)<\/li>\n<li>Poljoprivredu (fungicidi, teku\u0107i gnojiva, dijelovi poljoprivrednih strojeva, navodnjavanje)<\/li>\n<li>Transport (cisterne, cestovni strojevi, sustavi za vodoopskrbu na brodovima)<\/li>\n<\/ul>\n<p style=\"color: rgb(34, 34, 34); font-family: Arial, Helvetica, sans-serif; font-size: small;\"><strong>Hidrauli\u010dke specifikacije:<\/strong><\/p>\n<ul style=\"color: rgb(34, 34, 34); font-family: Arial, Helvetica, sans-serif; font-size: small;\">\n<li> Maksimalni kapacitet: 166 litara\/min<\/li>\n<li>Maksimalna visina: 65 metara<\/li>\n<li>Brtva osovine: brtva<\/li>\n<li>Maksimalna visina samopro\u010di\u0161\u0107avanja: 6 metara<\/li>\n<li>Navojne priklju\u010dke: 1\u00bd in\u010da<\/li>\n<li>Maksimalna gusto\u0107a teku\u0107ine: 1,1 g\/cm\u00b3 (slobodno od tvrdih \u010destica)<\/li>\n<li>Maksimalna temperatura: 90\u00b0C<\/li>\n<li>Nije pogodna za agresivne teku\u0107ine koje mogu o\u0161tetiti materijale pumpe i brtve (pogledajte tehni\u010dke specifikacije)<\/li>\n<li>Nije namijenjena za prijenos benzina, otapala ili upotrebu u eksplozivnim i zapaljivim okoli\u0161ima<\/li>\n<li>Mogu\u0107nost obrnute struje pumpe<\/li>\n<li>5 Kategorija mesinganih priklju\u010daka za crijevo za 30 mm cijevi (jedan ravni i jedan zakrivljeni)<\/li>\n<li>Mo\u017ee raditi kratko vrijeme sa zatvorenim cijevima<\/li>\n<li>Pumpa se mora napuniti teku\u0107inom tijekom ugradnje; ovaj korak nije potreban kasnije<\/li>\n<\/ul>\n<p style=\"color: rgb(34, 34, 34); font-family: Arial, Helvetica, sans-serif; font-size: small;\"><strong>Tehni\u010dke specifikacije:<\/strong><\/p>\n<ul style=\"color: rgb(34, 34, 34); font-family: Arial, Helvetica, sans-serif; font-size: small;\">\n<li>Pripremljeno za povezivanje putem remenice 1A72<\/li>\n<\/ul>\n<p style=\"color: rgb(34, 34, 34); font-family: Arial, Helvetica, sans-serif; font-size: small;\"><strong>Materijali:<\/strong><\/p>\n<ul style=\"color: rgb(34, 34, 34); font-family: Arial, Helvetica, sans-serif; font-size: small;\">\n<li>Dijelovi pumpe: mesing<\/li>\n<li>Osovina: AISI 304<\/li>\n<li>Pumpni kota\u010d: mesing<\/li>\n<li>Brtve: NBR<\/li>\n<\/ul>\n<p style=\"color: rgb(34, 34, 34); font-family: Arial, Helvetica, sans-serif; font-size: small;\"><strong>Odlike pumpe:<\/strong><\/p>\n<ul style=\"color: rgb(34, 34, 34); font-family: Arial, Helvetica, sans-serif; font-size: small;\">\n<li>Priklju\u010dci: 1\u00bd in\u010da<\/li>\n<li>Priklju\u010dak crijeva: 30 mm<\/li>\n<li>Sposobnost samopro\u010di\u0161\u0107avanja: 6 metara<\/li>\n<li>Maksimalna brzina protoka: 166 litara\/min<\/li>\n<li>Maksimalna visina: 65 metara<\/li>\n<\/ul>\n<p style=\"color: rgb(34, 34, 34); font-family: Arial, Helvetica, sans-serif; font-size: small;\"><strong>Ukupne dimenzije:<\/strong><\/p>\n<ul style=\"color: rgb(34, 34, 34); font-family: Arial, Helvetica, sans-serif; font-size: small;\">\n<li>\u0160irina: 298 mm<\/li>\n<li>Duljina: 158 mm<\/li>\n<li>Visina: 180 mm<\/li>\n<li>Te\u017eina: 6,4 kg<\/li>\n<\/ul>\n","protected":false},"excerpt":{"rendered":"<p>Samovozna Pumpa Tellarini I 30 &#8211; Otkrijte idealno rje\u0161enje za usisavanje i prijenos teku\u0107ina, s robusnim samopro\u010di\u0161\u0107avanjem, mogu\u0107no\u0161\u0107u rada \u010dak<\/p>\n","protected":false},"featured_media":5949202,"comment_status":"closed","ping_status":"closed","template":"","meta":[],"product_brand":[2976],"product_cat":[1809],"product_tag":[],"class_list":{"0":"post-3693646","1":"product","2":"type-product","3":"status-publish","4":"has-post-thumbnail","6":"product_brand-gianneschi-hr","7":"product_cat-pumpe-za-hladenje-motora","9":"first","10":"instock","11":"shipping-taxable","12":"purchasable","13":"product-type-simple"},"_links":{"self":[{"href":"https:\/\/stoic-curie.212-227-153-4.plesk.page\/hr\/wp-json\/wp\/v2\/product\/3693646","targetHints":{"allow":["GET"]}}],"collection":[{"href":"https:\/\/stoic-curie.212-227-153-4.plesk.page\/hr\/wp-json\/wp\/v2\/product"}],"about":[{"href":"https:\/\/stoic-curie.212-227-153-4.plesk.page\/hr\/wp-json\/wp\/v2\/types\/product"}],"replies":[{"embeddable":true,"href":"https:\/\/stoic-curie.212-227-153-4.plesk.page\/hr\/wp-json\/wp\/v2\/comments?post=3693646"}],"version-history":[{"count":0,"href":"https:\/\/stoic-curie.212-227-153-4.plesk.page\/hr\/wp-json\/wp\/v2\/product\/3693646\/revisions"}],"wp:featuredmedia":[{"embeddable":true,"href":"https:\/\/stoic-curie.212-227-153-4.plesk.page\/hr\/wp-json\/wp\/v2\/media\/5949202"}],"wp:attachment":[{"href":"https:\/\/stoic-curie.212-227-153-4.plesk.page\/hr\/wp-json\/wp\/v2\/media?parent=3693646"}],"wp:term":[{"taxonomy":"product_brand","embeddable":true,"href":"https:\/\/stoic-curie.212-227-153-4.plesk.page\/hr\/wp-json\/wp\/v2\/product_brand?post=3693646"},{"taxonomy":"product_cat","embeddable":true,"href":"https:\/\/stoic-curie.212-227-153-4.plesk.page\/hr\/wp-json\/wp\/v2\/product_cat?post=3693646"},{"taxonomy":"product_tag","embeddable":true,"href":"https:\/\/stoic-curie.212-227-153-4.plesk.page\/hr\/wp-json\/wp\/v2\/product_tag?post=3693646"}],"curies":[{"name":"wp","href":"https:\/\/api.w.org\/{rel}","templated":true}]}}