{"id":3693649,"date":"2025-10-13T13:56:01","date_gmt":"2025-10-13T17:56:01","guid":{"rendered":"https:\/\/stoic-curie.212-227-153-4.plesk.page\/product\/elektromagnetna-spojka-pumpa-tellarini-ife-25-12\/"},"modified":"2026-02-25T00:01:26","modified_gmt":"2026-02-25T00:01:26","slug":"elektromagnetna-spojka-pumpa-tellarini-ife-25-12","status":"publish","type":"product","link":"https:\/\/stoic-curie.212-227-153-4.plesk.page\/hr\/product\/elektromagnetna-spojka-pumpa-tellarini-ife-25-12\/","title":{"rendered":"Elektromagnetna spojka pumpa Tellarini IFE 25-12"},"content":{"rendered":"<p>Elektromagnetna spojka pumpa Tellarini IFE 25-12 &#8211; <\/p>\n<p style=\"color: rgb(34, 34, 34); font-family: Arial, Helvetica, sans-serif; font-size: small;\">Ova pumpa djeluje u\u010dinkovito \u010dak i u slu\u010dajevima povremene opskrbe teku\u0107inom i omogu\u0107ava obrnuti protok. IFE serija pa\u017eljivo je izra\u0111ena od mesinga CB754S, a prati je osovina od nehr\u0111aju\u0107eg \u010delika. Njen dizajn uklju\u010duje potporu i remenicu za olak\u0161anu spajanje s motorom. Elektromagnetska spojka, strate\u0161ki smje\u0161tena izme\u0111u remenice i osovine, omogu\u0107ava povezivanje pumpe s radnim motorom, \u0161to omogu\u0107ava daljinsko upravljanje njezinim uklju\u010divanjem i isklju\u010divanjem putem jednostavnog prekida\u010da. Bitno je provjeriti kompatibilnost i odabrati odgovaraju\u0107e brtve za svaku specifi\u010dnu primjenu.<\/p>\n<p style=\"color: rgb(34, 34, 34); font-family: Arial, Helvetica, sans-serif; font-size: small;\">Ovaj proizvod je posebno prikladan za sljede\u0107e primjene:<\/p>\n<ul style=\"color: rgb(34, 34, 34); font-family: Arial, Helvetica, sans-serif; font-size: small;\">\n<li>Nauti\u010dke primjene (buran, usluge, hla\u0111enje, pranje, morska voda)<\/li>\n<li>Poljoprivreda (fungicidi, teku\u0107a gnojiva, dijelovi za poljoprivredne strojeve, navodnjavanje)<\/li>\n<li>Transport (tankeri, cestovni strojevi, sustavi za vodu na brodu)<\/li>\n<\/ul>\n<p style=\"color: rgb(34, 34, 34); font-family: Arial, Helvetica, sans-serif; font-size: small;\"><strong>Hidrauli\u010dke specifikacije:<\/strong><\/p>\n<ul style=\"color: rgb(34, 34, 34); font-family: Arial, Helvetica, sans-serif; font-size: small;\">\n<li>Maksimalni kapacitet: 97 litara u minuti<\/li>\n<li>Maksimalna visina: 45 metara<\/li>\n<li>Brava osovine: Da<\/li>\n<li>Maksimalna visina za primanje: 6 metara<\/li>\n<li>Navojni priklju\u010dci: 1 in\u010d<\/li>\n<li>Maksimalna gusto\u0107a teku\u0107ine: 1,1 g\/cm\u00b3 (slobodno od tvrdih \u010destica)<\/li>\n<li>Maksimalna temperatura: 90\u00b0C<\/li>\n<li>Nije pogodna za agresivne teku\u0107ine koje mogu kompromitirati materijale pumpe i brtvila (molimo provjerite tehni\u010dke specifikacije)<\/li>\n<li>Nije namijenjena za prijenos benzina, otapala ili za upotrebu u eksplozivnim i zapaljivim okru\u017eenjima<\/li>\n<li>Osposobljenost za obrnuti protok pumpe<\/li>\n<li>Uklju\u010duje par mesinganih priklju\u010daka za crijeva za cijevi promjera 25 mm (jedan ravni i jedan zakrivljeni)<\/li>\n<li>Mo\u017ee raditi kratke periode sa zatvorenim cijevima<\/li>\n<li>Pumpa mora biti napunjena teku\u0107inom tijekom instalacije; ovaj korak nije potreban nakon toga<\/li>\n<\/ul>\n<p style=\"color: rgb(34, 34, 34); font-family: Arial, Helvetica, sans-serif; font-size: small;\"><strong>Tehni\u010dke specifikacije:<\/strong><\/p>\n<ul style=\"color: rgb(34, 34, 34); font-family: Arial, Helvetica, sans-serif; font-size: small;\">\n<li>Dizajnirana za povezivanje putem remenice 1Z120<\/li>\n<li>Posjeduje elektromagnetsku spojku od 12V DC za daljinsko upravljanje uklju\u010divanjem i isklju\u010divanjem pumpe<\/li>\n<\/ul>\n<p style=\"color: rgb(34, 34, 34); font-family: Arial, Helvetica, sans-serif; font-size: small;\"><strong>Materijali:<\/strong><\/p>\n<ul style=\"color: rgb(34, 34, 34); font-family: Arial, Helvetica, sans-serif; font-size: small;\">\n<li>Djelo pumpe: Messing<\/li>\n<li>Osovina: AISI 304<\/li>\n<li>Impeler: Messing<\/li>\n<li>Brtve: NBR<\/li>\n<\/ul>\n<p style=\"color: rgb(34, 34, 34); font-family: Arial, Helvetica, sans-serif; font-size: small;\"><strong>Zna\u010dajke pumpe:<\/strong><\/p>\n<ul style=\"color: rgb(34, 34, 34); font-family: Arial, Helvetica, sans-serif; font-size: small;\">\n<li>Priklju\u010dci: 1 in\u010d<\/li>\n<li>Priklju\u010dak za crijevo: 25 mm<\/li>\n<li>Kapacitet puhanja: 6 metara<\/li>\n<li>Maksimalna brzina protoka: 97 litara u minuti<\/li>\n<li>Maksimalna visina: 45 metara<\/li>\n<\/ul>\n<p style=\"color: rgb(34, 34, 34); font-family: Arial, Helvetica, sans-serif; font-size: small;\"><strong>Ukupne dimenzije:<\/strong><\/p>\n<ul style=\"color: rgb(34, 34, 34); font-family: Arial, Helvetica, sans-serif; font-size: small;\">\n<li>\u0160irina: 212 mm<\/li>\n<li>Du\u017eina: 126 mm<\/li>\n<li>Visina: 146 mm<\/li>\n<li>Te\u017eina: 5,4 kg<\/li>\n<\/ul>\n","protected":false},"excerpt":{"rendered":"<p>Elektromagnetna spojka pumpa Tellarini IFE 25-12 &#8211; Ova pumpa djeluje u\u010dinkovito \u010dak i u slu\u010dajevima povremene opskrbe teku\u0107inom i omogu\u0107ava<\/p>\n","protected":false},"featured_media":5946619,"comment_status":"closed","ping_status":"closed","template":"","meta":[],"product_brand":[2976],"product_cat":[1809],"product_tag":[],"class_list":{"0":"post-3693649","1":"product","2":"type-product","3":"status-publish","4":"has-post-thumbnail","6":"product_brand-gianneschi-hr","7":"product_cat-pumpe-za-hladenje-motora","9":"first","10":"outofstock","11":"shipping-taxable","12":"purchasable","13":"product-type-simple"},"_links":{"self":[{"href":"https:\/\/stoic-curie.212-227-153-4.plesk.page\/hr\/wp-json\/wp\/v2\/product\/3693649","targetHints":{"allow":["GET"]}}],"collection":[{"href":"https:\/\/stoic-curie.212-227-153-4.plesk.page\/hr\/wp-json\/wp\/v2\/product"}],"about":[{"href":"https:\/\/stoic-curie.212-227-153-4.plesk.page\/hr\/wp-json\/wp\/v2\/types\/product"}],"replies":[{"embeddable":true,"href":"https:\/\/stoic-curie.212-227-153-4.plesk.page\/hr\/wp-json\/wp\/v2\/comments?post=3693649"}],"version-history":[{"count":0,"href":"https:\/\/stoic-curie.212-227-153-4.plesk.page\/hr\/wp-json\/wp\/v2\/product\/3693649\/revisions"}],"wp:featuredmedia":[{"embeddable":true,"href":"https:\/\/stoic-curie.212-227-153-4.plesk.page\/hr\/wp-json\/wp\/v2\/media\/5946619"}],"wp:attachment":[{"href":"https:\/\/stoic-curie.212-227-153-4.plesk.page\/hr\/wp-json\/wp\/v2\/media?parent=3693649"}],"wp:term":[{"taxonomy":"product_brand","embeddable":true,"href":"https:\/\/stoic-curie.212-227-153-4.plesk.page\/hr\/wp-json\/wp\/v2\/product_brand?post=3693649"},{"taxonomy":"product_cat","embeddable":true,"href":"https:\/\/stoic-curie.212-227-153-4.plesk.page\/hr\/wp-json\/wp\/v2\/product_cat?post=3693649"},{"taxonomy":"product_tag","embeddable":true,"href":"https:\/\/stoic-curie.212-227-153-4.plesk.page\/hr\/wp-json\/wp\/v2\/product_tag?post=3693649"}],"curies":[{"name":"wp","href":"https:\/\/api.w.org\/{rel}","templated":true}]}}