{"id":3693650,"date":"2025-10-13T13:56:01","date_gmt":"2025-10-13T17:56:01","guid":{"rendered":"https:\/\/stoic-curie.212-227-153-4.plesk.page\/product\/elektromagnetska-spojka-pumpe-tellarini-ife-25-24\/"},"modified":"2026-02-25T00:01:26","modified_gmt":"2026-02-25T00:01:26","slug":"elektromagnetska-spojka-pumpe-tellarini-ife-25-24","status":"publish","type":"product","link":"https:\/\/stoic-curie.212-227-153-4.plesk.page\/hr\/product\/elektromagnetska-spojka-pumpe-tellarini-ife-25-24\/","title":{"rendered":"Elektromagnetska spojka pumpe Tellarini IFE 25-24"},"content":{"rendered":"<p>Elektromagnetska spojka pumpe Tellarini IFE 25-24 &#8211; <\/p>\n<p style=\"color: rgb(34, 34, 34); font-family: Arial, Helvetica, sans-serif; font-size: small;\">Sretni smo \u0161to mo\u017eemo predstaviti idealno rje\u0161enje za usisavanje i prijenos teku\u0107ina, koje se odlikuje sna\u017enim samousisnim osobinama. Ova pumpa u\u010dinkovito djeluje \u010dak i kada je opskrba teku\u0107inom neujedna\u010dena i omogu\u0107ava obrnuti protok. IFE serija pa\u017eljivo je izra\u0111ena od CB754S mesinga, oboga\u0107ena osovinom od nehr\u0111aju\u0107eg \u010delika. Njegov dizajn uklju\u010duje sustav podr\u0161ke i remenice kako bi osigurao glatko povezivanje motora. Elektromagnetna spojka, strate\u0161ki smje\u0161tena izme\u0111u remenice i osovine, omogu\u0107ava pumpi da se pove\u017ee s operativnim motorom, \u0161to omogu\u0107ava daljinsko upravljanje njenom aktivacijom i deaktivacijom putem jednostavnog prekida\u010da. Klju\u010dno je potvrditi kompatibilnost i odabrati ispravne brtvila za svaku jedinstvenu primjenu.<\/p>\n<p style=\"color: rgb(34, 34, 34); font-family: Arial, Helvetica, sans-serif; font-size: small;\">Ovaj proizvod posebno je prikladan za sljede\u0107e namjene:<\/p>\n<ul style=\"color: rgb(34, 34, 34); font-family: Arial, Helvetica, sans-serif; font-size: small;\">\n<li>Pomorske primjene (brodski ispumpavanje, usluge, hla\u0111enje, pranje, morska voda)<\/li>\n<li>Poljoprivredne svrhe (fungicidi, teku\u0107i gnojivi, komponente za poljoprivredne strojeve, navodnjavanje)<\/li>\n<li>Transport (cisterni, cestovna mehanizacija, sustavi za vodu na brodu)<\/li>\n<\/ul>\n<p style=\"color: rgb(34, 34, 34); font-family: Arial, Helvetica, sans-serif; font-size: small;\"><strong>Hidrauli\u010dne specifikacije:<\/strong><\/p>\n<ul style=\"color: rgb(34, 34, 34); font-family: Arial, Helvetica, sans-serif; font-size: small;\">\n<li>Maksimalni protok: 97 litara u minuti<\/li>\n<li>Maksimalna visina: 45 metara<\/li>\n<li>Brtvilo osovine: Da<\/li>\n<li>Maksimalna visina usisavanja: 6 metara<\/li>\n<li>Navojni priklju\u010dci: 1 in\u010d<\/li>\n<li>Maksimalna gusto\u0107a teku\u0107ine: 1,1 g\/cm\u00b3 (bez tvrdih \u010destica)<\/li>\n<li>Maksimalna temperatura: 90\u00b0C<\/li>\n<li>Nije prikladno za agresivne teku\u0107ine koje bi mogle o\u0161tetiti materijale pumpe i brtvila (molimo konzultirajte tehni\u010dke specifikacije)<\/li>\n<li>Nije namijenjeno za prijenos benzina, otapala ili za kori\u0161tenje u eksplozivnim i zapaljivim okru\u017eenjima<\/li>\n<li>Omogu\u0107ava reverzibilni protok pumpe<\/li>\n<li>Dolazi s parom mesinganih priklju\u010daka za crijeva promjera 25 mm (jedan ravni i jedan zakrivljeni)<\/li>\n<li>Mo\u017ee raditi kratko vrijeme s zatvorenim cijevima<\/li>\n<li>Pumpa mora biti napunjena teku\u0107inom tijekom instalacije; ovaj korak nije potreban kasnije<\/li>\n<\/ul>\n<p style=\"color: rgb(34, 34, 34); font-family: Arial, Helvetica, sans-serif; font-size: small;\"><strong>Tehni\u010dke specifikacije:<\/strong><\/p>\n<ul style=\"color: rgb(34, 34, 34); font-family: Arial, Helvetica, sans-serif; font-size: small;\">\n<li>Dizajnirana za povezivanje putem remenice 1Z120<\/li>\n<li>Opremeljena 12V DC elektromagnetno upravljanom spojkom za daljinsko upravljanje aktivacijom i deaktivacijom pumpe<\/li>\n<\/ul>\n<p style=\"color: rgb(34, 34, 34); font-family: Arial, Helvetica, sans-serif; font-size: small;\"><strong>Materijali:<\/strong><\/p>\n<ul style=\"color: rgb(34, 34, 34); font-family: Arial, Helvetica, sans-serif; font-size: small;\">\n<li>Komponente pumpe: Messing<\/li>\n<li>Osovina: AISI 304<\/li>\n<li>Impeler: Messing<\/li>\n<li>Brtve: NBR<\/li>\n<\/ul>\n<p style=\"color: rgb(34, 34, 34); font-family: Arial, Helvetica, sans-serif; font-size: small;\"><strong>Zna\u010dajke pumpe:<\/strong><\/p>\n<ul style=\"color: rgb(34, 34, 34); font-family: Arial, Helvetica, sans-serif; font-size: small;\">\n<li>Priklju\u010dci: 1 in\u010d<\/li>\n<li>Priklju\u010dak crijeva: 25 mm<\/li>\n<li>Sposobnost usisavanja: 6 metara<\/li>\n<li>Maksimalni protok: 97 litara u minuti<\/li>\n<li>Maksimalna visina: 45 metara<\/li>\n<\/ul>\n<p style=\"color: rgb(34, 34, 34); font-family: Arial, Helvetica, sans-serif; font-size: small;\"><strong>Ukupne dimenzije:<\/strong><\/p>\n<ul style=\"color: rgb(34, 34, 34); font-family: Arial, Helvetica, sans-serif; font-size: small;\">\n<li>\u0160irina: 212 mm<\/li>\n<li>Duljina: 126 mm<\/li>\n<li>Visina: 146 mm<\/li>\n<li>Te\u017eina: 5,4 kg<\/li>\n<\/ul>\n","protected":false},"excerpt":{"rendered":"<p>Elektromagnetska spojka pumpe Tellarini IFE 25-24 &#8211; Sretni smo \u0161to mo\u017eemo predstaviti idealno rje\u0161enje za usisavanje i prijenos teku\u0107ina, koje<\/p>\n","protected":false},"featured_media":5946619,"comment_status":"closed","ping_status":"closed","template":"","meta":[],"product_brand":[2976],"product_cat":[1809],"product_tag":[],"class_list":{"0":"post-3693650","1":"product","2":"type-product","3":"status-publish","4":"has-post-thumbnail","6":"product_brand-gianneschi-hr","7":"product_cat-pumpe-za-hladenje-motora","9":"first","10":"outofstock","11":"shipping-taxable","12":"purchasable","13":"product-type-simple"},"_links":{"self":[{"href":"https:\/\/stoic-curie.212-227-153-4.plesk.page\/hr\/wp-json\/wp\/v2\/product\/3693650","targetHints":{"allow":["GET"]}}],"collection":[{"href":"https:\/\/stoic-curie.212-227-153-4.plesk.page\/hr\/wp-json\/wp\/v2\/product"}],"about":[{"href":"https:\/\/stoic-curie.212-227-153-4.plesk.page\/hr\/wp-json\/wp\/v2\/types\/product"}],"replies":[{"embeddable":true,"href":"https:\/\/stoic-curie.212-227-153-4.plesk.page\/hr\/wp-json\/wp\/v2\/comments?post=3693650"}],"version-history":[{"count":0,"href":"https:\/\/stoic-curie.212-227-153-4.plesk.page\/hr\/wp-json\/wp\/v2\/product\/3693650\/revisions"}],"wp:featuredmedia":[{"embeddable":true,"href":"https:\/\/stoic-curie.212-227-153-4.plesk.page\/hr\/wp-json\/wp\/v2\/media\/5946619"}],"wp:attachment":[{"href":"https:\/\/stoic-curie.212-227-153-4.plesk.page\/hr\/wp-json\/wp\/v2\/media?parent=3693650"}],"wp:term":[{"taxonomy":"product_brand","embeddable":true,"href":"https:\/\/stoic-curie.212-227-153-4.plesk.page\/hr\/wp-json\/wp\/v2\/product_brand?post=3693650"},{"taxonomy":"product_cat","embeddable":true,"href":"https:\/\/stoic-curie.212-227-153-4.plesk.page\/hr\/wp-json\/wp\/v2\/product_cat?post=3693650"},{"taxonomy":"product_tag","embeddable":true,"href":"https:\/\/stoic-curie.212-227-153-4.plesk.page\/hr\/wp-json\/wp\/v2\/product_tag?post=3693650"}],"curies":[{"name":"wp","href":"https:\/\/api.w.org\/{rel}","templated":true}]}}