{"id":3693651,"date":"2025-10-13T13:56:02","date_gmt":"2025-10-13T17:56:02","guid":{"rendered":"https:\/\/stoic-curie.212-227-153-4.plesk.page\/product\/elektromagnetska-spojka-pumpa-tellarini-ife-30-24\/"},"modified":"2026-02-25T00:01:26","modified_gmt":"2026-02-25T00:01:26","slug":"elektromagnetska-spojka-pumpa-tellarini-ife-30-24","status":"publish","type":"product","link":"https:\/\/stoic-curie.212-227-153-4.plesk.page\/hr\/product\/elektromagnetska-spojka-pumpa-tellarini-ife-30-24\/","title":{"rendered":"Elektromagnetska spojka pumpa Tellarini IFE 30-24"},"content":{"rendered":"<p>Elektromagnetska spojka pumpa Tellarini IFE 30-24 &#8211; <\/p>\n<p style=\"color: rgb(34, 34, 34); font-family: Arial, Helvetica, sans-serif; font-size: small;\">Ova pumpa opremljena je bronze impelerom i nehr\u0111aju\u0107om osovinom, a posjeduje elektromagnetsku spojku. Rade maksimalnom brzinom od 2900 okretaja u minuti i sposobna je posti\u0107i podizanje od 65 metara pri 1400 okretaja u minuti.<\/p>\n<p style=\"color: rgb(34, 34, 34); font-family: Arial, Helvetica, sans-serif; font-size: small;\">Dizajnirana za primjene u slatkoj i slanoj vodi, ova pumpa izvrsno djeluje u usisavanju i prijenosu teku\u0107ina. Njena robusna samousisna funkcija omogu\u0107ava rad \u010dak i kada je opskrba teku\u0107inom isprekidana, a nudi i svestranost obrnute struje. IFE serija konstruirana je od bron\u010de CB754S i uklju\u010duje osovinu od nehr\u0111aju\u0107eg \u010delika. Model dolazi s podr\u0161kom i remenom za jednostavno povezivanje s motorom. Elektromagnetska spojka, smje\u0161tena izme\u0111u remena i osovine, olak\u0161ava daljinsko upravljanje uklju\u010divanjem i isklju\u010divanjem pumpe putem jednostavnog prekida\u010da. Va\u017eno je provjeriti kompatibilnost i odabrati odgovaraju\u0107e brtve za svaku specifi\u010dnu primjenu.<\/p>\n<p style=\"color: rgb(34, 34, 34); font-family: Arial, Helvetica, sans-serif; font-size: small;\"><strong>Idealne primjene:<\/strong><\/p>\n<ul style=\"color: rgb(34, 34, 34); font-family: Arial, Helvetica, sans-serif; font-size: small;\">\n<li><strong>Nautika:<\/strong> ispumpavanje, servis, hla\u0111enje, pranje i primjene u morskoj vodi.<\/li>\n<li><strong>Poljoprivreda:<\/strong> fungicidi, teku\u0107a gnojiva, dijelovi poljoprivredne mehanizacije i navodnjavanje.<\/li>\n<li><strong>Transport:<\/strong> tankeri, ceste ma\u0161ine i sustavi za vodu na brodu.<\/li>\n<\/ul>\n<p style=\"color: rgb(34, 34, 34); font-family: Arial, Helvetica, sans-serif; font-size: small;\"><strong>Hidrauli\u010dke specifikacije:<\/strong><\/p>\n<ul style=\"color: rgb(34, 34, 34); font-family: Arial, Helvetica, sans-serif; font-size: small;\">\n<li>Maksimalni kapacitet: 166 litara u minuti<\/li>\n<li>Maksimalna visina podizanja: 65 metara<\/li>\n<li>Brtva osovine: Da<\/li>\n<li>Maksimalna visina usisavanja: 6 metara<\/li>\n<li>Navojni priklju\u010dci: 1&#8243;\u00bd<\/li>\n<li>Maksimalna gusto\u0107a teku\u0107ine: 1.1 g\/cm\u00b3 (slobodno od tvrdih \u010destica)<\/li>\n<li>Maksimalna temperatura: 90\u00b0C<\/li>\n<li>Neprikladno za agresivne teku\u0107ine koje mogu o\u0161tetiti materijale pumpe i brtve (molimo provjerite tehni\u010dke specifikacije).<\/li>\n<li>Neprimjereno za prijenos benzina, otapala ili u sredinama s rizikom od eksplozije i po\u017eara.<\/li>\n<li>Mo\u017ee stvarati obrnuti protok teku\u0107ine.<\/li>\n<li>Uklju\u010duje par bron\u010danih nastavaka za creva za cijevi promjera 30 mm (jedan ravni i jedan zakrivljeni).<\/li>\n<li>Mo\u017ee raditi ograni\u010deno vrijeme s zatvorenim cijevima.<\/li>\n<li>Pumpa mora biti napunjena teku\u0107inom tijekom instalacije; ovaj korak nije potreban nakon toga.<\/li>\n<\/ul>\n<p style=\"color: rgb(34, 34, 34); font-family: Arial, Helvetica, sans-serif; font-size: small;\"><strong>Tehni\u010dke specifikacije:<\/strong><\/p>\n<ul style=\"color: rgb(34, 34, 34); font-family: Arial, Helvetica, sans-serif; font-size: small;\">\n<li>Pripremljena za povezivanje putem remena 2A148.<\/li>\n<li>Posjeduje 12V DC elektromagnetsku spojku izme\u0111u remena i osovine za daljinsko upravljanje uklju\u010divanjem i isklju\u010divanjem pumpe.<\/li>\n<\/ul>\n<p style=\"color: rgb(34, 34, 34); font-family: Arial, Helvetica, sans-serif; font-size: small;\"><strong>Materijali:<\/strong><\/p>\n<ul style=\"color: rgb(34, 34, 34); font-family: Arial, Helvetica, sans-serif; font-size: small;\">\n<li>Dijelovi pumpe: bronca<\/li>\n<li>Osovina: AISI 304<\/li>\n<li>Impeler: bronca<\/li>\n<li>Brtve: NBR<\/li>\n<\/ul>\n<p style=\"color: rgb(34, 34, 34); font-family: Arial, Helvetica, sans-serif; font-size: small;\"><strong>Karakteristike pumpe:<\/strong><\/p>\n<ul style=\"color: rgb(34, 34, 34); font-family: Arial, Helvetica, sans-serif; font-size: small;\">\n<li>Priklju\u010dci: 1&#8243;\u00bd<\/li>\n<li>Promjer priklju\u010dka za crevo: 30 mm<\/li>\n<li>Kapacitet usisavanja: 6 m<\/li>\n<li>Maksimalna protok: 166 litara u minuti<\/li>\n<li>Maksimalna visina: 65 m<\/li>\n<\/ul>\n<p style=\"color: rgb(34, 34, 34); font-family: Arial, Helvetica, sans-serif; font-size: small;\"><strong>Ukupne dimenzije:<\/strong><\/p>\n<ul style=\"color: rgb(34, 34, 34); font-family: Arial, Helvetica, sans-serif; font-size: small;\">\n<li>\u0160irina: 304 mm<\/li>\n<li>Duljina: 158 mm<\/li>\n<li>Visina: 180 mm<\/li>\n<li>Te\u017eina: 11.3 kg<\/li>\n<li><\/li>\n<\/ul>\n","protected":false},"excerpt":{"rendered":"<p>Elektromagnetska spojka pumpa Tellarini IFE 30-24 &#8211; Ova pumpa opremljena je bronze impelerom i nehr\u0111aju\u0107om osovinom, a posjeduje elektromagnetsku spojku.<\/p>\n","protected":false},"featured_media":5946619,"comment_status":"closed","ping_status":"closed","template":"","meta":[],"product_brand":[2976],"product_cat":[1809],"product_tag":[],"class_list":{"0":"post-3693651","1":"product","2":"type-product","3":"status-publish","4":"has-post-thumbnail","6":"product_brand-gianneschi-hr","7":"product_cat-pumpe-za-hladenje-motora","9":"first","10":"instock","11":"shipping-taxable","12":"purchasable","13":"product-type-simple"},"_links":{"self":[{"href":"https:\/\/stoic-curie.212-227-153-4.plesk.page\/hr\/wp-json\/wp\/v2\/product\/3693651","targetHints":{"allow":["GET"]}}],"collection":[{"href":"https:\/\/stoic-curie.212-227-153-4.plesk.page\/hr\/wp-json\/wp\/v2\/product"}],"about":[{"href":"https:\/\/stoic-curie.212-227-153-4.plesk.page\/hr\/wp-json\/wp\/v2\/types\/product"}],"replies":[{"embeddable":true,"href":"https:\/\/stoic-curie.212-227-153-4.plesk.page\/hr\/wp-json\/wp\/v2\/comments?post=3693651"}],"version-history":[{"count":0,"href":"https:\/\/stoic-curie.212-227-153-4.plesk.page\/hr\/wp-json\/wp\/v2\/product\/3693651\/revisions"}],"wp:featuredmedia":[{"embeddable":true,"href":"https:\/\/stoic-curie.212-227-153-4.plesk.page\/hr\/wp-json\/wp\/v2\/media\/5946619"}],"wp:attachment":[{"href":"https:\/\/stoic-curie.212-227-153-4.plesk.page\/hr\/wp-json\/wp\/v2\/media?parent=3693651"}],"wp:term":[{"taxonomy":"product_brand","embeddable":true,"href":"https:\/\/stoic-curie.212-227-153-4.plesk.page\/hr\/wp-json\/wp\/v2\/product_brand?post=3693651"},{"taxonomy":"product_cat","embeddable":true,"href":"https:\/\/stoic-curie.212-227-153-4.plesk.page\/hr\/wp-json\/wp\/v2\/product_cat?post=3693651"},{"taxonomy":"product_tag","embeddable":true,"href":"https:\/\/stoic-curie.212-227-153-4.plesk.page\/hr\/wp-json\/wp\/v2\/product_tag?post=3693651"}],"curies":[{"name":"wp","href":"https:\/\/api.w.org\/{rel}","templated":true}]}}