{"id":3693653,"date":"2025-10-13T13:56:02","date_gmt":"2025-10-13T17:56:02","guid":{"rendered":"https:\/\/stoic-curie.212-227-153-4.plesk.page\/product\/raymarine-p70s\/"},"modified":"2026-02-25T00:01:26","modified_gmt":"2026-02-25T00:01:26","slug":"raymarine-p70s","status":"publish","type":"product","link":"https:\/\/stoic-curie.212-227-153-4.plesk.page\/hr\/product\/raymarine-p70s\/","title":{"rendered":"Raymarine P70S"},"content":{"rendered":"<p>Raymarine P70S &#8211; <\/p>\n<p style=\"color: rgb(34, 34, 34); font-family: Arial, Helvetica, sans-serif; font-size: small;\">Predstavljamo Raymarine p70s kontrolnu jedinicu autopilota, opremljenu LCD ekranom od 3,5 in\u010da s razlu\u010divosti 320&#215;240 piksela. Ovaj prikaz pru\u017ea \u017eivopisne boje i izvanrednu vidljivost, bez obzira na vremenske uvjete. Intuitivno su\u010delje s uzdignutim gumbima prilago\u0111enim jedrilicama osigurava preciznu kontrolu. Uz integrirani \u010darobnjak za postavljanje, mo\u017eete konfigurirati autopilot u samo nekoliko minuta. SeaTalk povezivost omogu\u0107ava glatku integraciju s drugim ure\u0111ajima na brodu, \u010dine\u0107i ovu opciju savr\u0161enim rje\u0161enjem za Evolution autopilot.<\/p>\n<p style=\"color: rgb(34, 34, 34); font-family: Arial, Helvetica, sans-serif; font-size: small;\"><strong>Istaknute zna\u010dajke<\/strong><\/p>\n<ul style=\"color: rgb(34, 34, 34); font-family: Arial, Helvetica, sans-serif; font-size: small;\">\n<li>3,5-in\u010dni iznimno svijetli, veliki LCD ekran za pobolj\u0161anu vidljivost<\/li>\n<li>Tehnologija opti\u010dkog spajanja pobolj\u0161ava svijetlinu boja, o\u0161trinu kontrasta i otpornost na maglu<\/li>\n<li>Specijalizirani klju\u010devi za prilagodbu kursa od jednog i deset stupnjeva<\/li>\n<li>Na\u010din upravljanja vjetrom s AutoTack funkcionalno\u0161\u0107u kada se koristi s Raymarine instrumentima za vjetar<\/li>\n<li>Elegantni dizajn staklenog mosta koji se uskla\u0111uje s Axiom serijom chartplottera<\/li>\n<li>SeaTalkng umre\u017eavanje za jednostavno povezivanje s Raymarine i NMEA2000 mre\u017eama<\/li>\n<li>Uklju\u010duje crne (Axiom stil) i gunmetal (eSeries stil) rubove, plus za\u0161titni sun\u010dani poklopac<\/li>\n<\/ul>\n<p style=\"color: rgb(34, 34, 34); font-family: Arial, Helvetica, sans-serif; font-size: small;\">U\u017eivajte u besprijekornom navigiranju s Raymarine p70s, izra\u0111enim posebno za primjene na jedrilicama<\/p>\n","protected":false},"excerpt":{"rendered":"<p>Raymarine P70S &#8211; Predstavljamo Raymarine p70s kontrolnu jedinicu autopilota, opremljenu LCD ekranom od 3,5 in\u010da s razlu\u010divosti 320&#215;240 piksela. Ovaj<\/p>\n","protected":false},"featured_media":5949207,"comment_status":"closed","ping_status":"closed","template":"","meta":[],"product_brand":[3301],"product_cat":[1744],"product_tag":[],"class_list":{"0":"post-3693653","1":"product","2":"type-product","3":"status-publish","4":"has-post-thumbnail","6":"product_brand-raymarine-hr","7":"product_cat-brodska-elektronika","9":"first","10":"instock","11":"shipping-taxable","12":"purchasable","13":"product-type-simple"},"_links":{"self":[{"href":"https:\/\/stoic-curie.212-227-153-4.plesk.page\/hr\/wp-json\/wp\/v2\/product\/3693653","targetHints":{"allow":["GET"]}}],"collection":[{"href":"https:\/\/stoic-curie.212-227-153-4.plesk.page\/hr\/wp-json\/wp\/v2\/product"}],"about":[{"href":"https:\/\/stoic-curie.212-227-153-4.plesk.page\/hr\/wp-json\/wp\/v2\/types\/product"}],"replies":[{"embeddable":true,"href":"https:\/\/stoic-curie.212-227-153-4.plesk.page\/hr\/wp-json\/wp\/v2\/comments?post=3693653"}],"version-history":[{"count":0,"href":"https:\/\/stoic-curie.212-227-153-4.plesk.page\/hr\/wp-json\/wp\/v2\/product\/3693653\/revisions"}],"wp:featuredmedia":[{"embeddable":true,"href":"https:\/\/stoic-curie.212-227-153-4.plesk.page\/hr\/wp-json\/wp\/v2\/media\/5949207"}],"wp:attachment":[{"href":"https:\/\/stoic-curie.212-227-153-4.plesk.page\/hr\/wp-json\/wp\/v2\/media?parent=3693653"}],"wp:term":[{"taxonomy":"product_brand","embeddable":true,"href":"https:\/\/stoic-curie.212-227-153-4.plesk.page\/hr\/wp-json\/wp\/v2\/product_brand?post=3693653"},{"taxonomy":"product_cat","embeddable":true,"href":"https:\/\/stoic-curie.212-227-153-4.plesk.page\/hr\/wp-json\/wp\/v2\/product_cat?post=3693653"},{"taxonomy":"product_tag","embeddable":true,"href":"https:\/\/stoic-curie.212-227-153-4.plesk.page\/hr\/wp-json\/wp\/v2\/product_tag?post=3693653"}],"curies":[{"name":"wp","href":"https:\/\/api.w.org\/{rel}","templated":true}]}}