{"id":3693654,"date":"2025-10-13T13:56:02","date_gmt":"2025-10-13T17:56:02","guid":{"rendered":"https:\/\/stoic-curie.212-227-153-4.plesk.page\/product\/raymarine-p70rs\/"},"modified":"2026-02-25T00:01:26","modified_gmt":"2026-02-25T00:01:26","slug":"raymarine-p70rs","status":"publish","type":"product","link":"https:\/\/stoic-curie.212-227-153-4.plesk.page\/hr\/product\/raymarine-p70rs\/","title":{"rendered":"Raymarine p70Rs"},"content":{"rendered":"<p>Raymarine p70Rs &#8211; <\/p>\n<p style=\"color: rgb(34, 34, 34); font-family: Arial, Helvetica, sans-serif; font-size: small;\">Raymarine p70Rs autopilot kontrola posebno je izra\u0111ena za motorne brodove. Nudi kombinaciju gumba i rotacijskih dugmadi, \u0161to omogu\u0107ava jednostavno kori\u0161tenje. Ova kontrolna jedinica ima LCD ekran od 3.5 in\u010da s rezolucijom od 320&#215;240 piksela, pru\u017eaju\u0107i \u0161irok kut gledanja i vibrantne boje koje su vidljive u svim vremenskim uvjetima. Su\u010delje je jednostavno za navigaciju, opremljeno povi\u0161enim gumbima i gumbom za precizna pode\u0161avanja. Ugra\u0111eni pomo\u0107ni program omogu\u0107ava brzo postavljanje autopilota u samo nekoliko minuta. Tako\u0111er, nudi SeaTalk povezivost za nesmetanu integraciju s drugim ure\u0111ajima na brodu.<\/p>\n<p style=\"color: rgb(34, 34, 34); font-family: Arial, Helvetica, sans-serif; font-size: small;\"><strong>Klju\u010dne zna\u010dajke:<\/strong><\/p>\n<ul style=\"color: rgb(34, 34, 34); font-family: Arial, Helvetica, sans-serif; font-size: small;\">\n<li>3.5-in\u010dni ultra-svijetli LCD za izvanrednu vidljivost<\/li>\n<li>Tehnologija prikaza otpornog na vremenske uvjete i niske potro\u0161nje energije za \u017eive boje, o\u0161tri kontrast i \u0161irok kut gledanja<\/li>\n<li>Kontrole s gumbima pogodne za jedrenje i motorne aplikacije<\/li>\n<li>Podr\u017eani na\u010dini autopilota uklju\u010duju Auto, Standby, Pattern, Track, Wind Vane, Power Steer i Jog Steer<\/li>\n<li>Prikazuje informacije pilota u vi\u0161e formata s automatskim trostupanjskim postavljanjem za slobodno vrijeme, krstarenje i performanse<\/li>\n<li>Jednostavno sustavno i grupno prigu\u0161ivanje\/osvjetljavanje<\/li>\n<li>Kor user-friendly Lighthouse su\u010delje s oblikovanim gumenim tipkovnicama za preciznu upravljanje u svim uvjetima<\/li>\n<li>SeaTalkng umre\u017eavanje za lako povezivanje s Raymarine sustavima i NMEA2000 mre\u017eama<\/li>\n<li>Moderni dizajn staklenih mostova koji dopunjuje Raymarine eS i gS serije multifunkcionalnih prikaza<\/li>\n<li>Uklju\u010duje crne (stil eS serije) i metalne okvire, zajedno s za\u0161titnim sun\u010danim poklopcem<\/li>\n<\/ul>\n<p style=\"color: rgb(34, 34, 34); font-family: Arial, Helvetica, sans-serif; font-size: small;\"><strong>Superiorno gledanje<\/strong><\/p>\n<p style=\"color: rgb(34, 34, 34); font-family: Arial, Helvetica, sans-serif; font-size: small;\">Napredna LED pozadinsko osvjetljenje koristi minimalnu snagu dok pru\u017ea \u017eivopisne boje i kontrast. Prikaz nudi \u0161iroke horizontalne i vertikalne kutove gledanja, osiguravaju\u0107i jasno\u0107u iz raznih pozicija.<\/p>\n<p style=\"color: rgb(34, 34, 34); font-family: Arial, Helvetica, sans-serif; font-size: small;\"><strong>Tehni\u010dki podaci:<\/strong><\/p>\n<ul style=\"color: rgb(34, 34, 34); font-family: Arial, Helvetica, sans-serif; font-size: small;\">\n<li>Nominalni napon: 12 V DC<\/li>\n<li>Raspon napona: 9 do 16 V DC<\/li>\n<li>Veli\u010dina ekrana: 3.5 in\u010da<\/li>\n<li>Prikaz: LCD s opti\u010dki vezanim prikazom \u010ditljivim na sun\u010devom svjetlu<\/li>\n<li>Rezolucija: 320 x 240 QVGA<\/li>\n<li>Boje: 16-bitne boje (64K boja)<\/li>\n<li>Palete boja: \u010detiri palete &#8211; dvije za dan, obrnute i crveno\/crna<\/li>\n<li>Svjetlina LCD-a: 1,200 nita<\/li>\n<li>Potro\u0161nja energije: 1.6 W<\/li>\n<li>Veze: SeaTalk i SeaTalkng uskla\u0111eni s NMEA2000 morskim mre\u017eama<\/li>\n<li>Radna temperatura: -25\u00baC do 55\u00baC (-13\u00baF do 131\u00baF)<\/li>\n<li>Temperatura skladi\u0161tenja: -30\u00baC do 70\u00baC (-22\u00baF do 158\u00baF)<\/li>\n<li>Relativna vla\u017enost: 93% max<\/li>\n<li>Vodonepropusnost: IPX6<\/li>\n<li>Uskla\u0111enost: Europa 2004\/108\/EC | Australija i Novi Zeland C-Tick uskla\u0111enost razina 2<\/li>\n<\/ul>\n<p style=\"color: rgb(34, 34, 34); font-family: Arial, Helvetica, sans-serif; font-size: small;\"><strong>Sadr\u017eaj isporuke:<\/strong><\/p>\n<ul style=\"color: rgb(34, 34, 34); font-family: Arial, Helvetica, sans-serif; font-size: small;\">\n<li>Upute<\/li>\n<li>Guma za brtvljenje<\/li>\n<li>SeaTalkNG kabel za povezivanje (40 cm)<\/li>\n<li>Prikaz<\/li>\n<li>Sun\u010dani pokrov<\/li>\n<li>Rezervni okvir<\/li>\n<li>Vijci za pri\u010dvr\u0161\u0107ivanje<\/li>\n<\/ul>\n","protected":false},"excerpt":{"rendered":"<p>Raymarine p70Rs &#8211; Raymarine p70Rs autopilot kontrola posebno je izra\u0111ena za motorne brodove. Nudi kombinaciju gumba i rotacijskih dugmadi, \u0161to<\/p>\n","protected":false},"featured_media":5949208,"comment_status":"closed","ping_status":"closed","template":"","meta":[],"product_brand":[3301],"product_cat":[1744],"product_tag":[],"class_list":{"0":"post-3693654","1":"product","2":"type-product","3":"status-publish","4":"has-post-thumbnail","6":"product_brand-raymarine-hr","7":"product_cat-brodska-elektronika","9":"first","10":"outofstock","11":"shipping-taxable","12":"purchasable","13":"product-type-simple"},"_links":{"self":[{"href":"https:\/\/stoic-curie.212-227-153-4.plesk.page\/hr\/wp-json\/wp\/v2\/product\/3693654","targetHints":{"allow":["GET"]}}],"collection":[{"href":"https:\/\/stoic-curie.212-227-153-4.plesk.page\/hr\/wp-json\/wp\/v2\/product"}],"about":[{"href":"https:\/\/stoic-curie.212-227-153-4.plesk.page\/hr\/wp-json\/wp\/v2\/types\/product"}],"replies":[{"embeddable":true,"href":"https:\/\/stoic-curie.212-227-153-4.plesk.page\/hr\/wp-json\/wp\/v2\/comments?post=3693654"}],"version-history":[{"count":0,"href":"https:\/\/stoic-curie.212-227-153-4.plesk.page\/hr\/wp-json\/wp\/v2\/product\/3693654\/revisions"}],"wp:featuredmedia":[{"embeddable":true,"href":"https:\/\/stoic-curie.212-227-153-4.plesk.page\/hr\/wp-json\/wp\/v2\/media\/5949208"}],"wp:attachment":[{"href":"https:\/\/stoic-curie.212-227-153-4.plesk.page\/hr\/wp-json\/wp\/v2\/media?parent=3693654"}],"wp:term":[{"taxonomy":"product_brand","embeddable":true,"href":"https:\/\/stoic-curie.212-227-153-4.plesk.page\/hr\/wp-json\/wp\/v2\/product_brand?post=3693654"},{"taxonomy":"product_cat","embeddable":true,"href":"https:\/\/stoic-curie.212-227-153-4.plesk.page\/hr\/wp-json\/wp\/v2\/product_cat?post=3693654"},{"taxonomy":"product_tag","embeddable":true,"href":"https:\/\/stoic-curie.212-227-153-4.plesk.page\/hr\/wp-json\/wp\/v2\/product_tag?post=3693654"}],"curies":[{"name":"wp","href":"https:\/\/api.w.org\/{rel}","templated":true}]}}