{"id":3693655,"date":"2025-10-13T13:56:02","date_gmt":"2025-10-13T17:56:02","guid":{"rendered":"https:\/\/stoic-curie.212-227-153-4.plesk.page\/product\/garmin-echomap-uhd2-62sv\/"},"modified":"2026-02-25T00:01:26","modified_gmt":"2026-02-25T00:01:26","slug":"garmin-echomap-uhd2-62sv","status":"publish","type":"product","link":"https:\/\/stoic-curie.212-227-153-4.plesk.page\/hr\/product\/garmin-echomap-uhd2-62sv\/","title":{"rendered":"Garmin Echomap UHD2 62sv"},"content":{"rendered":"<p>Garmin Echomap UHD2 62sv &#8211; <\/p>\n<p>Sa zadovoljstvom predstavljamo Garmin echoMAP UHD2 62SV (bez sonde). Ovaj sofisticirani \u010darter i ribolovni sonar opremljen je 6-in\u010dnim touchscreen zaslonom koji nudi rezoluciju od 800&#215;480 piksela, brze pristupne tipke i ugra\u0111eni GPS prijamnik. Ima sna\u017ean sonar od 500W koji uklju\u010duje CHIRP, ClearV\u00fc, SideV\u00fc i UHD mogu\u0107nosti. O ure\u0111aju je kompatibilan sa svim Garmin BlueChart i Garmin Navionics+ kartama, a dolazi s integriranom be\u017ei\u010dnom povezivo\u0161\u0107u, kao i podr\u0161kom za NMEA0183\/2000 i Fusion-Link. Bez problema se integrira sa svim sustavima na brodu i uklju\u010duje osnovne Garmin zna\u010dajke poput Auto Guidance, ActiveCaptain, Sail Assist i Quickdraw Contours.<\/p>\n<p>Uz ure\u0111aj dolaze prilagodljiv nosa\u010d, poklopac zaslona i napajanje\/podaci kabel. Model koji ne dolazi sa sondom opremljen je adapter kabelom koji pretvara 8-pinski konektor sonde u 12-pinski konektor.<\/p>\n<p>Garmin echoMAP UHD2 62SV predstavlja svijetli, zaslon visoke vidljivosti 6 in\u010da. Ova skener sonda koristi tradicionalnu CHIRP 2D tehnologiju, ClearV\u00fc i SideV\u00fc, a tako\u0111er je kompatibilna s LiveScope tehnologijom za skeniranje u stvarnom vremenu.<\/p>\n<p>UHD2 62SV opremljen je sonarom od 500W koji uklju\u010duje ClearV\u00fc i SideV\u00fc tehnologiju, zajedno s tradicionalnim CHIRP jednopojasnim mogu\u0107nostima. Ova najnovija UHD2 serija predstavlja a\u017eurirani su\u010delje sli\u010dno GPSMAP-ima, \u0161to omogu\u0107uje lak\u0161e i br\u017ee iskustvo u usporedbi s ranijim modelima. Visoko-rezolucijski displej (800 \u00d7 480 piksela) dodatno je pobolj\u0161an pomoc\u0301u tipkovnice. Tako\u0111er, postoji microSD utor koji prima kartice do 32GB, \u0161to vam omogu\u0107uje spremanje do 5.000 waypoint-a.<\/p>\n<p>Uz ugra\u0111eni Wi-Fi, mo\u017eete povezati svoj pametni telefon s ActiveCaptain aplikacijom, koja omogu\u0107ava dijeljenje podataka izme\u0111u ure\u0111aja. Osim toga, mo\u017eete povezati dva echoMAP UHD2 ure\u0111aja za dijeljenje korisni\u010dkih i sonar podataka.<\/p>\n<p>Ure\u0111aj se odlikuje 10Hz multi-band GPS-om koji koristi vi\u0161estruke frekvencije za pobolj\u0161anje preciznosti polo\u017eaja, posebno u podru\u010djima s slabim ili reflektiranim signalima.<\/p>\n<p>echoMAP UHD2 62SV je tako\u0111er kompatibilan s FORCE elektri\u010dnim motorom, omogu\u0107uju\u0107i potpuno be\u017ei\u010dno upravljanje motorom sa zaslona. Mo\u017eete kreirati i pratiti rute, navigirati do waypoint-a, upravljati brzinom, provjeravati stanju baterije i jo\u0161 mnogo toga.<\/p>\n<p><strong>SIDEV\u00dc UHD TEHNOLOGIJA<\/strong><\/p>\n<p>SideV\u00fc tehnologija omogu\u0107uje vam da promatrate \u0161to se doga\u0111a s obje strane \u010damca, poma\u017eu\u0107i vam u prepoznavanju struktura i riba s visokom precizno\u0161\u0107u i detaljnosti. Ova zna\u010dajka omogu\u0107uje vam brzo lociranje ribolovnih podru\u010dja, zahvaljuju\u0107i \u0161irokom 180\u00b0 skeniranju.<\/p>\n<p>350W GT54UHD transom sonda djeluje na SideV\u00fc CHIRP frekvencijama:<\/p>\n<ul>\n<li>1060-1170 kHz za UHD SideV\u00fc (dubina do 35 metara)<\/li>\n<li>425-485 kHz za SideV\u00fc (dubina do 100 metara)<\/li>\n<\/ul>\n<hr>\n<p><strong>CLEARV\u00dc UHD TEHNOLOGIJA<\/strong><\/p>\n<p>ClearV\u00fc UHD tehnologija jedna je od najefikasnijih dostupnih, pru\u017eaju\u0107i jasne, visokokvalitetne slike u Ultra visokoj definiciji svega ispod povr\u0161ine vode. Mo\u0107i \u0107ete vidjeti potopljene strukture, ribe i predmete s izvanrednom jasno\u0107om.<\/p>\n<ul>\n<li><strong>Termokline:<\/strong> Identificirajte granicu izme\u0111u slojeva vode i zona bogatih kisikom.<\/li>\n<li><strong>Identifikacija riba:<\/strong> Jasno razlikujte razli\u010dite vrste riba.<\/li>\n<li><strong>Otkrivanje struktura:<\/strong> Detektirajte olupine brodova, vegetaciju, stubove mostova i jo\u0161 mnogo toga.<\/li>\n<\/ul>\n<p>350W GT54UHD transom sonda koristi ClearV\u00fc CHIRP frekvencije:<\/p>\n<ul>\n<li>760-880 kHz za UHD ClearV\u00fc (dubina do 50 metara)<\/li>\n<\/ul>\n<hr>\n<p><strong>KOMPATIBILNI LIVESCOPE LVS32 &amp; LVS34<\/strong><\/p>\n<p>Mo\u017eete povezati opcionalnu Panoptix LiveScope sondu za trenutne live snimke. Pristupite i LiveScope Down i LiveScope Forward modovima iz jedine sonde, lako prebacuju\u0107i na\u010dine kako bi odgovarali va\u0161im ribolovnim tehnikama. Koristite LiveScope Forward na\u010din za vidljive o\u0161tre slike va\u0161e mamce i riba u blizini, a LiveScope Down na\u010din za promatranje onoga \u0161to je direktno ispod \u010damca.<\/p>\n<hr>\n<p><strong>QUICKDRAW CONTOURS FUNKCIJA<\/strong><\/p>\n<p>Quickdraw Contours softver omogu\u0107uje vam kreiranje HD ribolovnih karata u stvarnom vremenu. S Garmin echoMAP UHD2 62SV, mo\u017eete pohraniti karte koje pokrivaju do 8.000 km\u00b2, s batimetrijskim krivuljama prikazanim svake 30 cm. Mo\u017eete preuzeti karte ili dijeliti svoje povezivanjem putem Wi-Fi do besplatne ActiveCaptain aplikacije, koja tako\u0111er pru\u017ea obavijesti na ekranu za a\u017euriranja za va\u0161 sonar.<\/p>\n<hr>\n<p><strong>WIFI I ECHOMAP UHD2 POVEZIVOST<\/strong><\/p>\n<p>Garmin echoMAP UHD2 omogu\u0107uje Wi-Fi povezivost s pametnim telefonima za kori\u0161tenje ActiveCaptain aplikacije na iOS i Android ure\u0111ajima. Osim toga, mo\u017eete povezati dva echoMAP UHD2 ure\u0111aja za dijeljenje sonar prikaza i korisni\u010dkih podataka. Na primjer, jedan sonar mo\u017ee biti povezan na stra\u017enju sondu, dok drugi sonar smje\u0161ten sprijeda prima sonar prikaz be\u017ei\u010dno putem Wi-Fi, omogu\u0107uju\u0107i vam ribolov sa svih strana \u010damca dok nadgledate jedan od zaslona.<\/p>\n<p>Be\u017ei\u010dna funkcija tako\u0111er omogu\u0107uje dijeljenje odre\u0111enih sonar postavki, kao \u0161to su osjetljivost, raspon i filtar za smetnje, omogu\u0107uju\u0107i fino pode\u0161avanje na bilo kojem zaslonu. Me\u0111utim, za druge postavke, morat \u0107ete koristiti svoj glavni zaslon.<\/p>\n<p>Wi-Fi veza tako\u0111er olak\u0161ava dijeljenje a\u017euriranja. Mo\u017eete umetnuti SD a\u017euriranu karticu u svoj prvi sonar, pokrenuti a\u017euriranje, a zatim be\u017ei\u010dno a\u017eurirati drugi sonar nakon \u0161to je prvo a\u017euriranje zavr\u0161eno, bez potreba za premje\u0161tanjem SD kartice.<\/p>\n","protected":false},"excerpt":{"rendered":"<p>Garmin Echomap UHD2 62sv &#8211; Sa zadovoljstvom predstavljamo Garmin echoMAP UHD2 62SV (bez sonde). Ovaj sofisticirani \u010darter i ribolovni sonar<\/p>\n","protected":false},"featured_media":5949209,"comment_status":"closed","ping_status":"closed","template":"","meta":[],"product_brand":[2971],"product_cat":[1744],"product_tag":[],"class_list":{"0":"post-3693655","1":"product","2":"type-product","3":"status-publish","4":"has-post-thumbnail","6":"product_brand-garmin-hr","7":"product_cat-brodska-elektronika","9":"first","10":"instock","11":"shipping-taxable","12":"purchasable","13":"product-type-simple"},"_links":{"self":[{"href":"https:\/\/stoic-curie.212-227-153-4.plesk.page\/hr\/wp-json\/wp\/v2\/product\/3693655","targetHints":{"allow":["GET"]}}],"collection":[{"href":"https:\/\/stoic-curie.212-227-153-4.plesk.page\/hr\/wp-json\/wp\/v2\/product"}],"about":[{"href":"https:\/\/stoic-curie.212-227-153-4.plesk.page\/hr\/wp-json\/wp\/v2\/types\/product"}],"replies":[{"embeddable":true,"href":"https:\/\/stoic-curie.212-227-153-4.plesk.page\/hr\/wp-json\/wp\/v2\/comments?post=3693655"}],"version-history":[{"count":0,"href":"https:\/\/stoic-curie.212-227-153-4.plesk.page\/hr\/wp-json\/wp\/v2\/product\/3693655\/revisions"}],"wp:featuredmedia":[{"embeddable":true,"href":"https:\/\/stoic-curie.212-227-153-4.plesk.page\/hr\/wp-json\/wp\/v2\/media\/5949209"}],"wp:attachment":[{"href":"https:\/\/stoic-curie.212-227-153-4.plesk.page\/hr\/wp-json\/wp\/v2\/media?parent=3693655"}],"wp:term":[{"taxonomy":"product_brand","embeddable":true,"href":"https:\/\/stoic-curie.212-227-153-4.plesk.page\/hr\/wp-json\/wp\/v2\/product_brand?post=3693655"},{"taxonomy":"product_cat","embeddable":true,"href":"https:\/\/stoic-curie.212-227-153-4.plesk.page\/hr\/wp-json\/wp\/v2\/product_cat?post=3693655"},{"taxonomy":"product_tag","embeddable":true,"href":"https:\/\/stoic-curie.212-227-153-4.plesk.page\/hr\/wp-json\/wp\/v2\/product_tag?post=3693655"}],"curies":[{"name":"wp","href":"https:\/\/api.w.org\/{rel}","templated":true}]}}