{"id":3693656,"date":"2025-10-13T13:56:02","date_gmt":"2025-10-13T17:56:02","guid":{"rendered":"https:\/\/stoic-curie.212-227-153-4.plesk.page\/product\/kit-2-hidraulicne-crijeva-ultraflex-silvesteer-2m\/"},"modified":"2026-02-25T00:01:26","modified_gmt":"2026-02-25T00:01:26","slug":"kit-2-hidraulicne-crijeva-ultraflex-silvesteer-2m","status":"publish","type":"product","link":"https:\/\/stoic-curie.212-227-153-4.plesk.page\/hr\/product\/kit-2-hidraulicne-crijeva-ultraflex-silvesteer-2m\/","title":{"rendered":"Kit 2 hidrauli\u010dne crijeva Ultraflex Silvesteer 2m"},"content":{"rendered":"<p>Kit 2 hidrauli\u010dne crijeva Ultraflex Silvesteer 2m &#8211; <\/p>\n<p style=\"color: rgb(34, 34, 34); font-family: Arial, Helvetica, sans-serif; font-size: small;\">KIT OB-SVS iz Ultraflexa izvanredan je proizvod koji se zaista izdvaja na tr\u017ei\u0161tu. Uklju\u010duje dva vrlo fleksibilna visokotla\u010dna crijeva koja su stru\u010dno izra\u0111ena od robusnog Kevlar materijala. Ovaj izbor materijala je va\u017ean, jer je Kevlar prepoznat po svojoj izvanrednoj \u010dvrsto\u0107i i izdr\u017eljivosti. Svako crijevo dolazi s pretaknutim spojnicama i ograni\u010diva\u010dima savijanja, koji zajedno osiguravaju sigurno i pouzdano povezivanje. Ovaj promi\u0161ljeni dizajn omogu\u0107uje vam da imate povjerenja u integritet va\u0161eg sustava upravljanja dok plovite. Dodatno, ova crijeva su posebno dizajnirana da budu kompatibilna sa svim Ultraflex SilverSteer\u2122 i MasterDrive\u2122 volanima koji koriste reliefne ventile od 1500 psi. Ova kompatibilnost \u010dini ih svestranom opcijom za razne sustave upravljanja, zadovoljavaju\u0107i raznolike potrebe vlasnika plovila.<\/p>\n<p style=\"color: rgb(34, 34, 34); font-family: Arial, Helvetica, sans-serif; font-size: small;\">Ultraflex Silversteer hidrauli\u010dki sklop crijeva od Kevlara dizajniran je s visokou\u010dinkovitim sustavima upravljanja na umu, posebno onima koji se nalaze u razli\u010ditim vrstama plovila. Konstrukcija od Kevlara ne samo da daje crijevima izvanrednu \u010dvrsto\u0107u, ve\u0107 i pove\u0107ava njihovu dugovje\u010dnost. Ova crijeva mogu izdr\u017eati visoke pritiske i otporna su na habanje tijekom vremena, \u0161to je klju\u010dno za odr\u017eavanje optimalne u\u010dinkovitosti u zahtjevnim morskim uvjetima. Vlasnici plovila mogu biti sigurni da su ova crijeva izra\u0111ena tako da pru\u017eaju izvanrednu u\u010dinkovitost, \u010dak i u te\u0161kim uvjetima.<\/p>\n<p style=\"color: rgb(34, 34, 34); font-family: Arial, Helvetica, sans-serif; font-size: small;\">\u0160tovi\u0161e, sklop crijeva je unaprijed sastavljen, \u0161to uvelike pojednostavljuje postupak instalacije za korisnike. Ova promi\u0161ljena zna\u010dajka dizajna omogu\u0107ava brzu i jednostavnu postavu, omogu\u0107uju\u0107i vam da se brzo vratite u\u017eivanju na vodi bez nepotrebnih ka\u0161njenja ili komplikacija. Ukratko, KIT OB-SVS je dizajniran za pouzdanu u\u010dinkovitost, osiguravaju\u0107i dugi niz godina pouzdane usluge za entuzijaste plovidbe. Bez obzira jeste li iskusni mornar ili povremeni vikend kapetan, ovaj proizvod je mudra investicija koja \u0107e pobolj\u0161ati va\u0161e iskustvo plovidbe i pru\u017eiti vam povjerenje koje trebate dok ste na vodi.<\/p>\n","protected":false},"excerpt":{"rendered":"<p>Kit 2 hidrauli\u010dne crijeva Ultraflex Silvesteer 2m &#8211; KIT OB-SVS iz Ultraflexa izvanredan je proizvod koji se zaista izdvaja na<\/p>\n","protected":false},"featured_media":5949215,"comment_status":"closed","ping_status":"closed","template":"","meta":[],"product_brand":[3501],"product_cat":[1823],"product_tag":[],"class_list":{"0":"post-3693656","1":"product","2":"type-product","3":"status-publish","4":"has-post-thumbnail","6":"product_brand-ultraflex-uflex-hr","7":"product_cat-hidraulicno-kormilarenje","9":"first","10":"instock","11":"shipping-taxable","12":"purchasable","13":"product-type-simple"},"_links":{"self":[{"href":"https:\/\/stoic-curie.212-227-153-4.plesk.page\/hr\/wp-json\/wp\/v2\/product\/3693656","targetHints":{"allow":["GET"]}}],"collection":[{"href":"https:\/\/stoic-curie.212-227-153-4.plesk.page\/hr\/wp-json\/wp\/v2\/product"}],"about":[{"href":"https:\/\/stoic-curie.212-227-153-4.plesk.page\/hr\/wp-json\/wp\/v2\/types\/product"}],"replies":[{"embeddable":true,"href":"https:\/\/stoic-curie.212-227-153-4.plesk.page\/hr\/wp-json\/wp\/v2\/comments?post=3693656"}],"version-history":[{"count":0,"href":"https:\/\/stoic-curie.212-227-153-4.plesk.page\/hr\/wp-json\/wp\/v2\/product\/3693656\/revisions"}],"wp:featuredmedia":[{"embeddable":true,"href":"https:\/\/stoic-curie.212-227-153-4.plesk.page\/hr\/wp-json\/wp\/v2\/media\/5949215"}],"wp:attachment":[{"href":"https:\/\/stoic-curie.212-227-153-4.plesk.page\/hr\/wp-json\/wp\/v2\/media?parent=3693656"}],"wp:term":[{"taxonomy":"product_brand","embeddable":true,"href":"https:\/\/stoic-curie.212-227-153-4.plesk.page\/hr\/wp-json\/wp\/v2\/product_brand?post=3693656"},{"taxonomy":"product_cat","embeddable":true,"href":"https:\/\/stoic-curie.212-227-153-4.plesk.page\/hr\/wp-json\/wp\/v2\/product_cat?post=3693656"},{"taxonomy":"product_tag","embeddable":true,"href":"https:\/\/stoic-curie.212-227-153-4.plesk.page\/hr\/wp-json\/wp\/v2\/product_tag?post=3693656"}],"curies":[{"name":"wp","href":"https:\/\/api.w.org\/{rel}","templated":true}]}}