{"id":3693659,"date":"2025-10-13T13:56:03","date_gmt":"2025-10-13T17:56:03","guid":{"rendered":"https:\/\/stoic-curie.212-227-153-4.plesk.page\/product\/fiberglasni-tunel-150cm-x-300mm\/"},"modified":"2026-02-25T00:01:26","modified_gmt":"2026-02-25T00:01:26","slug":"fiberglasni-tunel-150cm-x-300mm","status":"publish","type":"product","link":"https:\/\/stoic-curie.212-227-153-4.plesk.page\/hr\/product\/fiberglasni-tunel-150cm-x-300mm\/","title":{"rendered":"Fiberglasni tunel 150cm x 300mm"},"content":{"rendered":"<p>Fiberglasni tunel 150cm x 300mm &#8211; <\/p>\n<p>Predstavljamo GRP tunel, koji se mo\u017ee pohvaliti unutarnjim promjerom od 300 mm i duljinom od 1500 mm. Ovaj visokokvalitetni tunel pa\u017eljivo je izra\u0111en za kori\u0161tenje s propelerima, osiguravaju\u0107i optimalne performanse i dugotrajnost. Izra\u0111en od stakloplastike oja\u010dane poliestrom, nudi iznimnu \u010dvrsto\u0107u i otpornost na te\u0161ke uvjete u morskom okru\u017eenju.<\/p>\n<p>Osim na\u0161ih tunela za propelere, tako\u0111er nudimo stakloplasti\u010dne tunele posebno dizajnirane za stra\u017ene propeleri. Svaka od ovih robusnih cijevi izra\u0111ena je od istog materijala od stakloplastike oja\u010dane poliestrom, osiguravaju\u0107i da ispunjavaju najvi\u0161e standarde kvalitete i pouzdanosti. Razumijemo da svaki \u010damac ima jedinstvene zahtjeve, zbog \u010dega nudimo razne unutarnje promjere i duljine. To vam omogu\u0107uje da odaberete savr\u0161en tunel koji odgovara va\u0161im specifi\u010dnim potrebama, osiguravaju\u0107i da va\u0161e plovidbene iskustvo bude i u\u010dinkovito i ugodno. Povjerite nam da vam pru\u017eimo najbolje rje\u0161enja za va\u0161e potrebe u pomorskoj opremi.<\/p>\n","protected":false},"excerpt":{"rendered":"<p>Fiberglasni tunel 150cm x 300mm &#8211; Predstavljamo GRP tunel, koji se mo\u017ee pohvaliti unutarnjim promjerom od 300 mm i duljinom<\/p>\n","protected":false},"featured_media":5942044,"comment_status":"closed","ping_status":"closed","template":"","meta":[],"product_brand":[3281],"product_cat":[1610,1609],"product_tag":[],"class_list":{"0":"post-3693659","1":"product","2":"type-product","3":"status-publish","4":"has-post-thumbnail","6":"product_brand-quick-hr","7":"product_cat-pramcani-potisnici-quick","8":"product_cat-pramcani-potisnici-vetus","10":"first","11":"outofstock","12":"shipping-taxable","13":"purchasable","14":"product-type-simple"},"_links":{"self":[{"href":"https:\/\/stoic-curie.212-227-153-4.plesk.page\/hr\/wp-json\/wp\/v2\/product\/3693659","targetHints":{"allow":["GET"]}}],"collection":[{"href":"https:\/\/stoic-curie.212-227-153-4.plesk.page\/hr\/wp-json\/wp\/v2\/product"}],"about":[{"href":"https:\/\/stoic-curie.212-227-153-4.plesk.page\/hr\/wp-json\/wp\/v2\/types\/product"}],"replies":[{"embeddable":true,"href":"https:\/\/stoic-curie.212-227-153-4.plesk.page\/hr\/wp-json\/wp\/v2\/comments?post=3693659"}],"version-history":[{"count":0,"href":"https:\/\/stoic-curie.212-227-153-4.plesk.page\/hr\/wp-json\/wp\/v2\/product\/3693659\/revisions"}],"wp:featuredmedia":[{"embeddable":true,"href":"https:\/\/stoic-curie.212-227-153-4.plesk.page\/hr\/wp-json\/wp\/v2\/media\/5942044"}],"wp:attachment":[{"href":"https:\/\/stoic-curie.212-227-153-4.plesk.page\/hr\/wp-json\/wp\/v2\/media?parent=3693659"}],"wp:term":[{"taxonomy":"product_brand","embeddable":true,"href":"https:\/\/stoic-curie.212-227-153-4.plesk.page\/hr\/wp-json\/wp\/v2\/product_brand?post=3693659"},{"taxonomy":"product_cat","embeddable":true,"href":"https:\/\/stoic-curie.212-227-153-4.plesk.page\/hr\/wp-json\/wp\/v2\/product_cat?post=3693659"},{"taxonomy":"product_tag","embeddable":true,"href":"https:\/\/stoic-curie.212-227-153-4.plesk.page\/hr\/wp-json\/wp\/v2\/product_tag?post=3693659"}],"curies":[{"name":"wp","href":"https:\/\/api.w.org\/{rel}","templated":true}]}}