{"id":3693660,"date":"2025-10-13T13:56:03","date_gmt":"2025-10-13T17:56:03","guid":{"rendered":"https:\/\/stoic-curie.212-227-153-4.plesk.page\/product\/polyform-a7-bijela\/"},"modified":"2026-02-25T00:01:26","modified_gmt":"2026-02-25T00:01:26","slug":"polyform-a7-bijela","status":"publish","type":"product","link":"https:\/\/stoic-curie.212-227-153-4.plesk.page\/hr\/product\/polyform-a7-bijela\/","title":{"rendered":"Polyform A7 Bijela"},"content":{"rendered":"<p>Polyform A7 Bijela &#8211; <\/p>\n<p>Polyform A-serija vi\u0161enamjenski boj je ve\u0107 vi\u0161e od pet desetlje\u0107a pouzdan izbor za komercijalne ribarske brodove i jahte. Poznatom po svojoj izdr\u017eljivosti i snazi, ova boja dolazi u raznim korisnim veli\u010dinama. Stru\u010dnjaci u industriji prepoznaju da ozna\u010davanje svojih brodskih ure\u0111aja u te\u0161kim uvjetima mo\u017ee biti izazovno, zbog \u010dega se Polyform A-serija koristi \u0161irom svih oceana, mora, rijeka i jezera.<\/p>\n<p>Istaknute zna\u010dajke svih A-serija boja uklju\u010duju:<\/p>\n<ul>\n<li>Robustna, dosljedna debljina zida koja pobolj\u0161ava snagu i dugovje\u010dnost<\/li>\n<li>Polyformov jedinstveni sustav s dva ventila, jasno ozna\u010denih &#8220;ZRAK UNUTRA&#8221; i &#8220;ZRAK VAN&#8221;<\/li>\n<li>Tradicionalno plava u\u017ee koja osigurava pouzdanu svestranost<\/li>\n<\/ul>\n<p>Veli\u010dina: A-7<br \/>Boja: Crvena<br \/>Dimenzije: 39&#8243; x 54&#8243;<br \/>Preporu\u010duje se za plovila du\u017ea od 70 stopa<\/p>\n","protected":false},"excerpt":{"rendered":"<p>Polyform A7 Bijela &#8211; Polyform A-serija vi\u0161enamjenski boj je ve\u0107 vi\u0161e od pet desetlje\u0107a pouzdan izbor za komercijalne ribarske brodove<\/p>\n","protected":false},"featured_media":5949216,"comment_status":"closed","ping_status":"closed","template":"","meta":[],"product_brand":[3271],"product_cat":[1850],"product_tag":[],"class_list":{"0":"post-3693660","1":"product","2":"type-product","3":"status-publish","4":"has-post-thumbnail","6":"product_brand-polyform-hr","7":"product_cat-plutace-za-privez-i-signalizaciju","9":"first","10":"instock","11":"shipping-taxable","12":"purchasable","13":"product-type-simple"},"_links":{"self":[{"href":"https:\/\/stoic-curie.212-227-153-4.plesk.page\/hr\/wp-json\/wp\/v2\/product\/3693660","targetHints":{"allow":["GET"]}}],"collection":[{"href":"https:\/\/stoic-curie.212-227-153-4.plesk.page\/hr\/wp-json\/wp\/v2\/product"}],"about":[{"href":"https:\/\/stoic-curie.212-227-153-4.plesk.page\/hr\/wp-json\/wp\/v2\/types\/product"}],"replies":[{"embeddable":true,"href":"https:\/\/stoic-curie.212-227-153-4.plesk.page\/hr\/wp-json\/wp\/v2\/comments?post=3693660"}],"version-history":[{"count":0,"href":"https:\/\/stoic-curie.212-227-153-4.plesk.page\/hr\/wp-json\/wp\/v2\/product\/3693660\/revisions"}],"wp:featuredmedia":[{"embeddable":true,"href":"https:\/\/stoic-curie.212-227-153-4.plesk.page\/hr\/wp-json\/wp\/v2\/media\/5949216"}],"wp:attachment":[{"href":"https:\/\/stoic-curie.212-227-153-4.plesk.page\/hr\/wp-json\/wp\/v2\/media?parent=3693660"}],"wp:term":[{"taxonomy":"product_brand","embeddable":true,"href":"https:\/\/stoic-curie.212-227-153-4.plesk.page\/hr\/wp-json\/wp\/v2\/product_brand?post=3693660"},{"taxonomy":"product_cat","embeddable":true,"href":"https:\/\/stoic-curie.212-227-153-4.plesk.page\/hr\/wp-json\/wp\/v2\/product_cat?post=3693660"},{"taxonomy":"product_tag","embeddable":true,"href":"https:\/\/stoic-curie.212-227-153-4.plesk.page\/hr\/wp-json\/wp\/v2\/product_tag?post=3693660"}],"curies":[{"name":"wp","href":"https:\/\/api.w.org\/{rel}","templated":true}]}}