{"id":3693663,"date":"2025-10-13T13:56:03","date_gmt":"2025-10-13T17:56:03","guid":{"rendered":"https:\/\/stoic-curie.212-227-153-4.plesk.page\/product\/hidraulicni-cilindar-ultraflex-uc128p-obf-1\/"},"modified":"2026-02-25T00:01:26","modified_gmt":"2026-02-25T00:01:26","slug":"hidraulicni-cilindar-ultraflex-uc128p-obf-1","status":"publish","type":"product","link":"https:\/\/stoic-curie.212-227-153-4.plesk.page\/hr\/product\/hidraulicni-cilindar-ultraflex-uc128p-obf-1\/","title":{"rendered":"Hidrauli\u010dni cilindar Ultraflex UC128P-OBF\/1"},"content":{"rendered":"<p>Hidrauli\u010dni cilindar Ultraflex UC128P-OBF\/1 &#8211; <\/p>\n<p style=\"color: rgb(34, 34, 34); font-family: Arial, Helvetica, sans-serif; font-size: small;\">Predstavljamo Ultraflex UC128P-OBF\/1 prednju montiranu cilindar, port verzija &#8211; uravnote\u017eena: Ovaj vrhunski dizajn jam\u010di da je broj okretaja volana od zaklju\u010davanja do zaklju\u010davanja identi\u010dan s obje strane, lijevoj i desnoj.<\/p>\n<p style=\"color: rgb(34, 34, 34); font-family: Arial, Helvetica, sans-serif; font-size: small;\">UC128-OBF cilindar izra\u0111en je s robusnom cijevi od nehr\u0111aju\u0107eg \u010delika, dugotrajnim brtvama i otpornim sklopovima veza. Njegova instalacija je jednostavna, a kompatibilan je s gotovo svim dostupnim 2-taktnim i 4-taktnim vanbrodskim motorima na tr\u017ei\u0161tu.<\/p>\n<p style=\"color: rgb(34, 34, 34); font-family: Arial, Helvetica, sans-serif; font-size: small;\">Preporu\u010damo kombiniranje UC128-OBF cilindara s UP25, UP28, UP33 i UP39 serijama upravlja\u010da, kao i s unaprijed sastavljenim crijevima (Kit OB i Kit OB\/R5).<\/p>\n<p style=\"color: rgb(34, 34, 34); font-family: Arial, Helvetica, sans-serif; font-size: small;\">Za postavke koje zahtijevaju duple UC128-OBF cilindre, trebate kupiti jedan standardni UC128-OBF cilindar (s povezivnom rukom na desnoj strani) i jedan port UC128P-OBF cilindar (s povezivnom rukom na lijevoj strani). Molimo vas da konzultirate odjeljak sa povezivim \u0161ipkama kako biste odabrali pravi model za konfiguracije s dvostrukim motorima i dvostrukim cilindrima.<\/p>\n<p style=\"color: rgb(34, 34, 34); font-family: Arial, Helvetica, sans-serif; font-size: small;\">PRIMJENE: UC128-OBF prednja montira cilindar nije preporu\u010dena za instalacije gdje brzine \u010damca prema\u0161uju 55 mph (48 \u010dvorova) ili 65 mph (56 \u010dvorova) u aplikacijama s dvostrukim motorima, dvostrukim cilindrima i suprotnim rotacijskim motorima. Nije namijenjena za natjecateljsko trkanje.<\/p>\n<p style=\"color: rgb(34, 34, 34); font-family: Arial, Helvetica, sans-serif; font-size: small;\">Zaklju\u010dno, Ultraflex UC128P-OBF\/1 prednja montirana cilindar, port verzija &#8211; uravnote\u017eena jam\u010di jednake okretaje volana od zaklju\u010davanja do zaklju\u010davanja s obje strane.<\/p>\n<p style=\"color: rgb(34, 34, 34); font-family: Arial, Helvetica, sans-serif; font-size: small;\">\u2022 UC128-OBF cilindar opremljen je cijevi od \u010dvrstog nehr\u0111aju\u0107eg \u010delika, brtvama i sklopovima veza, \u0161to ga \u010dini jednostavnim za instalaciju i kompatibilnim s gotovo svim 2-taktnim i 4-taktnim vanbrodskim motorima na tr\u017ei\u0161tu.<\/p>\n<p style=\"color: rgb(34, 34, 34); font-family: Arial, Helvetica, sans-serif; font-size: small;\">\u2022 Preporu\u010damo kori\u0161tenje UC128-OBF cilindara sa UP25, UP28, UP33 i UP39 serijama upravlja\u010da, kao i unaprijed sastavljenim crijevima (Kit OB i Kit OB\/R5).<\/p>\n<p style=\"color: rgb(34, 34, 34); font-family: Arial, Helvetica, sans-serif; font-size: small;\">\u2022 Za aplikacije koje uklju\u010duju duple UC128-OBF cilindre, naru\u010dite jedan standardni UC128-OBF cilindar (s povezivnom rukom na desnoj strani) i jedan port UC128P-OBF cilindar (s povezivnom rukom na lijevoj strani). Konzultirajte odjeljak sa povezivim \u0161ipkama kako biste odabrali prikladan model za konfiguracije s dvostrukim motorima i dvostrukim cilindrima.<\/p>\n<p style=\"color: rgb(34, 34, 34); font-family: Arial, Helvetica, sans-serif; font-size: small;\">PRIMJENE: UC128-OBF prednja montira cilindar NIJE pogodna za instalacije gdje brzine \u010damca prema\u0161uju 55 mph (48 \u010dvorova) ili 65 mph (56 \u010dvorova) u aplikacijama s dvostrukim motorima, dvostrukim cilindrima i suprotnim rotacijskim motorima. NIJE namijenjena za trka\u010dke svrhe.<\/p>\n","protected":false},"excerpt":{"rendered":"<p>Hidrauli\u010dni cilindar Ultraflex UC128P-OBF\/1 &#8211; Predstavljamo Ultraflex UC128P-OBF\/1 prednju montiranu cilindar, port verzija &#8211; uravnote\u017eena: Ovaj vrhunski dizajn jam\u010di da<\/p>\n","protected":false},"featured_media":5949223,"comment_status":"closed","ping_status":"closed","template":"","meta":[],"product_brand":[3501],"product_cat":[1823],"product_tag":[],"class_list":{"0":"post-3693663","1":"product","2":"type-product","3":"status-publish","4":"has-post-thumbnail","6":"product_brand-ultraflex-uflex-hr","7":"product_cat-hidraulicno-kormilarenje","9":"first","10":"instock","11":"shipping-taxable","12":"purchasable","13":"product-type-simple"},"_links":{"self":[{"href":"https:\/\/stoic-curie.212-227-153-4.plesk.page\/hr\/wp-json\/wp\/v2\/product\/3693663","targetHints":{"allow":["GET"]}}],"collection":[{"href":"https:\/\/stoic-curie.212-227-153-4.plesk.page\/hr\/wp-json\/wp\/v2\/product"}],"about":[{"href":"https:\/\/stoic-curie.212-227-153-4.plesk.page\/hr\/wp-json\/wp\/v2\/types\/product"}],"replies":[{"embeddable":true,"href":"https:\/\/stoic-curie.212-227-153-4.plesk.page\/hr\/wp-json\/wp\/v2\/comments?post=3693663"}],"version-history":[{"count":0,"href":"https:\/\/stoic-curie.212-227-153-4.plesk.page\/hr\/wp-json\/wp\/v2\/product\/3693663\/revisions"}],"wp:featuredmedia":[{"embeddable":true,"href":"https:\/\/stoic-curie.212-227-153-4.plesk.page\/hr\/wp-json\/wp\/v2\/media\/5949223"}],"wp:attachment":[{"href":"https:\/\/stoic-curie.212-227-153-4.plesk.page\/hr\/wp-json\/wp\/v2\/media?parent=3693663"}],"wp:term":[{"taxonomy":"product_brand","embeddable":true,"href":"https:\/\/stoic-curie.212-227-153-4.plesk.page\/hr\/wp-json\/wp\/v2\/product_brand?post=3693663"},{"taxonomy":"product_cat","embeddable":true,"href":"https:\/\/stoic-curie.212-227-153-4.plesk.page\/hr\/wp-json\/wp\/v2\/product_cat?post=3693663"},{"taxonomy":"product_tag","embeddable":true,"href":"https:\/\/stoic-curie.212-227-153-4.plesk.page\/hr\/wp-json\/wp\/v2\/product_tag?post=3693663"}],"curies":[{"name":"wp","href":"https:\/\/api.w.org\/{rel}","templated":true}]}}