{"id":5500832,"date":"2026-01-27T06:16:19","date_gmt":"2026-01-27T05:16:19","guid":{"rendered":"https:\/\/stoic-curie.212-227-153-4.plesk.page\/product\/vetus-libero-palubni-prozor-velicina-50\/"},"modified":"2026-02-25T00:00:38","modified_gmt":"2026-02-25T00:00:38","slug":"vetus-libero-palubni-prozor-velicina-50","status":"publish","type":"product","link":"https:\/\/stoic-curie.212-227-153-4.plesk.page\/hr\/product\/vetus-libero-palubni-prozor-velicina-50\/","title":{"rendered":"Vetus Libero palubni prozor velicina 50"},"content":{"rendered":"<p>Vetus Libero palubni prozor velicina 50 &#8211; <\/p>\n<p>Anodizirana aluminijska struktura i okvir Vetus otvora s 12 mm debelim dimnjakom akrilnom le\u0107om. Opremljeni su \u0161arkama za trenje koje omogu\u0107uju da ostanu otvoreni u bilo kojem polo\u017eaju do 180\u00b0. Visina iznad palube: 50 mm. CE klasa AII certificiran.<\/p>\n","protected":false},"excerpt":{"rendered":"<p>Vetus Libero palubni prozor velicina 50 &#8211; Anodizirana aluminijska struktura i okvir Vetus otvora s 12 mm debelim dimnjakom akrilnom<\/p>\n","protected":false},"featured_media":5937256,"comment_status":"open","ping_status":"closed","template":"","meta":[],"product_brand":[3521],"product_cat":[1702],"product_tag":[],"class_list":{"0":"post-5500832","1":"product","2":"type-product","3":"status-publish","4":"has-post-thumbnail","6":"product_brand-vetus-hr","7":"product_cat-brodske-grotlasca-i-otvori","9":"first","10":"instock","11":"shipping-taxable","12":"purchasable","13":"product-type-simple"},"_links":{"self":[{"href":"https:\/\/stoic-curie.212-227-153-4.plesk.page\/hr\/wp-json\/wp\/v2\/product\/5500832","targetHints":{"allow":["GET"]}}],"collection":[{"href":"https:\/\/stoic-curie.212-227-153-4.plesk.page\/hr\/wp-json\/wp\/v2\/product"}],"about":[{"href":"https:\/\/stoic-curie.212-227-153-4.plesk.page\/hr\/wp-json\/wp\/v2\/types\/product"}],"replies":[{"embeddable":true,"href":"https:\/\/stoic-curie.212-227-153-4.plesk.page\/hr\/wp-json\/wp\/v2\/comments?post=5500832"}],"version-history":[{"count":0,"href":"https:\/\/stoic-curie.212-227-153-4.plesk.page\/hr\/wp-json\/wp\/v2\/product\/5500832\/revisions"}],"wp:featuredmedia":[{"embeddable":true,"href":"https:\/\/stoic-curie.212-227-153-4.plesk.page\/hr\/wp-json\/wp\/v2\/media\/5937256"}],"wp:attachment":[{"href":"https:\/\/stoic-curie.212-227-153-4.plesk.page\/hr\/wp-json\/wp\/v2\/media?parent=5500832"}],"wp:term":[{"taxonomy":"product_brand","embeddable":true,"href":"https:\/\/stoic-curie.212-227-153-4.plesk.page\/hr\/wp-json\/wp\/v2\/product_brand?post=5500832"},{"taxonomy":"product_cat","embeddable":true,"href":"https:\/\/stoic-curie.212-227-153-4.plesk.page\/hr\/wp-json\/wp\/v2\/product_cat?post=5500832"},{"taxonomy":"product_tag","embeddable":true,"href":"https:\/\/stoic-curie.212-227-153-4.plesk.page\/hr\/wp-json\/wp\/v2\/product_tag?post=5500832"}],"curies":[{"name":"wp","href":"https:\/\/api.w.org\/{rel}","templated":true}]}}