{"id":5500833,"date":"2026-01-27T06:16:19","date_gmt":"2026-01-27T05:16:19","guid":{"rendered":"https:\/\/stoic-curie.212-227-153-4.plesk.page\/product\/vetus-palubni-prozor-libero-62\/"},"modified":"2026-02-25T00:00:38","modified_gmt":"2026-02-25T00:00:38","slug":"vetus-palubni-prozor-libero-62","status":"publish","type":"product","link":"https:\/\/stoic-curie.212-227-153-4.plesk.page\/hr\/product\/vetus-palubni-prozor-libero-62\/","title":{"rendered":"Vetus palubni prozor Libero 62"},"content":{"rendered":"<p>Vetus palubni prozor Libero 62 &#8211; <\/p>\n<p style=\"color: rgb(34, 34, 34); font-family: Arial, Helvetica, sans-serif; font-size: small;\">Vetus Libero 62 (Model LIB6255L) ima ru\u010dno poliran anodizirani aluminijski okvir s radijusom kuta od 32 mm ili 55 mm. Poklopac je izra\u0111en od 10 mm tamno dimnog akrila. Ove izlazne i palubne otvore uklju\u010duju podesive mehanizme koji omogu\u0107uju da poklopac ostane otvoren pod gotovo bilo kojim kutom, sve do 90\u00b0. LIBERO tip je dizajniran za Kategoriju A, Podru\u010dje II.<\/p>\n<p style=\"color: rgb(34, 34, 34); font-family: Arial, Helvetica, sans-serif; font-size: small;\">Prva slika prikazuje jedan od varijanti na\u0161ih LIBERO otvora, koji se razlikuju u obliku, broju \u0161arki, pode\u0161iva\u010dima i ru\u010dkama. Za vi\u0161e detalja, molimo pogledajte odjeljak s dodatnim informacijama.<\/p>\n<p style=\"color: rgb(34, 34, 34); font-family: Arial, Helvetica, sans-serif; font-size: small;\">Klju\u010dne specifikacije uklju\u010duju:<\/p>\n<ul style=\"color: rgb(34, 34, 34); font-family: Arial, Helvetica, sans-serif; font-size: small;\">\n<li>Anodizirana aluminijska struktura i okvir<\/li>\n<li>12 mm debela dimna akrilna le\u0107a<\/li>\n<li>Fleksibilne \u0161arke koje omogu\u0107uju da otvor ostane otvoren u bilo kojem polo\u017eaju do 180\u00b0<\/li>\n<li>Visina na palubi od 50 mm<\/li>\n<li>CE klasa AII certifikat<\/li>\n<\/ul>\n<p style=\"color: rgb(34, 34, 34); font-family: Arial, Helvetica, sans-serif; font-size: small;\">Dodatni detalji:<\/p>\n<ul style=\"color: rgb(34, 34, 34); font-family: Arial, Helvetica, sans-serif; font-size: small;\">\n<li>Materijal: Aluminij<\/li>\n<li>Broj ru\u010dki: 2<\/li>\n<li>Vrsta komarnika: HCM6262<\/li>\n<li>CE oznaka: AII<\/li>\n<li>Oblik: Kvadrat<\/li>\n<li>Otvorena stakla: Okvireni<\/li>\n<li>Fleksibilne \u0161arke: Da<\/li>\n<li>Vrsta otvora: Izlazni<\/li>\n<li>Du\u017eina: 680 mm<\/li>\n<li>\u0160irina: 680 mm<\/li>\n<li>Radijus izreza: 55 mm<\/li>\n<li>Visina izreza: 620 mm<\/li>\n<li>Duljina izreza: 620 mm<\/li>\n<\/ul>\n","protected":false},"excerpt":{"rendered":"<p>Vetus palubni prozor Libero 62 &#8211; Vetus Libero 62 (Model LIB6255L) ima ru\u010dno poliran anodizirani aluminijski okvir s radijusom kuta<\/p>\n","protected":false},"featured_media":5937256,"comment_status":"open","ping_status":"closed","template":"","meta":[],"product_brand":[3521],"product_cat":[1702],"product_tag":[],"class_list":{"0":"post-5500833","1":"product","2":"type-product","3":"status-publish","4":"has-post-thumbnail","6":"product_brand-vetus-hr","7":"product_cat-brodske-grotlasca-i-otvori","9":"first","10":"instock","11":"shipping-taxable","12":"purchasable","13":"product-type-simple"},"_links":{"self":[{"href":"https:\/\/stoic-curie.212-227-153-4.plesk.page\/hr\/wp-json\/wp\/v2\/product\/5500833","targetHints":{"allow":["GET"]}}],"collection":[{"href":"https:\/\/stoic-curie.212-227-153-4.plesk.page\/hr\/wp-json\/wp\/v2\/product"}],"about":[{"href":"https:\/\/stoic-curie.212-227-153-4.plesk.page\/hr\/wp-json\/wp\/v2\/types\/product"}],"replies":[{"embeddable":true,"href":"https:\/\/stoic-curie.212-227-153-4.plesk.page\/hr\/wp-json\/wp\/v2\/comments?post=5500833"}],"version-history":[{"count":0,"href":"https:\/\/stoic-curie.212-227-153-4.plesk.page\/hr\/wp-json\/wp\/v2\/product\/5500833\/revisions"}],"wp:featuredmedia":[{"embeddable":true,"href":"https:\/\/stoic-curie.212-227-153-4.plesk.page\/hr\/wp-json\/wp\/v2\/media\/5937256"}],"wp:attachment":[{"href":"https:\/\/stoic-curie.212-227-153-4.plesk.page\/hr\/wp-json\/wp\/v2\/media?parent=5500833"}],"wp:term":[{"taxonomy":"product_brand","embeddable":true,"href":"https:\/\/stoic-curie.212-227-153-4.plesk.page\/hr\/wp-json\/wp\/v2\/product_brand?post=5500833"},{"taxonomy":"product_cat","embeddable":true,"href":"https:\/\/stoic-curie.212-227-153-4.plesk.page\/hr\/wp-json\/wp\/v2\/product_cat?post=5500833"},{"taxonomy":"product_tag","embeddable":true,"href":"https:\/\/stoic-curie.212-227-153-4.plesk.page\/hr\/wp-json\/wp\/v2\/product_tag?post=5500833"}],"curies":[{"name":"wp","href":"https:\/\/api.w.org\/{rel}","templated":true}]}}