{"id":5500834,"date":"2026-01-27T06:16:21","date_gmt":"2026-01-27T05:16:21","guid":{"rendered":"https:\/\/stoic-curie.212-227-153-4.plesk.page\/product\/vetus-agm-baterije-140-amp\/"},"modified":"2026-02-25T00:00:40","modified_gmt":"2026-02-25T00:00:40","slug":"vetus-agm-baterije-140-amp","status":"publish","type":"product","link":"https:\/\/stoic-curie.212-227-153-4.plesk.page\/hr\/product\/vetus-agm-baterije-140-amp\/","title":{"rendered":"Vetus AGM baterije 140 amp"},"content":{"rendered":"<p>Vetus AGM baterije 140 amp &#8211; <\/p>\n<p>Vetus akumulatori s AGM (Absorbirana staklena mat) tehnologijom. Zape\u010da\u0107eni, ne zahtijevaju odr\u017eavanje. Dizajnirani za morsku upotrebu, s niskim samopra\u017enjenjem, idealni su za ponovno pokretanje motora na po\u010detku sljede\u0107e sezone. Vrlo \u010dvrsti; ako su o\u0161te\u0107eni, ne ispu\u0161taju teku\u0107ine i nastavljaju raditi zahvaljuju\u0107i staklenim separatorima umetnutim izme\u0111u plo\u010da. Posebno dizajnirani za cikli\u010dnu upotrebu.<\/p>\n","protected":false},"excerpt":{"rendered":"<p>Vetus AGM baterije 140 amp &#8211; Vetus akumulatori s AGM (Absorbirana staklena mat) tehnologijom. Zape\u010da\u0107eni, ne zahtijevaju odr\u017eavanje. Dizajnirani za<\/p>\n","protected":false},"featured_media":5937512,"comment_status":"open","ping_status":"closed","template":"","meta":[],"product_brand":[3521],"product_cat":[1729],"product_tag":[],"class_list":{"0":"post-5500834","1":"product","2":"type-product","3":"status-publish","4":"has-post-thumbnail","6":"product_brand-vetus-hr","7":"product_cat-baterije","9":"first","10":"instock","11":"shipping-taxable","12":"purchasable","13":"product-type-simple"},"_links":{"self":[{"href":"https:\/\/stoic-curie.212-227-153-4.plesk.page\/hr\/wp-json\/wp\/v2\/product\/5500834","targetHints":{"allow":["GET"]}}],"collection":[{"href":"https:\/\/stoic-curie.212-227-153-4.plesk.page\/hr\/wp-json\/wp\/v2\/product"}],"about":[{"href":"https:\/\/stoic-curie.212-227-153-4.plesk.page\/hr\/wp-json\/wp\/v2\/types\/product"}],"replies":[{"embeddable":true,"href":"https:\/\/stoic-curie.212-227-153-4.plesk.page\/hr\/wp-json\/wp\/v2\/comments?post=5500834"}],"version-history":[{"count":0,"href":"https:\/\/stoic-curie.212-227-153-4.plesk.page\/hr\/wp-json\/wp\/v2\/product\/5500834\/revisions"}],"wp:featuredmedia":[{"embeddable":true,"href":"https:\/\/stoic-curie.212-227-153-4.plesk.page\/hr\/wp-json\/wp\/v2\/media\/5937512"}],"wp:attachment":[{"href":"https:\/\/stoic-curie.212-227-153-4.plesk.page\/hr\/wp-json\/wp\/v2\/media?parent=5500834"}],"wp:term":[{"taxonomy":"product_brand","embeddable":true,"href":"https:\/\/stoic-curie.212-227-153-4.plesk.page\/hr\/wp-json\/wp\/v2\/product_brand?post=5500834"},{"taxonomy":"product_cat","embeddable":true,"href":"https:\/\/stoic-curie.212-227-153-4.plesk.page\/hr\/wp-json\/wp\/v2\/product_cat?post=5500834"},{"taxonomy":"product_tag","embeddable":true,"href":"https:\/\/stoic-curie.212-227-153-4.plesk.page\/hr\/wp-json\/wp\/v2\/product_tag?post=5500834"}],"curies":[{"name":"wp","href":"https:\/\/api.w.org\/{rel}","templated":true}]}}