{"id":5500835,"date":"2026-01-27T06:16:22","date_gmt":"2026-01-27T05:16:22","guid":{"rendered":"https:\/\/stoic-curie.212-227-153-4.plesk.page\/product\/vetus-agm-baterije-170-amp\/"},"modified":"2026-02-25T00:00:40","modified_gmt":"2026-02-25T00:00:40","slug":"vetus-agm-baterije-170-amp","status":"publish","type":"product","link":"https:\/\/stoic-curie.212-227-153-4.plesk.page\/hr\/product\/vetus-agm-baterije-170-amp\/","title":{"rendered":"Vetus AGM baterije 170 amp"},"content":{"rendered":"<p>Vetus AGM baterije 170 amp &#8211; <\/p>\n<p style=\"color: rgb(34, 34, 34); font-family: Arial, Helvetica, sans-serif; font-size: small;\">Elektrolit u ovim baterijama smje\u0161ten je u separatorima od staklenih vlakana koji su postavljeni izme\u0111u plo\u010da baterije. Ova konstrukcija u\u010dinkovito sprje\u010dava curenje tijekom standardnog rada. \u010cak i u slu\u010daju slu\u010dajnog pada koji o\u0161teti ku\u0107i\u0161te, elektrolit ostaje sigurno zatvoren unutar staklenih vlakana. Ovaj dizajn baterije je siguran za zra\u010dni transport i slu\u017ei kao zamjena za ranije serije VETUS AGM baterija.<\/p>\n<p style=\"color: rgb(34, 34, 34); font-family: Arial, Helvetica, sans-serif; font-size: small;\">VETUS AGM (Absorbed Glass Mat) baterije su potpuno zatvorene i ne zahtijevaju odr\u017eavanje. Specijalno su dizajnirane za pomorsku upotrebu, \u0161to ih \u010dini savr\u0161enima za pokretanje motora, upravljanje vitlima i napajanje pram\u010danih potisnika. Ove baterije pru\u017eaju visoke Marine Cranking Amps (MCA), pokazuju niske stope samopra\u017enjenja i izra\u0111ene su da izdr\u017ee o\u0161te\u0107enja. Ako do\u0111e do kompromitacije, ne curi teku\u0107ina i nastavljaju funkcionirati u\u010dinkovito. Posebno su idealne za kontinuirane cikli\u010dne primjene, posebno kada je mogu\u0107e trenutno punjenje.<\/p>\n<p style=\"color: rgb(34, 34, 34); font-family: Arial, Helvetica, sans-serif; font-size: small;\"><strong>Specifikacije<\/strong><\/p>\n<ul style=\"color: rgb(34, 34, 34); font-family: Arial, Helvetica, sans-serif; font-size: small;\">\n<li>Cold Cranking Amps (CCA EN): 1100 A<\/li>\n<li>Rezervna kapacitet (minute pri 25A): 300<\/li>\n<li>Kapacitet C20 (Ah): 170 Ah<\/li>\n<li>Kapacitet C5 (Ah): 130 Ah<\/li>\n<li>Napon: 12 V<\/li>\n<li>Te\u017eina: 46.6 kg<\/li>\n<li>Duljina: 513 mm<\/li>\n<li>Visina: 223 mm<\/li>\n<li>\u0160irina: 223 mm<\/li>\n<\/ul>\n","protected":false},"excerpt":{"rendered":"<p>Vetus AGM baterije 170 amp &#8211; Elektrolit u ovim baterijama smje\u0161ten je u separatorima od staklenih vlakana koji su postavljeni<\/p>\n","protected":false},"featured_media":5937512,"comment_status":"open","ping_status":"closed","template":"","meta":[],"product_brand":[3521],"product_cat":[1729],"product_tag":[],"class_list":{"0":"post-5500835","1":"product","2":"type-product","3":"status-publish","4":"has-post-thumbnail","6":"product_brand-vetus-hr","7":"product_cat-baterije","9":"first","10":"instock","11":"shipping-taxable","12":"purchasable","13":"product-type-simple"},"_links":{"self":[{"href":"https:\/\/stoic-curie.212-227-153-4.plesk.page\/hr\/wp-json\/wp\/v2\/product\/5500835","targetHints":{"allow":["GET"]}}],"collection":[{"href":"https:\/\/stoic-curie.212-227-153-4.plesk.page\/hr\/wp-json\/wp\/v2\/product"}],"about":[{"href":"https:\/\/stoic-curie.212-227-153-4.plesk.page\/hr\/wp-json\/wp\/v2\/types\/product"}],"replies":[{"embeddable":true,"href":"https:\/\/stoic-curie.212-227-153-4.plesk.page\/hr\/wp-json\/wp\/v2\/comments?post=5500835"}],"version-history":[{"count":0,"href":"https:\/\/stoic-curie.212-227-153-4.plesk.page\/hr\/wp-json\/wp\/v2\/product\/5500835\/revisions"}],"wp:featuredmedia":[{"embeddable":true,"href":"https:\/\/stoic-curie.212-227-153-4.plesk.page\/hr\/wp-json\/wp\/v2\/media\/5937512"}],"wp:attachment":[{"href":"https:\/\/stoic-curie.212-227-153-4.plesk.page\/hr\/wp-json\/wp\/v2\/media?parent=5500835"}],"wp:term":[{"taxonomy":"product_brand","embeddable":true,"href":"https:\/\/stoic-curie.212-227-153-4.plesk.page\/hr\/wp-json\/wp\/v2\/product_brand?post=5500835"},{"taxonomy":"product_cat","embeddable":true,"href":"https:\/\/stoic-curie.212-227-153-4.plesk.page\/hr\/wp-json\/wp\/v2\/product_cat?post=5500835"},{"taxonomy":"product_tag","embeddable":true,"href":"https:\/\/stoic-curie.212-227-153-4.plesk.page\/hr\/wp-json\/wp\/v2\/product_tag?post=5500835"}],"curies":[{"name":"wp","href":"https:\/\/api.w.org\/{rel}","templated":true}]}}