{"id":5500836,"date":"2026-01-27T06:16:23","date_gmt":"2026-01-27T05:16:23","guid":{"rendered":"https:\/\/stoic-curie.212-227-153-4.plesk.page\/product\/vetus-agm-baterije-220-amp\/"},"modified":"2026-02-25T00:00:40","modified_gmt":"2026-02-25T00:00:40","slug":"vetus-agm-baterije-220-amp","status":"publish","type":"product","link":"https:\/\/stoic-curie.212-227-153-4.plesk.page\/hr\/product\/vetus-agm-baterije-220-amp\/","title":{"rendered":"Vetus AGM baterije 220 amp"},"content":{"rendered":"<p>Vetus AGM baterije 220 amp &#8211; <\/p>\n<p>Vetus AGM (Absorbed Glass Mat) baterije pru\u017eaju pouzdanu, bez odr\u017eavanja opciju za pomorsku upotrebu. Ove zatvorene baterije su idealne za pokretanje motora, napajanje vitla i rad sidrenih potisnika. Sa zna\u010dajnim morskim strujnim amperima (MCA) i minimalnim stopama samopra\u017enjenja, dizajnirane su da izdr\u017ee te\u0161ke uvjete. \u010cak i ako pretrpe o\u0161te\u0107enje, ne\u0107e curiti teku\u0107inu i nastavit \u0107e raditi u\u010dinkovito. Osobito su prikladne za kontinuirane cikli\u010dne primjene, omogu\u0107uju\u0107i trenutnu punjenje.<\/p>\n<p>Ove duboke cikli\u010dne AGM baterije iz Vetusa mogu napajati ure\u0111aje ili djelovati kao starter baterije. Zadovoljavaju sve energetske potrebe na brodu i prilagodljive su za razne svrhe. Bilo da trebate opskrbiti niske struje za osvjetljenje, hla\u0111enje ili navigacijske elektronike tijekom dugih razdoblja, ili visoke struje za starter motore, sidrene potisnike, jedinice za klimatizaciju ili robustne invertere za kratka razdoblja, ove baterije izvrsno funkcioniraju.<\/p>\n<p><strong>Prednosti Vetus AGM baterija:<\/strong><\/p>\n<ul>\n<li> dostupne su u kapacitetima od 60 do 220 Ah<\/li>\n<li>idealne za sezonsku upotrebu zbog vrlo niske stope samopra\u017enjenja (&lt;3%)<\/li>\n<li>mogu se prazniti do 80% (80% dubine pra\u017enjenja)<\/li>\n<li>mogu izdr\u017eati 375 ciklusa punjenja\/pra\u017enjenja pri pravilnoj upotrebi na 80% DOD<\/li>\n<li>dizajnirane su da izdr\u017ee vibracije i udarce, s zatvorenim konstrukcijama koje sprje\u010davaju curenje kiseline<\/li>\n<li>konstruirane s legu olova i kalcija kako bi se smanjio gubitak vode i produ\u017eio radni vijek<\/li>\n<li>sigurna uporaba zagarantirana je VRLA tehnologijom, koja propu\u0161ta vi\u0161ak tla\u010dnog plina kroz ventile u slu\u010daju pogre\u0161nog ili neispravnog punjenja, iako to mo\u017ee dovesti do ranijeg tro\u0161enja<\/li>\n<li>proizvedene u EU<\/li>\n<\/ul>\n<p><strong>Tehni\u010dke specifikacije:<\/strong><\/p>\n<table>\n<thead>\n<tr>\n<th>Tip<\/th>\n<th>C20 kapacitet<\/th>\n<th>C5 kapacitet<\/th>\n<th>Hladni pokreta\u010dki amperi (CCA &#8211; EN)<\/th>\n<th>Rezerve kapaciteta na 25 A (minute)<\/th>\n<th>Dimenzije (D\u00d7\u0160\u00d7V u mm)<\/th>\n<th>Te\u017eina (kg)<\/th>\n<\/tr>\n<\/thead>\n<tbody>\n<tr>\n<td>VEAGM70<\/td>\n<td>70 Ah<\/td>\n<td>52 Ah<\/td>\n<td>660 A<\/td>\n<td>130<\/td>\n<td>278x175x190<\/td>\n<td>22.0<\/td>\n<\/tr>\n<tr>\n<td>VEAGM90<\/td>\n<td>90 Ah<\/td>\n<td>67 Ah<\/td>\n<td>780 A<\/td>\n<td>175<\/td>\n<td>353x175x190<\/td>\n<td>27.8<\/td>\n<\/tr>\n<tr>\n<td>VEAGM100<\/td>\n<td>100 Ah<\/td>\n<td>70 Ah<\/td>\n<td>680 A<\/td>\n<td>180<\/td>\n<td>345x175x190<\/td>\n<td>31.8<\/td>\n<\/tr>\n<tr>\n<td>VEAGM140<\/td>\n<td>140 Ah<\/td>\n<td>105 Ah<\/td>\n<td>800 A<\/td>\n<td>260<\/td>\n<td>513x189x223<\/td>\n<td>40.7<\/td>\n<\/tr>\n<tr>\n<td>VEAGM170<\/td>\n<td>170 Ah<\/td>\n<td>125 Ah<\/td>\n<td>1150 A<\/td>\n<td>300<\/td>\n<td>513x223x223<\/td>\n<td>46.6<\/td>\n<\/tr>\n<tr>\n<td>VEAGM185<\/td>\n<td>195 Ah<\/td>\n<td>145 Ah<\/td>\n<td>1100 A<\/td>\n<td>350<\/td>\n<td>514x274x242<\/td>\n<td>56.2<\/td>\n<\/tr>\n<tr>\n<td>VEAGM220<\/td>\n<td>220 Ah<\/td>\n<td>185 Ah<\/td>\n<td>1300 A<\/td>\n<td>430<\/td>\n<td>518x274x242<\/td>\n<td>60.7<\/td>\n<\/tr>\n<\/tbody>\n<\/table>\n<p>Odaberite Vetus AGM baterije za pouzdanu energiju i performanse dok ste na vodi.<\/p>\n","protected":false},"excerpt":{"rendered":"<p>Vetus AGM baterije 220 amp &#8211; Vetus AGM (Absorbed Glass Mat) baterije pru\u017eaju pouzdanu, bez odr\u017eavanja opciju za pomorsku upotrebu.<\/p>\n","protected":false},"featured_media":5937512,"comment_status":"open","ping_status":"closed","template":"","meta":[],"product_brand":[3521],"product_cat":[1729],"product_tag":[],"class_list":{"0":"post-5500836","1":"product","2":"type-product","3":"status-publish","4":"has-post-thumbnail","6":"product_brand-vetus-hr","7":"product_cat-baterije","9":"first","10":"instock","11":"shipping-taxable","12":"purchasable","13":"product-type-simple"},"_links":{"self":[{"href":"https:\/\/stoic-curie.212-227-153-4.plesk.page\/hr\/wp-json\/wp\/v2\/product\/5500836","targetHints":{"allow":["GET"]}}],"collection":[{"href":"https:\/\/stoic-curie.212-227-153-4.plesk.page\/hr\/wp-json\/wp\/v2\/product"}],"about":[{"href":"https:\/\/stoic-curie.212-227-153-4.plesk.page\/hr\/wp-json\/wp\/v2\/types\/product"}],"replies":[{"embeddable":true,"href":"https:\/\/stoic-curie.212-227-153-4.plesk.page\/hr\/wp-json\/wp\/v2\/comments?post=5500836"}],"version-history":[{"count":0,"href":"https:\/\/stoic-curie.212-227-153-4.plesk.page\/hr\/wp-json\/wp\/v2\/product\/5500836\/revisions"}],"wp:featuredmedia":[{"embeddable":true,"href":"https:\/\/stoic-curie.212-227-153-4.plesk.page\/hr\/wp-json\/wp\/v2\/media\/5937512"}],"wp:attachment":[{"href":"https:\/\/stoic-curie.212-227-153-4.plesk.page\/hr\/wp-json\/wp\/v2\/media?parent=5500836"}],"wp:term":[{"taxonomy":"product_brand","embeddable":true,"href":"https:\/\/stoic-curie.212-227-153-4.plesk.page\/hr\/wp-json\/wp\/v2\/product_brand?post=5500836"},{"taxonomy":"product_cat","embeddable":true,"href":"https:\/\/stoic-curie.212-227-153-4.plesk.page\/hr\/wp-json\/wp\/v2\/product_cat?post=5500836"},{"taxonomy":"product_tag","embeddable":true,"href":"https:\/\/stoic-curie.212-227-153-4.plesk.page\/hr\/wp-json\/wp\/v2\/product_tag?post=5500836"}],"curies":[{"name":"wp","href":"https:\/\/api.w.org\/{rel}","templated":true}]}}