{"id":5500838,"date":"2026-01-27T06:16:30","date_gmt":"2026-01-27T05:16:30","guid":{"rendered":"https:\/\/stoic-curie.212-227-153-4.plesk.page\/product\/t-tracnica-sprenger-hs-32-mm-x-2-mt\/"},"modified":"2026-02-25T00:00:49","modified_gmt":"2026-02-25T00:00:49","slug":"t-tracnica-sprenger-hs-32-mm-x-2-mt","status":"publish","type":"product","link":"https:\/\/stoic-curie.212-227-153-4.plesk.page\/hr\/product\/t-tracnica-sprenger-hs-32-mm-x-2-mt\/","title":{"rendered":"T-tra\u010dnica Sprenger HS 32 mm x 2 mt"},"content":{"rendered":"<p>T-tra\u010dnica Sprenger HS 32 mm x 2 mt &#8211; <\/p>\n<p>Genoa HS32 automobil i tra\u010dnice za \u010damce do 13 m (43&#8242;).<\/p>\n","protected":false},"excerpt":{"rendered":"<p>T-tra\u010dnica Sprenger HS 32 mm x 2 mt &#8211; Genoa HS32 automobil i tra\u010dnice za \u010damce do 13 m (43&#8242;).<\/p>\n","protected":false},"featured_media":5940012,"comment_status":"open","ping_status":"closed","template":"","meta":[],"product_brand":[3431],"product_cat":[1759],"product_tag":[],"class_list":{"0":"post-5500838","1":"product","2":"type-product","3":"status-publish","4":"has-post-thumbnail","6":"product_brand-sprenger-hs-hr","7":"product_cat-sustavi-klizaca-genove","9":"first","10":"instock","11":"shipping-taxable","12":"purchasable","13":"product-type-simple"},"_links":{"self":[{"href":"https:\/\/stoic-curie.212-227-153-4.plesk.page\/hr\/wp-json\/wp\/v2\/product\/5500838","targetHints":{"allow":["GET"]}}],"collection":[{"href":"https:\/\/stoic-curie.212-227-153-4.plesk.page\/hr\/wp-json\/wp\/v2\/product"}],"about":[{"href":"https:\/\/stoic-curie.212-227-153-4.plesk.page\/hr\/wp-json\/wp\/v2\/types\/product"}],"replies":[{"embeddable":true,"href":"https:\/\/stoic-curie.212-227-153-4.plesk.page\/hr\/wp-json\/wp\/v2\/comments?post=5500838"}],"version-history":[{"count":0,"href":"https:\/\/stoic-curie.212-227-153-4.plesk.page\/hr\/wp-json\/wp\/v2\/product\/5500838\/revisions"}],"wp:featuredmedia":[{"embeddable":true,"href":"https:\/\/stoic-curie.212-227-153-4.plesk.page\/hr\/wp-json\/wp\/v2\/media\/5940012"}],"wp:attachment":[{"href":"https:\/\/stoic-curie.212-227-153-4.plesk.page\/hr\/wp-json\/wp\/v2\/media?parent=5500838"}],"wp:term":[{"taxonomy":"product_brand","embeddable":true,"href":"https:\/\/stoic-curie.212-227-153-4.plesk.page\/hr\/wp-json\/wp\/v2\/product_brand?post=5500838"},{"taxonomy":"product_cat","embeddable":true,"href":"https:\/\/stoic-curie.212-227-153-4.plesk.page\/hr\/wp-json\/wp\/v2\/product_cat?post=5500838"},{"taxonomy":"product_tag","embeddable":true,"href":"https:\/\/stoic-curie.212-227-153-4.plesk.page\/hr\/wp-json\/wp\/v2\/product_tag?post=5500838"}],"curies":[{"name":"wp","href":"https:\/\/api.w.org\/{rel}","templated":true}]}}