{"id":5500839,"date":"2026-01-27T06:16:35","date_gmt":"2026-01-27T05:16:35","guid":{"rendered":"https:\/\/stoic-curie.212-227-153-4.plesk.page\/product\/sidro-toro-od-pocincanog-celika-10-kg\/"},"modified":"2026-02-25T00:00:53","modified_gmt":"2026-02-25T00:00:53","slug":"sidro-toro-od-pocincanog-celika-10-kg","status":"publish","type":"product","link":"https:\/\/stoic-curie.212-227-153-4.plesk.page\/hr\/product\/sidro-toro-od-pocincanog-celika-10-kg\/","title":{"rendered":"Sidro Toro od pocincanog \u010delika 10 kg"},"content":{"rendered":"<p>Sidro Toro od pocincanog \u010delika 10 kg &#8211; <\/p>\n<p><strong>Cinkani \u010celi\u010dni Sidro za Meke Morsko Dno<\/strong><\/p>\n<p>Ovo cinkano \u010deli\u010dno sidro je pa\u017eljivo osmi\u0161ljeno za optimalne performanse na mekim morskim dnu, uklju\u010duju\u0107i pjesak, blato i sluz. Njegova karakteristi\u010dna raspodjela te\u017eine na vrhu olak\u0161ava brzo prodor pod najpovoljnijim kutom, \u010dime se osigurava sigurno dr\u017eanje. Izra\u0111eno od visokokvalitetnog cinkanog manganskih \u010delika, ovo sidro od jednog komada je savr\u0161eno uravnote\u017eeno za slobodno spu\u0161tanje s prednjih valjaka, \u0161to ga \u010dini posebno pogodnim za upotrebu s daljinskim vjetrovima. Znatno te\u017eak teret smje\u0161ten u prednjem dijelu osigurava trenutno ugrizanje u morsko dno prilikom udarca. Nudimo do\u017eivotnu garanciju protiv lomljenja.<\/p>\n<p><strong>Karakteristike<\/strong><\/p>\n<ul>\n<li>Izra\u0111eno od visokokvalitetnog cinkanog manganog \u010delika<\/li>\n<li>Jedinstveni profil debla<\/li>\n<li>Te\u017eina na vrhu<\/li>\n<li>Samostartni dizajn<\/li>\n<li>Nizak centar gravitacije<\/li>\n<li>Samopopravna geometrija<\/li>\n<li>Trenutna sposobnost postavljanja<\/li>\n<li>Konzistentne i pouzdane performanse<\/li>\n<\/ul>\n<p><strong>Vru\u0107e Cinkana Sidra<\/strong><\/p>\n<p>Vru\u0107e cinkovanje je \u0161iroko priznato kao preferirana zavr\u0161na obrada za sidra koja se koriste na jedrilicama i motornih jahtama. Ova preferencija proizlazi prvenstveno iz visokih tro\u0161kova koji su povezani sa sidrima od nehr\u0111aju\u0107eg \u010delika, dok se aluminij obi\u010dno rezervira za kedge ili sekundarna sidra zbog svojih laganih osobina.<\/p>\n<p>Cinkani \u010delik predstavlja izvanredan izbor za proizvodnju sidara, jer je \u010dvrsto, te\u0161ka, izdr\u017eljivo u morskim okru\u017eenjima, relativno ekonomski isplativo i pogodna za slo\u017eene dizajne.<\/p>\n<p>Dok suvremena, tehnolo\u0161ki napredna sidra s boljom kapacitetom zadr\u017eavanja postaju sve po\u017eeljnija, tradicionalne dizajne su i dalje dostupni za one koji cijene klasi\u010dan oblik i profil.<\/p>\n<p><strong>Kompatibilnost s Prednjim Valjcima<\/strong><\/p>\n<p>Stariji dizajni sidara ve\u0107inom su izra\u0111eni od cinkanog \u010delika. Iako mo\u017eda ne nude napredne karakteristike performansi novih modela, \u010desto predstavljaju cijenovno u\u010dinkovitije rje\u0161enje za postavljanje na prednje valjke. Zamjena sidra sli\u010dnim modelom mo\u017ee donijeti zna\u010dajne u\u0161tede, a izbjegavanje modifikacija na spoju i rasporedu valjaka mo\u017ee dodatno pobolj\u0161ati tro\u0161kovnu u\u010dinkovitost. Dizajn i razvojni timovi su toga svjesni, a proizvo\u0111a\u010di novih dizajna \u010desto pru\u017eaju detaljne dimenzije i pune \u0161ablone kako bi pomogli kupcima da izbjegnu izazove instalacije.<\/p>\n","protected":false},"excerpt":{"rendered":"<p>Sidro Toro od pocincanog \u010delika 10 kg &#8211; Cinkani \u010celi\u010dni Sidro za Meke Morsko Dno Ovo cinkano \u010deli\u010dno sidro je<\/p>\n","protected":false},"featured_media":5941611,"comment_status":"open","ping_status":"closed","template":"","meta":[],"product_brand":[3086],"product_cat":[1866],"product_tag":[],"class_list":{"0":"post-5500839","1":"product","2":"type-product","3":"status-publish","4":"has-post-thumbnail","6":"product_brand-maggigroup-hr","7":"product_cat-sidra-delta","9":"first","10":"instock","11":"shipping-taxable","12":"purchasable","13":"product-type-simple"},"_links":{"self":[{"href":"https:\/\/stoic-curie.212-227-153-4.plesk.page\/hr\/wp-json\/wp\/v2\/product\/5500839","targetHints":{"allow":["GET"]}}],"collection":[{"href":"https:\/\/stoic-curie.212-227-153-4.plesk.page\/hr\/wp-json\/wp\/v2\/product"}],"about":[{"href":"https:\/\/stoic-curie.212-227-153-4.plesk.page\/hr\/wp-json\/wp\/v2\/types\/product"}],"replies":[{"embeddable":true,"href":"https:\/\/stoic-curie.212-227-153-4.plesk.page\/hr\/wp-json\/wp\/v2\/comments?post=5500839"}],"version-history":[{"count":0,"href":"https:\/\/stoic-curie.212-227-153-4.plesk.page\/hr\/wp-json\/wp\/v2\/product\/5500839\/revisions"}],"wp:featuredmedia":[{"embeddable":true,"href":"https:\/\/stoic-curie.212-227-153-4.plesk.page\/hr\/wp-json\/wp\/v2\/media\/5941611"}],"wp:attachment":[{"href":"https:\/\/stoic-curie.212-227-153-4.plesk.page\/hr\/wp-json\/wp\/v2\/media?parent=5500839"}],"wp:term":[{"taxonomy":"product_brand","embeddable":true,"href":"https:\/\/stoic-curie.212-227-153-4.plesk.page\/hr\/wp-json\/wp\/v2\/product_brand?post=5500839"},{"taxonomy":"product_cat","embeddable":true,"href":"https:\/\/stoic-curie.212-227-153-4.plesk.page\/hr\/wp-json\/wp\/v2\/product_cat?post=5500839"},{"taxonomy":"product_tag","embeddable":true,"href":"https:\/\/stoic-curie.212-227-153-4.plesk.page\/hr\/wp-json\/wp\/v2\/product_tag?post=5500839"}],"curies":[{"name":"wp","href":"https:\/\/api.w.org\/{rel}","templated":true}]}}