{"id":5500840,"date":"2026-01-27T06:16:35","date_gmt":"2026-01-27T05:16:35","guid":{"rendered":"https:\/\/stoic-curie.212-227-153-4.plesk.page\/product\/sidro-toro-od-pocincanog-celika-16-kg\/"},"modified":"2026-02-25T00:00:53","modified_gmt":"2026-02-25T00:00:53","slug":"sidro-toro-od-pocincanog-celika-16-kg","status":"publish","type":"product","link":"https:\/\/stoic-curie.212-227-153-4.plesk.page\/hr\/product\/sidro-toro-od-pocincanog-celika-16-kg\/","title":{"rendered":"Sidro Toro od pocincanog \u010delika 16 kg"},"content":{"rendered":"<p>Sidro Toro od pocincanog \u010delika 16 kg &#8211; <\/p>\n<p><strong>Galvanizirani \u010celi\u010dni Sidro za Mekane Morske Podloge<\/strong><\/p>\n<p>Ovo galvanizirano \u010deli\u010dno sidro je napravljeno za meke morske podloge poput pijeska, blata i mulja. Njegova posebna te\u017eina na vrhu poma\u017ee sidru da prona\u0111e najbolji kut za zakopavanje, osiguravaju\u0107i sna\u017eno dr\u017eanje. Izra\u0111eno od visokokvalitetnog galvaniziranog \u010delika od mangana, ovo jedinstveno sidro je dizajnirano da se lako oslobodi s prednjih valjaka. To ga \u010dini savr\u0161enim za upotrebu s daljinskim vitlima. Te\u0161ka te\u017eina u no\u017enom dijelu poma\u017ee mu da odmah dodirne morsko dno. Jam\u010dimo ga za \u017eivot protiv loma.<\/p>\n<p><strong>Karakteristike<\/strong><\/p>\n<ul>\n<li>Kvalitetna konstrukcija od galvaniziranog manganskog \u010delika<\/li>\n<li>Jedinstveni profil stablji\u010dne \u0161ipke<\/li>\n<li>Balansirana to\u010dka<\/li>\n<li>Samostalno pokretno dizajn<\/li>\n<li>Nizak centar gravitacije<\/li>\n<li>Samonormaliziraju\u0107i oblik<\/li>\n<li>Brzo se postavlja<\/li>\n<li>Pouzdane performanse<\/li>\n<\/ul>\n<p><strong>Vru\u0107e Galvanizirani Sidra<\/strong><\/p>\n<p>Vru\u0107e galvaniziranje je naj\u010de\u0161\u0107e zavr\u0161na obrada za sidra na jedrilicama i motornih jahtama. To je zbog toga \u0161to sidra od nehr\u0111aju\u0107eg \u010delika mogu biti preskupa za mnoge jedrili\u010dare. Aluminij se \u010desto koristi za kedge ili sekundarna sidra jer je lagan.<\/p>\n<p>Galvanizirani \u010delik je odli\u010dan izbor za sidra jer je jak, te\u017eak i izdr\u017eljiv u morskim okru\u017eenjima. Tako\u0111er je pristupa\u010dan i mo\u017ee se oblikovati u razli\u010ditim dizajnima.<\/p>\n<p>Dok su novi sidra s jakom snagom zadr\u017eavanja sada popularni, tradicionalni dizajni su jo\u0161 uvijek dostupni. Ova klasi\u010dna sidra privla\u010de one koji preferiraju bezvremenski izgled.<\/p>\n<p><strong>Kompatibilnost s Prednjim Valjcima<\/strong><\/p>\n<p>Stariji dizajni sidra obi\u010dno su napravljeni od galvaniziranog \u010delika. Iako mo\u017eda ne funkcioniraju tako dobro kao noviji modeli, mogu biti ekonomi\u010dnija opcija za prednje valjke. Zamjena sidra s sli\u010dnim modelom mo\u017ee vam pomo\u0107i u\u0161tedjeti novac. Tako\u0111er je pametno izbjegavati promjene na vrhu stabla i pode\u0161avanju valjka. To tako\u0111er mo\u017ee dovesti do zna\u010dajnih u\u0161teda. Dizajnerski timovi to razumiju. Proizvo\u0111a\u010di novih dizajna \u010desto daju detaljne veli\u010dine i predlo\u0161ke pune veli\u010dine. To poma\u017ee kupcima da izbjegnu probleme s instalacijom.<\/p>\n","protected":false},"excerpt":{"rendered":"<p>Sidro Toro od pocincanog \u010delika 16 kg &#8211; Galvanizirani \u010celi\u010dni Sidro za Mekane Morske Podloge Ovo galvanizirano \u010deli\u010dno sidro je<\/p>\n","protected":false},"featured_media":5941611,"comment_status":"open","ping_status":"closed","template":"","meta":[],"product_brand":[3086],"product_cat":[1866],"product_tag":[],"class_list":{"0":"post-5500840","1":"product","2":"type-product","3":"status-publish","4":"has-post-thumbnail","6":"product_brand-maggigroup-hr","7":"product_cat-sidra-delta","9":"first","10":"instock","11":"shipping-taxable","12":"purchasable","13":"product-type-simple"},"_links":{"self":[{"href":"https:\/\/stoic-curie.212-227-153-4.plesk.page\/hr\/wp-json\/wp\/v2\/product\/5500840","targetHints":{"allow":["GET"]}}],"collection":[{"href":"https:\/\/stoic-curie.212-227-153-4.plesk.page\/hr\/wp-json\/wp\/v2\/product"}],"about":[{"href":"https:\/\/stoic-curie.212-227-153-4.plesk.page\/hr\/wp-json\/wp\/v2\/types\/product"}],"replies":[{"embeddable":true,"href":"https:\/\/stoic-curie.212-227-153-4.plesk.page\/hr\/wp-json\/wp\/v2\/comments?post=5500840"}],"version-history":[{"count":0,"href":"https:\/\/stoic-curie.212-227-153-4.plesk.page\/hr\/wp-json\/wp\/v2\/product\/5500840\/revisions"}],"wp:featuredmedia":[{"embeddable":true,"href":"https:\/\/stoic-curie.212-227-153-4.plesk.page\/hr\/wp-json\/wp\/v2\/media\/5941611"}],"wp:attachment":[{"href":"https:\/\/stoic-curie.212-227-153-4.plesk.page\/hr\/wp-json\/wp\/v2\/media?parent=5500840"}],"wp:term":[{"taxonomy":"product_brand","embeddable":true,"href":"https:\/\/stoic-curie.212-227-153-4.plesk.page\/hr\/wp-json\/wp\/v2\/product_brand?post=5500840"},{"taxonomy":"product_cat","embeddable":true,"href":"https:\/\/stoic-curie.212-227-153-4.plesk.page\/hr\/wp-json\/wp\/v2\/product_cat?post=5500840"},{"taxonomy":"product_tag","embeddable":true,"href":"https:\/\/stoic-curie.212-227-153-4.plesk.page\/hr\/wp-json\/wp\/v2\/product_tag?post=5500840"}],"curies":[{"name":"wp","href":"https:\/\/api.w.org\/{rel}","templated":true}]}}