{"id":5500841,"date":"2026-01-27T06:16:36","date_gmt":"2026-01-27T05:16:36","guid":{"rendered":"https:\/\/stoic-curie.212-227-153-4.plesk.page\/product\/sidro-toro-od-pocincanog-celika-20-kg\/"},"modified":"2026-02-25T00:00:53","modified_gmt":"2026-02-25T00:00:53","slug":"sidro-toro-od-pocincanog-celika-20-kg","status":"publish","type":"product","link":"https:\/\/stoic-curie.212-227-153-4.plesk.page\/hr\/product\/sidro-toro-od-pocincanog-celika-20-kg\/","title":{"rendered":"Sidro Toro od pocincanog \u010delika 20 kg"},"content":{"rendered":"<p>Sidro Toro od pocincanog \u010delika 20 kg &#8211; <\/p>\n<p>Galvanizirani \u010deli\u010dni sidro posebno je dizajnirano za meke morski podloge poput pijeska, blata i blata. Njegova jedinstvena raspodjela te\u017eine omogu\u0107ava brzu penetraciju i stabilno dr\u017eanje. Izra\u0111eno od visokokvalitetnog galvaniziranog manganskog \u010delika, ovo sidro jednog komada je uravnote\u017eeno za lako postavljanje s prednjih valjaka, \u0161to ga \u010dini pogodnim za udaljene vitla. Te\u0161ki balast osigurava trenuta\u010dno anga\u017eiranje s morskim dnom, a dolazi s do\u017eivotnom garancijom protiv lomljenja.<\/p>\n<p><strong>Karakteristike uklju\u010duju:<\/strong><\/p>\n<ul>\n<li>Visokokvalitetni galvanizirani mangan \u010delik<\/li>\n<li>Jedinstveni profil stabljike<\/li>\n<li>Balastirana vrh<\/li>\n<li>Samopokretni dizajn<\/li>\n<li>Nizak centar gravitacije<\/li>\n<li>Samopravna geometrija<\/li>\n<li>Trenutno postavljanje<\/li>\n<li>Pouzdane performanse<\/li>\n<\/ul>\n<p>Vru\u0107e pocin\u010davanje je popularna zavr\u0161na obrada za sidra, budu\u0107i da nehr\u0111aju\u0107i \u010delik mo\u017ee biti skup, dok se aluminij \u010desto koristi za sekundarna sidra. Galvanizirani \u010delik je jak, izdr\u017eljiv i pristupa\u010dan, \u0161to ga \u010dini idealnim za proizvodnju sidra. Tradicionalni dizajni i dalje su dostupni za one koji preferiraju klasi\u010dne oblike, a stariji galvanizirani \u010deli\u010dni sidra mogu biti isplativa opcija za kompatibilnost s valjcima, minimiziraju\u0107i prilagodbe instalacije.<\/p>\n","protected":false},"excerpt":{"rendered":"<p>Sidro Toro od pocincanog \u010delika 20 kg &#8211; Galvanizirani \u010deli\u010dni sidro posebno je dizajnirano za meke morski podloge poput pijeska,<\/p>\n","protected":false},"featured_media":5941611,"comment_status":"open","ping_status":"closed","template":"","meta":[],"product_brand":[3086],"product_cat":[1866],"product_tag":[],"class_list":{"0":"post-5500841","1":"product","2":"type-product","3":"status-publish","4":"has-post-thumbnail","6":"product_brand-maggigroup-hr","7":"product_cat-sidra-delta","9":"first","10":"instock","11":"shipping-taxable","12":"purchasable","13":"product-type-simple"},"_links":{"self":[{"href":"https:\/\/stoic-curie.212-227-153-4.plesk.page\/hr\/wp-json\/wp\/v2\/product\/5500841","targetHints":{"allow":["GET"]}}],"collection":[{"href":"https:\/\/stoic-curie.212-227-153-4.plesk.page\/hr\/wp-json\/wp\/v2\/product"}],"about":[{"href":"https:\/\/stoic-curie.212-227-153-4.plesk.page\/hr\/wp-json\/wp\/v2\/types\/product"}],"replies":[{"embeddable":true,"href":"https:\/\/stoic-curie.212-227-153-4.plesk.page\/hr\/wp-json\/wp\/v2\/comments?post=5500841"}],"version-history":[{"count":0,"href":"https:\/\/stoic-curie.212-227-153-4.plesk.page\/hr\/wp-json\/wp\/v2\/product\/5500841\/revisions"}],"wp:featuredmedia":[{"embeddable":true,"href":"https:\/\/stoic-curie.212-227-153-4.plesk.page\/hr\/wp-json\/wp\/v2\/media\/5941611"}],"wp:attachment":[{"href":"https:\/\/stoic-curie.212-227-153-4.plesk.page\/hr\/wp-json\/wp\/v2\/media?parent=5500841"}],"wp:term":[{"taxonomy":"product_brand","embeddable":true,"href":"https:\/\/stoic-curie.212-227-153-4.plesk.page\/hr\/wp-json\/wp\/v2\/product_brand?post=5500841"},{"taxonomy":"product_cat","embeddable":true,"href":"https:\/\/stoic-curie.212-227-153-4.plesk.page\/hr\/wp-json\/wp\/v2\/product_cat?post=5500841"},{"taxonomy":"product_tag","embeddable":true,"href":"https:\/\/stoic-curie.212-227-153-4.plesk.page\/hr\/wp-json\/wp\/v2\/product_tag?post=5500841"}],"curies":[{"name":"wp","href":"https:\/\/api.w.org\/{rel}","templated":true}]}}