{"id":5500843,"date":"2026-01-27T06:16:38","date_gmt":"2026-01-27T05:16:38","guid":{"rendered":"https:\/\/stoic-curie.212-227-153-4.plesk.page\/product\/sidro-toro-od-pocincanog-celika-32-kg\/"},"modified":"2026-02-25T00:00:53","modified_gmt":"2026-02-25T00:00:53","slug":"sidro-toro-od-pocincanog-celika-32-kg","status":"publish","type":"product","link":"https:\/\/stoic-curie.212-227-153-4.plesk.page\/hr\/product\/sidro-toro-od-pocincanog-celika-32-kg\/","title":{"rendered":"Sidro Toro od pocincanog \u010delika 32 kg"},"content":{"rendered":"<p>Sidro Toro od pocincanog \u010delika 32 kg &#8211; <\/p>\n<p><strong>Galvanizirani \u010deli\u010dni sidro za mekana morska dno<\/strong><\/p>\n<p>Ovo galvanizirano \u010deli\u010dno sidro posebno je dizajnirano za upotrebu na mekanim morskim dnom, uklju\u010duju\u0107i pijesak, blato i sluz. Njegova jedinstvena raspodjela te\u017eine na vrhu omogu\u0107uje sidru brzo da prona\u0111e optimalni kut za prodiranje, osiguravaju\u0107i stabilno dr\u017eanje. Izra\u0111eno od visokokvalitetnog galvaniziranog manganskog \u010delika, ovo sidro u jednom komadu je uravnote\u017eeno, tako da slobodno pada s valjaka na pramcu, \u0161to ga \u010dini pogodnim za upotrebu s daljinskim vitlima. Te\u0161ki teret u dijelu za prste osigurava da se sidro zagrabi u morsko dno pri udarcu. Nudimo do\u017eivotnu garanciju protiv lomljenja.<\/p>\n<p><strong>Karakteristike<\/strong><\/p>\n<ul>\n<li>Konstrukcija od visokog kvaliteta galvaniziranog manganskog \u010delika<\/li>\n<li>Jedinstveni profil stabla<\/li>\n<li>Balansirana to\u010dka<\/li>\n<li>Samostalni dizajn<\/li>\n<li>Nizak centar gravitacije<\/li>\n<li>Geometrija koja se sama uspravlja<\/li>\n<li>Momentano postavljanje<\/li>\n<li>Konzistentne i pouzdane performanse<\/li>\n<\/ul>\n<p><strong>Sidra galvanizirana vru\u0107im uranjanjem<\/strong><\/p>\n<p>Urovna galvanizacija je naj\u010de\u0161\u0107e kori\u0161ten zavr\u0161etak za sidra na jedrilicama i motornih jahtama. To je prvenstveno zato \u0161to sidra od nehr\u0111aju\u0107eg \u010delika mogu biti nepristojno skupa za mnoge jedrili\u010dare, dok se aluminij obi\u010dno koristi za kedge ili sekundarna sidra zbog svojih laganih svojstava.<\/p>\n<p>Galvanizirani \u010delik je izvrstan materijal za proizvodnju sidara jer je jak, te\u017eak, izdr\u017eljiv u morskim sredinama, relativno pristupa\u010dan i mo\u017ee se oblikovati u slo\u017eene dizajne.<\/p>\n<p>Dok su moderna, tehnolo\u0161ki napredna sidra s visokom snagom dr\u017eanja popularna danas, tradicionalni dizajni ostaju dostupni za one koji preferiraju klasi\u010dne oblike i profile.<\/p>\n<p><strong>Kompatibilnost s valjcima na pramcu<\/strong><\/p>\n<p>Stariji dizajni sidara obi\u010dno su napravljeni od galvaniziranog \u010delika. Iako mo\u017eda ne nude napredne performanse novijih modela, mogu biti isplativija opcija za postavljanje na valjcima na pramcu. Zamjena sidra s sli\u010dnim modelom mo\u017ee rezultirati u\u0161tedama tro\u0161kova, a izbjegavanje izmjena na glavi i rasporedu valjka mo\u017ee donijeti zna\u010dajne financijske pogodnosti. Dizajnerski i razvojni timovi to prepoznaju, a proizvo\u0111a\u010di novih dizajna \u010desto pru\u017eaju detaljne dimenzije i predlo\u0161ke pune veli\u010dine kako bi pomogli kupcima da izbjegnu probleme s instalacijom.<\/p>\n","protected":false},"excerpt":{"rendered":"<p>Sidro Toro od pocincanog \u010delika 32 kg &#8211; Galvanizirani \u010deli\u010dni sidro za mekana morska dno Ovo galvanizirano \u010deli\u010dno sidro posebno<\/p>\n","protected":false},"featured_media":5941611,"comment_status":"open","ping_status":"closed","template":"","meta":[],"product_brand":[3086],"product_cat":[1866],"product_tag":[],"class_list":{"0":"post-5500843","1":"product","2":"type-product","3":"status-publish","4":"has-post-thumbnail","6":"product_brand-maggigroup-hr","7":"product_cat-sidra-delta","9":"first","10":"instock","11":"shipping-taxable","12":"purchasable","13":"product-type-simple"},"_links":{"self":[{"href":"https:\/\/stoic-curie.212-227-153-4.plesk.page\/hr\/wp-json\/wp\/v2\/product\/5500843","targetHints":{"allow":["GET"]}}],"collection":[{"href":"https:\/\/stoic-curie.212-227-153-4.plesk.page\/hr\/wp-json\/wp\/v2\/product"}],"about":[{"href":"https:\/\/stoic-curie.212-227-153-4.plesk.page\/hr\/wp-json\/wp\/v2\/types\/product"}],"replies":[{"embeddable":true,"href":"https:\/\/stoic-curie.212-227-153-4.plesk.page\/hr\/wp-json\/wp\/v2\/comments?post=5500843"}],"version-history":[{"count":0,"href":"https:\/\/stoic-curie.212-227-153-4.plesk.page\/hr\/wp-json\/wp\/v2\/product\/5500843\/revisions"}],"wp:featuredmedia":[{"embeddable":true,"href":"https:\/\/stoic-curie.212-227-153-4.plesk.page\/hr\/wp-json\/wp\/v2\/media\/5941611"}],"wp:attachment":[{"href":"https:\/\/stoic-curie.212-227-153-4.plesk.page\/hr\/wp-json\/wp\/v2\/media?parent=5500843"}],"wp:term":[{"taxonomy":"product_brand","embeddable":true,"href":"https:\/\/stoic-curie.212-227-153-4.plesk.page\/hr\/wp-json\/wp\/v2\/product_brand?post=5500843"},{"taxonomy":"product_cat","embeddable":true,"href":"https:\/\/stoic-curie.212-227-153-4.plesk.page\/hr\/wp-json\/wp\/v2\/product_cat?post=5500843"},{"taxonomy":"product_tag","embeddable":true,"href":"https:\/\/stoic-curie.212-227-153-4.plesk.page\/hr\/wp-json\/wp\/v2\/product_tag?post=5500843"}],"curies":[{"name":"wp","href":"https:\/\/api.w.org\/{rel}","templated":true}]}}