{"id":5500844,"date":"2026-01-27T06:16:39","date_gmt":"2026-01-27T05:16:39","guid":{"rendered":"https:\/\/stoic-curie.212-227-153-4.plesk.page\/product\/sidro-toro-od-pocincanog-celika-40-kg\/"},"modified":"2026-02-25T00:00:53","modified_gmt":"2026-02-25T00:00:53","slug":"sidro-toro-od-pocincanog-celika-40-kg","status":"publish","type":"product","link":"https:\/\/stoic-curie.212-227-153-4.plesk.page\/hr\/product\/sidro-toro-od-pocincanog-celika-40-kg\/","title":{"rendered":"Sidro Toro od pocincanog \u010delika 40 kg"},"content":{"rendered":"<p>Sidro Toro od pocincanog \u010delika 40 kg &#8211; <\/p>\n<p><strong>Galvanizirani \u010deli\u010dni sidro za meke morska dno<\/strong><\/p>\n<p>Ovo galvanizirano \u010deli\u010dno sidro posebno je osmi\u0161ljeno za kori\u0161tenje u mekim morskim dnu, uklju\u010duju\u0107i pijesak, blato i sluz. Njegova karakteristi\u010dna raspodjela te\u017eine na vrhu omogu\u0107uje sidru brzo dosegnuti optimalni kut prodiranja, \u010dime se osigurava sigurno dr\u017eanje. Izra\u0111eno od visokokvalitetnog galvaniziranog mangan \u010delika, ovo jednoslojno sidro je dizajnirano tako da slobodno pada s valjaka pramca, \u0161to ga \u010dini posebno pogodnim za kori\u0161tenje s daljinskim vjetroelektranama. Zna\u010dajan balast u dijelu prsta jam\u010di da se sidro zalijepi za morsko dno prilikom udarca. Nudimo do\u017eivotno jamstvo protiv lomljenja.<\/p>\n<p><strong>Karakteristike<\/strong><\/p>\n<ul>\n<li>Izradnja od visokokvalitetnog galvaniziranog mangan \u010delika<\/li>\n<li>Jedinstveni profil dr\u0161ke<\/li>\n<li>Te\u017ei vrh<\/li>\n<li>Samopokretnu dizajn<\/li>\n<li>Nizak centar gravitacije<\/li>\n<li>Samopravna geometrija<\/li>\n<li>Odmah postavljanje mogu\u0107nosti<\/li>\n<li>Konstantne i pouzdane performanse<\/li>\n<\/ul>\n<p><strong>Vru\u0107e pocin\u010dana sidra<\/strong><\/p>\n<p>Vru\u0107e pocin\u010davanje je omiljeni zavr\u0161etak za sidra koja se koriste na jedrilicama i motornim jahtama. Ova preferencija proizlazi primarno iz \u010dinjenice da sidra od nehr\u0111aju\u0107eg \u010delika mogu biti prohibitivno skupe za mnoge moreplovce, dok je aluminij obi\u010dno rezerviran za kedge ili sekundarna sidra zbog svojih laganih osobina.<\/p>\n<p>Galvanizirani \u010delik je odli\u010dan materijal za proizvodnju sidara, jer je jak, te\u017eak, izdr\u017eljiv u morskim okru\u017eenjima, relativno povoljan i prikladan za slo\u017eene dizajne.<\/p>\n<p>Dok suvremena, tehnolo\u0161ki napredna sidra s visokom snagom zadr\u017eavanja dobivaju na popularnosti, tradicionalni dizajni i dalje su dostupni za one koji preferiraju klasi\u010dni oblik i profil.<\/p>\n<p><strong>Kompatibilnost s valjcima pramca<\/strong><\/p>\n<p>Stariji dizajni sidra obi\u010dno su izra\u0111eni od galvaniziranog \u010delika. Iako mo\u017eda ne pru\u017eaju napredne performanse novijih modela, mogu predstavljati isplativije rje\u0161enje za ugradnju na pram\u010danim valjcima. Zamjena sidra s sli\u010dnim modelom mo\u017ee rezultirati financijskim u\u0161tedama, a izbjegavanje preinaka na glavici i postavci valjka mo\u017ee rezultirati zna\u010dajnim smanjenjem tro\u0161kova. Timovi za dizajn i razvoj prepoznaju to, a proizvo\u0111a\u010di novih dizajna \u010desto nude detaljne dimenzije i pune veli\u010dine predlo\u0161ke kako bi pomogli kupcima da izbjegnu problema s instalacijom.<\/p>\n","protected":false},"excerpt":{"rendered":"<p>Sidro Toro od pocincanog \u010delika 40 kg &#8211; Galvanizirani \u010deli\u010dni sidro za meke morska dno Ovo galvanizirano \u010deli\u010dno sidro posebno<\/p>\n","protected":false},"featured_media":5941611,"comment_status":"open","ping_status":"closed","template":"","meta":[],"product_brand":[3086],"product_cat":[1866],"product_tag":[],"class_list":{"0":"post-5500844","1":"product","2":"type-product","3":"status-publish","4":"has-post-thumbnail","6":"product_brand-maggigroup-hr","7":"product_cat-sidra-delta","9":"first","10":"instock","11":"shipping-taxable","12":"purchasable","13":"product-type-simple"},"_links":{"self":[{"href":"https:\/\/stoic-curie.212-227-153-4.plesk.page\/hr\/wp-json\/wp\/v2\/product\/5500844","targetHints":{"allow":["GET"]}}],"collection":[{"href":"https:\/\/stoic-curie.212-227-153-4.plesk.page\/hr\/wp-json\/wp\/v2\/product"}],"about":[{"href":"https:\/\/stoic-curie.212-227-153-4.plesk.page\/hr\/wp-json\/wp\/v2\/types\/product"}],"replies":[{"embeddable":true,"href":"https:\/\/stoic-curie.212-227-153-4.plesk.page\/hr\/wp-json\/wp\/v2\/comments?post=5500844"}],"version-history":[{"count":0,"href":"https:\/\/stoic-curie.212-227-153-4.plesk.page\/hr\/wp-json\/wp\/v2\/product\/5500844\/revisions"}],"wp:featuredmedia":[{"embeddable":true,"href":"https:\/\/stoic-curie.212-227-153-4.plesk.page\/hr\/wp-json\/wp\/v2\/media\/5941611"}],"wp:attachment":[{"href":"https:\/\/stoic-curie.212-227-153-4.plesk.page\/hr\/wp-json\/wp\/v2\/media?parent=5500844"}],"wp:term":[{"taxonomy":"product_brand","embeddable":true,"href":"https:\/\/stoic-curie.212-227-153-4.plesk.page\/hr\/wp-json\/wp\/v2\/product_brand?post=5500844"},{"taxonomy":"product_cat","embeddable":true,"href":"https:\/\/stoic-curie.212-227-153-4.plesk.page\/hr\/wp-json\/wp\/v2\/product_cat?post=5500844"},{"taxonomy":"product_tag","embeddable":true,"href":"https:\/\/stoic-curie.212-227-153-4.plesk.page\/hr\/wp-json\/wp\/v2\/product_tag?post=5500844"}],"curies":[{"name":"wp","href":"https:\/\/api.w.org\/{rel}","templated":true}]}}