{"id":5500848,"date":"2026-01-27T06:16:42","date_gmt":"2026-01-27T05:16:42","guid":{"rendered":"https:\/\/stoic-curie.212-227-153-4.plesk.page\/product\/sidro-toro-od-nehrdajuceg-celika-16-kg\/"},"modified":"2026-02-25T00:00:53","modified_gmt":"2026-02-25T00:00:53","slug":"sidro-toro-od-nehrdajuceg-celika-16-kg","status":"publish","type":"product","link":"https:\/\/stoic-curie.212-227-153-4.plesk.page\/hr\/product\/sidro-toro-od-nehrdajuceg-celika-16-kg\/","title":{"rendered":"Sidro Toro od nehr\u0111aju\u0107eg \u010delika 16 kg"},"content":{"rendered":"<p>Sidro Toro od nehr\u0111aju\u0107eg \u010delika 16 kg &#8211; <\/p>\n<p>Radosni smo \u0161to mo\u017eemo predstaviti na\u0161 sidro od nehr\u0111aju\u0107eg \u010delika AISI 316, posebno projektirano za meke morsko dno poput pijeska, blata i sluzi. Ovo sidro je dizajnirano s dobro uravnote\u017eenom te\u017einom na vrhu, \u0161to mu omogu\u0107uje da brzo prona\u0111e optimalni kut za penetraciju i pru\u017ea \u010dvrst zagrljaj.<\/p>\n<p>Oferujemo sidro od 35 lb (16 kg) od nehr\u0111aju\u0107eg \u010delika koje je idealno za plovila du\u017eine izme\u0111u 32 i 45 stopa. Ovo sidro je izra\u0111eno od jednog komada duplex nehr\u0111aju\u0107eg \u010delika 316\/2205, \u0161to nudi izvanrednu otpornost na koroziju i pobolj\u0161anu \u010dvrsto\u0107u u usporedbi s konvencionalnim nehr\u0111aju\u0107im \u010delicima poput 304 ili 316.<\/p>\n<p>Na\u0161e sidro je dizajnirano da se samo lansira i uravnote\u017eeno je za slobodno ispu\u0161tanje s prednjih valjaka, \u010dine\u0107i ga odli\u010dnim izborom za daljinski upravljane vitlove. Zna\u010dajna te\u017eina u dijelu prsta osigurava da se sidro osigura o dno pri kontaktu. Nudi lifetime garanciju protiv loma za ovo sidro.<\/p>\n<p>Prepoznatljiv profil \u0161ipke i balastirani vrh Delta sidra omogu\u0107avaju u\u010dinkovito samo-lansiranje. Njegov niski centar gravitacije i samopravi\u010dni dizajn osiguravaju da se Toro sidro odmah postavi pri dolasku na dno, omogu\u0107uju\u0107i brzo sidrenje bez vu\u010de.<\/p>\n","protected":false},"excerpt":{"rendered":"<p>Sidro Toro od nehr\u0111aju\u0107eg \u010delika 16 kg &#8211; Radosni smo \u0161to mo\u017eemo predstaviti na\u0161 sidro od nehr\u0111aju\u0107eg \u010delika AISI 316,<\/p>\n","protected":false},"featured_media":5941612,"comment_status":"open","ping_status":"closed","template":"","meta":[],"product_brand":[3086],"product_cat":[1866],"product_tag":[],"class_list":{"0":"post-5500848","1":"product","2":"type-product","3":"status-publish","4":"has-post-thumbnail","6":"product_brand-maggigroup-hr","7":"product_cat-sidra-delta","9":"first","10":"instock","11":"shipping-taxable","12":"purchasable","13":"product-type-simple"},"_links":{"self":[{"href":"https:\/\/stoic-curie.212-227-153-4.plesk.page\/hr\/wp-json\/wp\/v2\/product\/5500848","targetHints":{"allow":["GET"]}}],"collection":[{"href":"https:\/\/stoic-curie.212-227-153-4.plesk.page\/hr\/wp-json\/wp\/v2\/product"}],"about":[{"href":"https:\/\/stoic-curie.212-227-153-4.plesk.page\/hr\/wp-json\/wp\/v2\/types\/product"}],"replies":[{"embeddable":true,"href":"https:\/\/stoic-curie.212-227-153-4.plesk.page\/hr\/wp-json\/wp\/v2\/comments?post=5500848"}],"version-history":[{"count":0,"href":"https:\/\/stoic-curie.212-227-153-4.plesk.page\/hr\/wp-json\/wp\/v2\/product\/5500848\/revisions"}],"wp:featuredmedia":[{"embeddable":true,"href":"https:\/\/stoic-curie.212-227-153-4.plesk.page\/hr\/wp-json\/wp\/v2\/media\/5941612"}],"wp:attachment":[{"href":"https:\/\/stoic-curie.212-227-153-4.plesk.page\/hr\/wp-json\/wp\/v2\/media?parent=5500848"}],"wp:term":[{"taxonomy":"product_brand","embeddable":true,"href":"https:\/\/stoic-curie.212-227-153-4.plesk.page\/hr\/wp-json\/wp\/v2\/product_brand?post=5500848"},{"taxonomy":"product_cat","embeddable":true,"href":"https:\/\/stoic-curie.212-227-153-4.plesk.page\/hr\/wp-json\/wp\/v2\/product_cat?post=5500848"},{"taxonomy":"product_tag","embeddable":true,"href":"https:\/\/stoic-curie.212-227-153-4.plesk.page\/hr\/wp-json\/wp\/v2\/product_tag?post=5500848"}],"curies":[{"name":"wp","href":"https:\/\/api.w.org\/{rel}","templated":true}]}}