{"id":5500849,"date":"2026-01-27T06:16:43","date_gmt":"2026-01-27T05:16:43","guid":{"rendered":"https:\/\/stoic-curie.212-227-153-4.plesk.page\/product\/sidro-toro-od-nehrdajuceg-celika-20-kg\/"},"modified":"2026-02-25T00:00:53","modified_gmt":"2026-02-25T00:00:53","slug":"sidro-toro-od-nehrdajuceg-celika-20-kg","status":"publish","type":"product","link":"https:\/\/stoic-curie.212-227-153-4.plesk.page\/hr\/product\/sidro-toro-od-nehrdajuceg-celika-20-kg\/","title":{"rendered":"Sidro Toro od nehr\u0111aju\u0107eg \u010delika 20 kg"},"content":{"rendered":"<p>Sidro Toro od nehr\u0111aju\u0107eg \u010delika 20 kg &#8211; Sretni smo \u0161to vam mo\u017eemo predstaviti na\u0161 sidro od nehr\u0111aju\u0107eg \u010delika AISI 316, posebno dizajnirano za meke morske podloge kao \u0161to su pijesak, blato i mulj. Ovo sidro osmi\u0161ljeno je s jedinstvenom raspodjelom te\u017eine na vrhu, \u0161to mu omogu\u0107uje da brzo prona\u0111e optimalan kut za penetraciju. Ovaj inovativni dizajn jam\u010di stabilno i sigurno dr\u017eanje, \u010dak i u te\u0161kim morskim uvjetima. Izra\u0111eno kao jedan komad od premium 316\/2205 duplex nehr\u0111aju\u0107eg \u010delika, ovo sidro pru\u017ea iznimnu otpornost na koroziju i snagu u usporedbi s uobi\u010dajenim nehr\u0111aju\u0107im \u010deli\u010dnim alternativama poput 304 ili 316. Ova razina trajnosti od su\u0161tinske je va\u017enosti za vlasnike plovila koji \u010desto plove u slanoj vodi, gdje korozija mo\u017ee zna\u010dajno utjecati na trajnost morske opreme. Osim toga, sidro se mo\u017ee samo-ispu\u0161tati, omogu\u0107uju\u0107i mu slobodno padanje s prednjih valjaka. Ovo je posebno korisno kada se koristi s daljinski upravljanim vitlima, \u010dime se olak\u0161ava i pobolj\u0161ava proces sidrenja. Te\u0161ki balast smje\u0161ten u cipeli sidra osigurava da sidro odmah zahvati morsko dno pri kontaktu, osiguravaju\u0107i pouzdano dr\u017eanje \u010dak i u manje od idealnih okolnosti. Kako bismo dodatno pove\u0107ali va\u0161e povjerenje u njegovu u\u010dinkovitost, ovo sidro podr\u017eava do\u017eivotna garancija protiv loma, \u0161to vam omogu\u0107uje da u\u017eivate u svojim plovidbenim iskustvima s potpunim mirom. S ovim sidrom mo\u017eete ploviti vodama znaju\u0107i da imate robusno i pouzdano sidrenje pri ruci.<\/p>\n","protected":false},"excerpt":{"rendered":"<p>Sidro Toro od nehr\u0111aju\u0107eg \u010delika 20 kg &#8211; Sretni smo \u0161to vam mo\u017eemo predstaviti na\u0161 sidro od nehr\u0111aju\u0107eg \u010delika AISI<\/p>\n","protected":false},"featured_media":5941612,"comment_status":"open","ping_status":"closed","template":"","meta":[],"product_brand":[3086],"product_cat":[1866],"product_tag":[],"class_list":{"0":"post-5500849","1":"product","2":"type-product","3":"status-publish","4":"has-post-thumbnail","6":"product_brand-maggigroup-hr","7":"product_cat-sidra-delta","9":"first","10":"instock","11":"shipping-taxable","12":"purchasable","13":"product-type-simple"},"_links":{"self":[{"href":"https:\/\/stoic-curie.212-227-153-4.plesk.page\/hr\/wp-json\/wp\/v2\/product\/5500849","targetHints":{"allow":["GET"]}}],"collection":[{"href":"https:\/\/stoic-curie.212-227-153-4.plesk.page\/hr\/wp-json\/wp\/v2\/product"}],"about":[{"href":"https:\/\/stoic-curie.212-227-153-4.plesk.page\/hr\/wp-json\/wp\/v2\/types\/product"}],"replies":[{"embeddable":true,"href":"https:\/\/stoic-curie.212-227-153-4.plesk.page\/hr\/wp-json\/wp\/v2\/comments?post=5500849"}],"version-history":[{"count":0,"href":"https:\/\/stoic-curie.212-227-153-4.plesk.page\/hr\/wp-json\/wp\/v2\/product\/5500849\/revisions"}],"wp:featuredmedia":[{"embeddable":true,"href":"https:\/\/stoic-curie.212-227-153-4.plesk.page\/hr\/wp-json\/wp\/v2\/media\/5941612"}],"wp:attachment":[{"href":"https:\/\/stoic-curie.212-227-153-4.plesk.page\/hr\/wp-json\/wp\/v2\/media?parent=5500849"}],"wp:term":[{"taxonomy":"product_brand","embeddable":true,"href":"https:\/\/stoic-curie.212-227-153-4.plesk.page\/hr\/wp-json\/wp\/v2\/product_brand?post=5500849"},{"taxonomy":"product_cat","embeddable":true,"href":"https:\/\/stoic-curie.212-227-153-4.plesk.page\/hr\/wp-json\/wp\/v2\/product_cat?post=5500849"},{"taxonomy":"product_tag","embeddable":true,"href":"https:\/\/stoic-curie.212-227-153-4.plesk.page\/hr\/wp-json\/wp\/v2\/product_tag?post=5500849"}],"curies":[{"name":"wp","href":"https:\/\/api.w.org\/{rel}","templated":true}]}}