{"id":5500850,"date":"2026-01-27T06:16:44","date_gmt":"2026-01-27T05:16:44","guid":{"rendered":"https:\/\/stoic-curie.212-227-153-4.plesk.page\/product\/sidro-toro-od-nehrdajuceg-celika-25-kg\/"},"modified":"2026-02-25T00:00:53","modified_gmt":"2026-02-25T00:00:53","slug":"sidro-toro-od-nehrdajuceg-celika-25-kg","status":"publish","type":"product","link":"https:\/\/stoic-curie.212-227-153-4.plesk.page\/hr\/product\/sidro-toro-od-nehrdajuceg-celika-25-kg\/","title":{"rendered":"Sidro Toro od nehr\u0111aju\u0107eg \u010delika 25 kg"},"content":{"rendered":"<p>Sidro Toro od nehr\u0111aju\u0107eg \u010delika 25 kg &#8211; <\/p>\n<p style=\"color: rgb(34, 34, 34); font-family: Arial, Helvetica, sans-serif; font-size: small;\">Izra\u0111en kao jedna, integrirana jedinica od vrhunskog 316\/2205 duplex nehr\u0111aju\u0107eg \u010delika, ovaj sidro nudi izvanrednu otpornost na koroziju i superiornu \u010dvrsto\u0107u u usporedbi sa standardnim opcijama od nehr\u0111aju\u0107eg \u010delika kao \u0161to su 304 ili 316. Ova trajnost je klju\u010dna za vlasnike plovila koji \u010desto rade u slanim vodama, gdje korozija mo\u017ee zna\u010dajno utjecati na trajnost morskih ure\u0111aja.<\/p>\n<p style=\"color: rgb(34, 34, 34); font-family: Arial, Helvetica, sans-serif; font-size: small;\">Sidro ima dizajn za samostalno ispu\u0161tanje, \u0161to mu omogu\u0107ava da slobodno padne s pram\u010danih valjaka. To je posebno korisno u kombinaciji s daljinski upravljanim vitlima, jer pojednostavljuje proces an\u017eiranja i pobolj\u0161ava ukupnu u\u010dinkovitost.<\/p>\n<p style=\"color: rgb(34, 34, 34); font-family: Arial, Helvetica, sans-serif; font-size: small;\">Osim toga, te\u0161ki balast postavljen u prednjem dijelu sidra osigurava trenutnu vezu s morskog dna pri kontaktu, osiguravaju\u0107i sigurno dr\u017eanje \u010dak i u te\u0161kim uvjetima. Kako biste dodatno oja\u010dali svoje povjerenje u njegovu izvedbu, ovo sidro dolazi s do\u017eivotnom jamstvom protiv pucanja, \u0161to vam daje mir tijekom va\u0161ih brodskih avantura. S ovim sidrom mo\u017eete sigurno ploviti vodama, znaju\u0107i da imate pouzdano i robusno sidreno rje\u0161enje na raspolaganju.<\/p>\n","protected":false},"excerpt":{"rendered":"<p>Sidro Toro od nehr\u0111aju\u0107eg \u010delika 25 kg &#8211; Izra\u0111en kao jedna, integrirana jedinica od vrhunskog 316\/2205 duplex nehr\u0111aju\u0107eg \u010delika, ovaj<\/p>\n","protected":false},"featured_media":5941612,"comment_status":"open","ping_status":"closed","template":"","meta":[],"product_brand":[3086],"product_cat":[1866],"product_tag":[],"class_list":{"0":"post-5500850","1":"product","2":"type-product","3":"status-publish","4":"has-post-thumbnail","6":"product_brand-maggigroup-hr","7":"product_cat-sidra-delta","9":"first","10":"instock","11":"shipping-taxable","12":"purchasable","13":"product-type-simple"},"_links":{"self":[{"href":"https:\/\/stoic-curie.212-227-153-4.plesk.page\/hr\/wp-json\/wp\/v2\/product\/5500850","targetHints":{"allow":["GET"]}}],"collection":[{"href":"https:\/\/stoic-curie.212-227-153-4.plesk.page\/hr\/wp-json\/wp\/v2\/product"}],"about":[{"href":"https:\/\/stoic-curie.212-227-153-4.plesk.page\/hr\/wp-json\/wp\/v2\/types\/product"}],"replies":[{"embeddable":true,"href":"https:\/\/stoic-curie.212-227-153-4.plesk.page\/hr\/wp-json\/wp\/v2\/comments?post=5500850"}],"version-history":[{"count":0,"href":"https:\/\/stoic-curie.212-227-153-4.plesk.page\/hr\/wp-json\/wp\/v2\/product\/5500850\/revisions"}],"wp:featuredmedia":[{"embeddable":true,"href":"https:\/\/stoic-curie.212-227-153-4.plesk.page\/hr\/wp-json\/wp\/v2\/media\/5941612"}],"wp:attachment":[{"href":"https:\/\/stoic-curie.212-227-153-4.plesk.page\/hr\/wp-json\/wp\/v2\/media?parent=5500850"}],"wp:term":[{"taxonomy":"product_brand","embeddable":true,"href":"https:\/\/stoic-curie.212-227-153-4.plesk.page\/hr\/wp-json\/wp\/v2\/product_brand?post=5500850"},{"taxonomy":"product_cat","embeddable":true,"href":"https:\/\/stoic-curie.212-227-153-4.plesk.page\/hr\/wp-json\/wp\/v2\/product_cat?post=5500850"},{"taxonomy":"product_tag","embeddable":true,"href":"https:\/\/stoic-curie.212-227-153-4.plesk.page\/hr\/wp-json\/wp\/v2\/product_tag?post=5500850"}],"curies":[{"name":"wp","href":"https:\/\/api.w.org\/{rel}","templated":true}]}}