{"id":5500851,"date":"2026-01-27T06:16:44","date_gmt":"2026-01-27T05:16:44","guid":{"rendered":"https:\/\/stoic-curie.212-227-153-4.plesk.page\/product\/sidro-toro-od-nehrdajuceg-celika-32-kg\/"},"modified":"2026-02-25T00:00:53","modified_gmt":"2026-02-25T00:00:53","slug":"sidro-toro-od-nehrdajuceg-celika-32-kg","status":"publish","type":"product","link":"https:\/\/stoic-curie.212-227-153-4.plesk.page\/hr\/product\/sidro-toro-od-nehrdajuceg-celika-32-kg\/","title":{"rendered":"Sidro Toro od nehrdaju\u0107eg \u010delika 32 kg"},"content":{"rendered":"<p>Sidro Toro od nehrdaju\u0107eg \u010delika 32 kg &#8211; <\/p>\n<p><strong>32 kg Nehr\u0111aju\u0107i \u010celik Toro Sidro<\/strong><\/p>\n<p>AISI 316 nehr\u0111aju\u0107i \u010delik Toro Sidro je profesionalno dizajnirano da izvanredno djeluje u mekim uvjetima morskog dna, uklju\u010duju\u0107i pijesak, blato i sluz. Njegova inovativna konstrukcija ima jedinstvenu raspodjelu te\u017eine koja se fokusira na vrhu, omogu\u0107uju\u0107i sidru da brzo postigne idealan kut penetracije. Ova karakteristika je od vitalnog zna\u010daja za uspostavljanje stabilnog i pouzdanog dr\u017eanja, posebno u izazovnim morskim okru\u017eenjima. S te\u017einom od 32 kg, ovo nehr\u0111aju\u0107e sidro je idealno za plovila du\u017eine od 50 do 60 stopa, \u0161to ga \u010dini svestranom opcijom za razli\u010dite tipove brodova.<\/p>\n<p>Proizvedeno kao jedna, koherentna jedinica od visokokvalitetnog 316\/2205 duplex nehr\u0111aju\u0107eg \u010delika, ovo sidro nudi izvanrednu otpornost na koroziju i pobolj\u0161anu \u010dvrsto\u0107u u usporedbi sa standardnim opcijama nehr\u0111aju\u0107eg \u010delika poput 304 ili 316. Ova izdr\u017eljivost je posebno va\u017ena za vlasnike brodova koji \u010desto plove u slanim vodama, gdje korozija mo\u017ee zna\u010dajno skratiti radni vijek morske opreme. Osim toga, sidro je dizajnirano za automatsko spu\u0161tanje, omogu\u0107uju\u0107i mu da se bez napora spusti s prednjih valjaka. Ova zna\u010dajka je posebno korisna kada se koristi s daljinski upravljanim vitlima, jer pojednostavljuje proces sidrenja i pobolj\u0161ava ukupnu u\u010dinkovitost.<\/p>\n<p>Nadalje, zna\u010dajna te\u017eina u no\u017enom dijelu sidra osigurava trenutnu interakciju s morskim dnom pri kontaktu, pru\u017eaju\u0107i pouzdano dr\u017eanje \u010dak i u nepovoljnim uvjetima. Kako biste dodatno pove\u0107ali svoje povjerenje u njegovu izvedbu, ovo sidro dolazi s do\u017eivotnom garancijom protiv pucanja, \u0161to vam daje mir dok se upu\u0161tate u svoje brodske avanture. S Toro Sidrom mo\u017eete navigirati vodama s povjerenjem, sigurno znaju\u0107i da imate robusno i pouzdano sidrenje na raspolaganju.<\/p>\n","protected":false},"excerpt":{"rendered":"<p>Sidro Toro od nehrdaju\u0107eg \u010delika 32 kg &#8211; 32 kg Nehr\u0111aju\u0107i \u010celik Toro Sidro AISI 316 nehr\u0111aju\u0107i \u010delik Toro Sidro<\/p>\n","protected":false},"featured_media":5941612,"comment_status":"open","ping_status":"closed","template":"","meta":[],"product_brand":[3086],"product_cat":[1866],"product_tag":[],"class_list":{"0":"post-5500851","1":"product","2":"type-product","3":"status-publish","4":"has-post-thumbnail","6":"product_brand-maggigroup-hr","7":"product_cat-sidra-delta","9":"first","10":"instock","11":"shipping-taxable","12":"purchasable","13":"product-type-simple"},"_links":{"self":[{"href":"https:\/\/stoic-curie.212-227-153-4.plesk.page\/hr\/wp-json\/wp\/v2\/product\/5500851","targetHints":{"allow":["GET"]}}],"collection":[{"href":"https:\/\/stoic-curie.212-227-153-4.plesk.page\/hr\/wp-json\/wp\/v2\/product"}],"about":[{"href":"https:\/\/stoic-curie.212-227-153-4.plesk.page\/hr\/wp-json\/wp\/v2\/types\/product"}],"replies":[{"embeddable":true,"href":"https:\/\/stoic-curie.212-227-153-4.plesk.page\/hr\/wp-json\/wp\/v2\/comments?post=5500851"}],"version-history":[{"count":0,"href":"https:\/\/stoic-curie.212-227-153-4.plesk.page\/hr\/wp-json\/wp\/v2\/product\/5500851\/revisions"}],"wp:featuredmedia":[{"embeddable":true,"href":"https:\/\/stoic-curie.212-227-153-4.plesk.page\/hr\/wp-json\/wp\/v2\/media\/5941612"}],"wp:attachment":[{"href":"https:\/\/stoic-curie.212-227-153-4.plesk.page\/hr\/wp-json\/wp\/v2\/media?parent=5500851"}],"wp:term":[{"taxonomy":"product_brand","embeddable":true,"href":"https:\/\/stoic-curie.212-227-153-4.plesk.page\/hr\/wp-json\/wp\/v2\/product_brand?post=5500851"},{"taxonomy":"product_cat","embeddable":true,"href":"https:\/\/stoic-curie.212-227-153-4.plesk.page\/hr\/wp-json\/wp\/v2\/product_cat?post=5500851"},{"taxonomy":"product_tag","embeddable":true,"href":"https:\/\/stoic-curie.212-227-153-4.plesk.page\/hr\/wp-json\/wp\/v2\/product_tag?post=5500851"}],"curies":[{"name":"wp","href":"https:\/\/api.w.org\/{rel}","templated":true}]}}