{"id":5500852,"date":"2026-01-27T06:16:45","date_gmt":"2026-01-27T05:16:45","guid":{"rendered":"https:\/\/stoic-curie.212-227-153-4.plesk.page\/product\/sidro-toro-od-nehrdajuceg-celika-40-kg\/"},"modified":"2026-02-25T00:00:53","modified_gmt":"2026-02-25T00:00:53","slug":"sidro-toro-od-nehrdajuceg-celika-40-kg","status":"publish","type":"product","link":"https:\/\/stoic-curie.212-227-153-4.plesk.page\/hr\/product\/sidro-toro-od-nehrdajuceg-celika-40-kg\/","title":{"rendered":"Sidro Toro od nehr\u0111aju\u0107eg \u010delika 40 kg"},"content":{"rendered":"<p>Sidro Toro od nehr\u0111aju\u0107eg \u010delika 40 kg &#8211; <\/p>\n<p><span style=\"color: rgb(34, 34, 34); font-family: Arial, Helvetica, sans-serif; font-size: small;\">AISI 316 nehr\u0111aju\u0107i \u010delik sidro pomno je projektirano da izvrsno djeluje u mekim uvjetima morskog dna, poput pijeska, blata i sluzi. Njegov inovativni dizajn sadr\u017ei jedinstvenu raspodjelu te\u017eine na vrhu, \u0161to olak\u0161ava sposobnost sidra da brzo postigne optimalni kut penetracije. Ova karakteristika je klju\u010dna za osiguranje sigurnog i pouzdanog dr\u017eanja, \u010dak i u te\u0161kim okru\u017eenjima. Zna\u010dajno je da ovo ultra-izdr\u017eljivo sidro od nehr\u0111aju\u0107eg \u010delika nudi performanse koje su na razini s renomiranim Genuine Delta Anchor, \u010dine\u0107i ga iznimnim izborom za vlasnike plovila koji tra\u017ee pouzdanost. Nadalje, dolazi s do\u017eivotnom garancijom protiv lomljenja, \u0161to pru\u017ea mir korisnicima. Uz to, ovo sidro dobilo je certifikat od Lloyd&#8217;sa kao sidro s visokim dr\u017eanjem, \u0161to dodatno potvr\u0111uje njegovu kvalitetu i u\u010dinkovitost. S ovakvim zna\u010dajkama, ovo sidro se isti\u010de kao bitan komad opreme za svakog ozbiljnog ljubitelja plovidbe.<\/span><\/p>\n","protected":false},"excerpt":{"rendered":"<p>Sidro Toro od nehr\u0111aju\u0107eg \u010delika 40 kg &#8211; AISI 316 nehr\u0111aju\u0107i \u010delik sidro pomno je projektirano da izvrsno djeluje u<\/p>\n","protected":false},"featured_media":5941612,"comment_status":"open","ping_status":"closed","template":"","meta":[],"product_brand":[3086],"product_cat":[1866],"product_tag":[],"class_list":{"0":"post-5500852","1":"product","2":"type-product","3":"status-publish","4":"has-post-thumbnail","6":"product_brand-maggigroup-hr","7":"product_cat-sidra-delta","9":"first","10":"instock","11":"shipping-taxable","12":"purchasable","13":"product-type-simple"},"_links":{"self":[{"href":"https:\/\/stoic-curie.212-227-153-4.plesk.page\/hr\/wp-json\/wp\/v2\/product\/5500852","targetHints":{"allow":["GET"]}}],"collection":[{"href":"https:\/\/stoic-curie.212-227-153-4.plesk.page\/hr\/wp-json\/wp\/v2\/product"}],"about":[{"href":"https:\/\/stoic-curie.212-227-153-4.plesk.page\/hr\/wp-json\/wp\/v2\/types\/product"}],"replies":[{"embeddable":true,"href":"https:\/\/stoic-curie.212-227-153-4.plesk.page\/hr\/wp-json\/wp\/v2\/comments?post=5500852"}],"version-history":[{"count":0,"href":"https:\/\/stoic-curie.212-227-153-4.plesk.page\/hr\/wp-json\/wp\/v2\/product\/5500852\/revisions"}],"wp:featuredmedia":[{"embeddable":true,"href":"https:\/\/stoic-curie.212-227-153-4.plesk.page\/hr\/wp-json\/wp\/v2\/media\/5941612"}],"wp:attachment":[{"href":"https:\/\/stoic-curie.212-227-153-4.plesk.page\/hr\/wp-json\/wp\/v2\/media?parent=5500852"}],"wp:term":[{"taxonomy":"product_brand","embeddable":true,"href":"https:\/\/stoic-curie.212-227-153-4.plesk.page\/hr\/wp-json\/wp\/v2\/product_brand?post=5500852"},{"taxonomy":"product_cat","embeddable":true,"href":"https:\/\/stoic-curie.212-227-153-4.plesk.page\/hr\/wp-json\/wp\/v2\/product_cat?post=5500852"},{"taxonomy":"product_tag","embeddable":true,"href":"https:\/\/stoic-curie.212-227-153-4.plesk.page\/hr\/wp-json\/wp\/v2\/product_tag?post=5500852"}],"curies":[{"name":"wp","href":"https:\/\/api.w.org\/{rel}","templated":true}]}}