{"id":5500854,"date":"2026-01-27T06:16:55","date_gmt":"2026-01-27T05:16:55","guid":{"rendered":"https:\/\/stoic-curie.212-227-153-4.plesk.page\/product\/sidro-toro-od-pocincanog-celika-50-kg\/"},"modified":"2026-02-25T00:01:02","modified_gmt":"2026-02-25T00:01:02","slug":"sidro-toro-od-pocincanog-celika-50-kg","status":"publish","type":"product","link":"https:\/\/stoic-curie.212-227-153-4.plesk.page\/hr\/product\/sidro-toro-od-pocincanog-celika-50-kg\/","title":{"rendered":"Sidro Toro od pocincanog \u010delika 50 kg"},"content":{"rendered":"<p>Sidro Toro od pocincanog \u010delika 50 kg &#8211; <\/p>\n<p><strong>Galvanizirani \u010deli\u010dni sidro za meke morski podloge<\/strong><\/p>\n<p>Ovo galvanizirano \u010deli\u010dno sidro posebno je izra\u0111eno za kori\u0161tenje na mekim morskim podlogama, uklju\u010duju\u0107i pijesak, blato i mulj. Njegova jedinstvena raspodjela te\u017eine na vrhu omogu\u0107uje sidru da brzo prona\u0111e optimalni kut za penetraciju, osiguravaju\u0107i sigurno dr\u017eanje. Izra\u0111eno od visokokvalitetnog galvaniziranog mangan \u010delika, ovo jedno par\u010de sidro je dizajnirano da slobodno pada s bogatog valjka, \u0161to ga \u010dini savr\u0161enim za kori\u0161tenje s daljinskim vitlima. Zna\u010dajan balast u no\u017enom dijelu jam\u010di da se sidro priklju\u010di morskom dnu pri udaru. Nudimo do\u017eivotno jamstvo protiv lomljenja.<\/p>\n<p><strong>Karakteristike<\/strong><\/p>\n<ul>\n<li>Izra\u0111eno od visokokvalitetnog galvaniziranog mangan \u010delika<\/li>\n<li>Jedinstveni dizajn stabla<\/li>\n<li>Balastirani vrh za pobolj\u0161ane performanse<\/li>\n<li>Mehanizam za samostalno pokretanje<\/li>\n<li>Nizak centar gravitacije za stabilnost<\/li>\n<li>Samouspravljiva geometrija za lako podizanje<\/li>\n<li>Trenutna sposobnost postavljanja<\/li>\n<li>Dosljedne i pouzdane performanse<\/li>\n<\/ul>\n<p><strong>Vru\u0107e pocin\u010dani sidra<\/strong><\/p>\n<p>Vru\u0107e pocin\u010davanje je najomiljenija zavr\u0161na obrada za sidra koja se koriste na jedrilicama i motornim jahtama. Ova preferencija proizlazi uglavnom iz toga \u0161to su sidra od nehr\u0111aju\u0107eg \u010delika \u010desto pretjerano skupe za mnoge jedrili\u010dare, dok se aluminij \u010desto rezervira za u\u017ee ili pomo\u0107ne sidra zbog svojih laganih osobina.<\/p>\n<p>Galvanizirani \u010delik je izvrsan materijal za izradu sidara jer je \u010dvrst, te\u017eak, izdr\u017eljiv u morskim uvjetima, relativno pristupa\u010dan i mo\u017ee biti oblikovan u slo\u017eene dizajne.<\/p>\n<p>Iako su moderna, tehnolo\u0161ki napredna sidra s superiornom snagom trenuta\u010dno u modi, tradicionalni dizajni ostaju dostupni za one koji preferiraju klasi\u010dan oblik i profil.<\/p>\n<p><strong>Kompatibilnost s valjcima<\/strong><\/p>\n<p>Stariji dizajni sidara obi\u010dno su izra\u0111eni od galvaniziranog \u010delika. Iako mo\u017eda ne pru\u017eaju naprednu izvedbu novijih modela, mogu biti isplativija opcija za ugradnju na valjke. Zamjena sidra s sli\u010dnim modelom mo\u017ee dovesti do u\u0161teda tro\u0161kova, a izbjegavanje modifikacija na vrhu i rasporedu valjaka mo\u017ee donijeti zna\u010dajne financijske koristi. Timovi za dizajn i razvoj prepoznaju to, a proizvo\u0111a\u010di novih dizajna \u010desto pru\u017eaju detaljne dimenzije i pune veli\u010dine predlo\u0161ke kako bi pomogli kupcima da izbjegnu instalacijske izazove.<\/p>\n","protected":false},"excerpt":{"rendered":"<p>Sidro Toro od pocincanog \u010delika 50 kg &#8211; Galvanizirani \u010deli\u010dni sidro za meke morski podloge Ovo galvanizirano \u010deli\u010dno sidro posebno<\/p>\n","protected":false},"featured_media":5941611,"comment_status":"open","ping_status":"closed","template":"","meta":[],"product_brand":[3086],"product_cat":[1866],"product_tag":[],"class_list":{"0":"post-5500854","1":"product","2":"type-product","3":"status-publish","4":"has-post-thumbnail","6":"product_brand-maggigroup-hr","7":"product_cat-sidra-delta","9":"first","10":"instock","11":"shipping-taxable","12":"purchasable","13":"product-type-simple"},"_links":{"self":[{"href":"https:\/\/stoic-curie.212-227-153-4.plesk.page\/hr\/wp-json\/wp\/v2\/product\/5500854","targetHints":{"allow":["GET"]}}],"collection":[{"href":"https:\/\/stoic-curie.212-227-153-4.plesk.page\/hr\/wp-json\/wp\/v2\/product"}],"about":[{"href":"https:\/\/stoic-curie.212-227-153-4.plesk.page\/hr\/wp-json\/wp\/v2\/types\/product"}],"replies":[{"embeddable":true,"href":"https:\/\/stoic-curie.212-227-153-4.plesk.page\/hr\/wp-json\/wp\/v2\/comments?post=5500854"}],"version-history":[{"count":0,"href":"https:\/\/stoic-curie.212-227-153-4.plesk.page\/hr\/wp-json\/wp\/v2\/product\/5500854\/revisions"}],"wp:featuredmedia":[{"embeddable":true,"href":"https:\/\/stoic-curie.212-227-153-4.plesk.page\/hr\/wp-json\/wp\/v2\/media\/5941611"}],"wp:attachment":[{"href":"https:\/\/stoic-curie.212-227-153-4.plesk.page\/hr\/wp-json\/wp\/v2\/media?parent=5500854"}],"wp:term":[{"taxonomy":"product_brand","embeddable":true,"href":"https:\/\/stoic-curie.212-227-153-4.plesk.page\/hr\/wp-json\/wp\/v2\/product_brand?post=5500854"},{"taxonomy":"product_cat","embeddable":true,"href":"https:\/\/stoic-curie.212-227-153-4.plesk.page\/hr\/wp-json\/wp\/v2\/product_cat?post=5500854"},{"taxonomy":"product_tag","embeddable":true,"href":"https:\/\/stoic-curie.212-227-153-4.plesk.page\/hr\/wp-json\/wp\/v2\/product_tag?post=5500854"}],"curies":[{"name":"wp","href":"https:\/\/api.w.org\/{rel}","templated":true}]}}