{"id":5500855,"date":"2026-01-27T06:16:56","date_gmt":"2026-01-27T05:16:56","guid":{"rendered":"https:\/\/stoic-curie.212-227-153-4.plesk.page\/product\/toro-sidro-galvanizirano-63kg\/"},"modified":"2026-02-25T00:01:02","modified_gmt":"2026-02-25T00:01:02","slug":"toro-sidro-galvanizirano-63kg","status":"publish","type":"product","link":"https:\/\/stoic-curie.212-227-153-4.plesk.page\/hr\/product\/toro-sidro-galvanizirano-63kg\/","title":{"rendered":"Toro sidro galvanizirano 63kg"},"content":{"rendered":"<p>Toro sidro galvanizirano 63kg &#8211; <\/p>\n<p style=\"color: rgb(34, 34, 34); font-family: Arial, Helvetica, sans-serif; font-size: small;\">Cinkani \u010celi\u010dni Sidro za Mekane Morske Podloge<\/p>\n<p style=\"color: rgb(34, 34, 34); font-family: Arial, Helvetica, sans-serif; font-size: small;\">Ovo cinkano \u010deli\u010dno sidro dizajnirano je za upotrebu u mekim morskim podlogama, kao \u0161to su pijesak, blato i mulj. Njegova jedinstvena raspodjela te\u017eine na vrhu omogu\u0107ava sidru da brzo prona\u0111e najbolji kut za penetraciju, osiguravaju\u0107i stabilno dr\u017eanje. Napravljeno od visoko kvalitetnog cinkanog manganese \u010delika, ovo jedinstveno sidro je balansirano tako da slobodno pada iz prednjih valjaka, \u010dine\u0107i ga idealnim za upotrebu s daljinskim vitlima. Te\u0161ki balast u zglobu osigurava da sidro dosegne morsko dno pri udarcu. Jam\u010dimo do\u017eivotnu garanciju protiv lomljenja.<\/p>\n<p style=\"color: rgb(34, 34, 34); font-family: Arial, Helvetica, sans-serif; font-size: small;\"><strong>Karakteristike<\/strong><\/p>\n<ul style=\"color: rgb(34, 34, 34); font-family: Arial, Helvetica, sans-serif; font-size: small;\">\n<li>Visokokvalitetna cinkana konstrukcija od manganskog \u010delika<\/li>\n<li>Jedinstveni profil dr\u0161ke<\/li>\n<li>Balastirana vrh<\/li>\n<li>Samo-lansiraju\u0107i dizajn<\/li>\n<li>Nizak centar gravitacije<\/li>\n<li>Samonaspravna geometrija<\/li>\n<li>Trenutno postavlja<\/li>\n<li>Konzistentne i pouzdane performanse<\/li>\n<\/ul>\n<p style=\"color: rgb(34, 34, 34); font-family: Arial, Helvetica, sans-serif; font-size: small;\"><strong>Vru\u0107e Cinkani Sidra<\/strong><\/p>\n<p style=\"color: rgb(34, 34, 34); font-family: Arial, Helvetica, sans-serif; font-size: small;\">Vru\u0107e cinkanje je najpopularnija zavr\u0161na obrada za sidra koja se koriste na jedrilicama i motornim jahtama. To je uglavnom zato \u0161to sidra od nehr\u0111aju\u0107eg \u010delika mogu biti preskupa za mnoge jedrili\u010dare, dok se aluminij obi\u010dno koristi za kedge ili sekundarna sidra zbog svoje lagane prirode.<\/p>\n<p style=\"color: rgb(34, 34, 34); font-family: Arial, Helvetica, sans-serif; font-size: small;\">Cinkani \u010delik je odli\u010dan izbor za proizvodnju sidara jer je jak, te\u017eak, izdr\u017eljiv u morskim okru\u017eenjima, relativno povoljan i mo\u017ee se oblikovati u slo\u017eene dizajne.<\/p>\n<p style=\"color: rgb(34, 34, 34); font-family: Arial, Helvetica, sans-serif; font-size: small;\">Dok su sidra nove generacije, tehnolo\u0161ki napredna, s visokom snagom zadr\u017eavanja danas popularna, klasi\u010dni dizajni su jo\u0161 uvijek dostupni za one koji preferiraju klasi\u010dni oblik i profil.<\/p>\n<p style=\"color: rgb(34, 34, 34); font-family: Arial, Helvetica, sans-serif; font-size: small;\"><strong>Kompatibilnost s Prednjim Valjcima<\/strong><\/p>\n<p style=\"color: rgb(34, 34, 34); font-family: Arial, Helvetica, sans-serif; font-size: small;\">Stariji dizajni sidara obi\u010dno su napravljeni od cinkovanog \u010delika. Iako mo\u017eda ne nude napredne performanse novijih modela, mogu biti ekonomi\u010dnija opcija za postavljanje na prednje valjke. Zamjena sidra sli\u010dnim modelom mo\u017ee u\u0161tedjeti novac, a izbjegavanje prilagodbi na pramcu i rasporedu valjaka mo\u017ee dovesti do zna\u010dajnih u\u0161teda. Timovi za dizajn i razvoj su svjesni toga, a proizvo\u0111a\u010di novih dizajna \u010desto pru\u017eaju detaljne mjere i pune veli\u010dine uzorke kako bi pomogli kupcima da izbjegnu probleme s instalacijom.<\/p>\n","protected":false},"excerpt":{"rendered":"<p>Toro sidro galvanizirano 63kg &#8211; Cinkani \u010celi\u010dni Sidro za Mekane Morske Podloge Ovo cinkano \u010deli\u010dno sidro dizajnirano je za upotrebu<\/p>\n","protected":false},"featured_media":5941611,"comment_status":"open","ping_status":"closed","template":"","meta":[],"product_brand":[3086],"product_cat":[1866],"product_tag":[],"class_list":{"0":"post-5500855","1":"product","2":"type-product","3":"status-publish","4":"has-post-thumbnail","6":"product_brand-maggigroup-hr","7":"product_cat-sidra-delta","9":"first","10":"instock","11":"shipping-taxable","12":"purchasable","13":"product-type-simple"},"_links":{"self":[{"href":"https:\/\/stoic-curie.212-227-153-4.plesk.page\/hr\/wp-json\/wp\/v2\/product\/5500855","targetHints":{"allow":["GET"]}}],"collection":[{"href":"https:\/\/stoic-curie.212-227-153-4.plesk.page\/hr\/wp-json\/wp\/v2\/product"}],"about":[{"href":"https:\/\/stoic-curie.212-227-153-4.plesk.page\/hr\/wp-json\/wp\/v2\/types\/product"}],"replies":[{"embeddable":true,"href":"https:\/\/stoic-curie.212-227-153-4.plesk.page\/hr\/wp-json\/wp\/v2\/comments?post=5500855"}],"version-history":[{"count":0,"href":"https:\/\/stoic-curie.212-227-153-4.plesk.page\/hr\/wp-json\/wp\/v2\/product\/5500855\/revisions"}],"wp:featuredmedia":[{"embeddable":true,"href":"https:\/\/stoic-curie.212-227-153-4.plesk.page\/hr\/wp-json\/wp\/v2\/media\/5941611"}],"wp:attachment":[{"href":"https:\/\/stoic-curie.212-227-153-4.plesk.page\/hr\/wp-json\/wp\/v2\/media?parent=5500855"}],"wp:term":[{"taxonomy":"product_brand","embeddable":true,"href":"https:\/\/stoic-curie.212-227-153-4.plesk.page\/hr\/wp-json\/wp\/v2\/product_brand?post=5500855"},{"taxonomy":"product_cat","embeddable":true,"href":"https:\/\/stoic-curie.212-227-153-4.plesk.page\/hr\/wp-json\/wp\/v2\/product_cat?post=5500855"},{"taxonomy":"product_tag","embeddable":true,"href":"https:\/\/stoic-curie.212-227-153-4.plesk.page\/hr\/wp-json\/wp\/v2\/product_tag?post=5500855"}],"curies":[{"name":"wp","href":"https:\/\/api.w.org\/{rel}","templated":true}]}}