{"id":5500856,"date":"2026-01-27T06:16:57","date_gmt":"2026-01-27T05:16:57","guid":{"rendered":"https:\/\/stoic-curie.212-227-153-4.plesk.page\/product\/inox-toro-sidro-50kg\/"},"modified":"2026-02-25T00:01:02","modified_gmt":"2026-02-25T00:01:02","slug":"inox-toro-sidro-50kg","status":"publish","type":"product","link":"https:\/\/stoic-curie.212-227-153-4.plesk.page\/hr\/product\/inox-toro-sidro-50kg\/","title":{"rendered":"Inox Toro sidro 50kg"},"content":{"rendered":"<p>Inox Toro sidro 50kg &#8211; <\/p>\n<p>AISI 316 nehr\u0111aju\u0107i \u010deli\u010dni sidro pa\u017eljivo je projektirano za izvrsnost u mekim uvjetima morskog dna, uklju\u010duju\u0107i okru\u017eenja poput pijeska, blata i sluzi. Njegov inovativni dizajn ima jedinstvenu raspodjelu te\u017eine koncentriranu na vrhu, \u0161to olak\u0161ava sidru brzo pronala\u017eenje optimalnog kuta penetracije. Ova karakteristika je klju\u010dna za osiguranje stabilnog i sigurnog dr\u017eanja, posebno u izazovnim morskim okru\u017eenjima. S zna\u010dajnom te\u017einom od 110 lb (50 kg), ovo nehr\u0111aju\u0107e \u010deli\u010dno sidro idealno je za plovila koja mjere izme\u0111u 70 i 82 metra u duljini, \u0161to ga \u010dini svestranim izborom za razli\u010dite vrste \u010damaca.<\/p>\n<p>Izra\u0111en kao jedna kohezivna jedinica od visokokvalitetnog 316\/2205 duplex nehr\u0111aju\u0107eg \u010delika, ovo sidro pru\u017ea izvanrednu otpornost na koroziju i pobolj\u0161anu \u010dvrsto\u0107u u usporedbi s standardnim nehr\u0111aju\u0107im \u010deli\u010dnim opcijama kao \u0161to su 304 ili 316. Ova izdr\u017eljivost je posebno va\u017ena za vlasnike \u010damaca koji \u010desto navigiraju slanim vodama, gdje korozija mo\u017ee zna\u010dajno utjecati na trajnost morske opreme. Sidro tako\u0111er ima dizajn koji omogu\u0107uje samo-lansiranje, \u0161to mu omogu\u0107uje slobodno padanje s pram\u010danih valjaka. Ova zna\u010dajka je posebno korisna kada se koristi zajedno s daljinski upravljanim vitlima, jer pojednostavljuje proces usidravanja i pobolj\u0161ava ukupnu u\u010dinkovitost.<\/p>\n<p>Dodatno, te\u0161ka balastna te\u017eina smje\u0161tena u zoni prstiju sidra osigurava da \u0107e odmah zaroniti u morsko dno pri kontaktu, pru\u017eaju\u0107i pouzdano dr\u017eanje \u010dak i u manje idealnim uvjetima. Kako bi dodatno osigurao povjerenje u svoju izvedbu, ovo sidro dolazi s do\u017eivotnom garancijom protiv lomljenja, pru\u017eaju\u0107i vam mir uma dok zapo\u010dinjete svoje pustolovine na moru. S ovim sidrom mo\u017eete sigurno ploviti vodama, znaju\u0107i da imate pouzdano i robusno rje\u0161enje za sidrenje na raspolaganju.<\/p>\n","protected":false},"excerpt":{"rendered":"<p>Inox Toro sidro 50kg &#8211; AISI 316 nehr\u0111aju\u0107i \u010deli\u010dni sidro pa\u017eljivo je projektirano za izvrsnost u mekim uvjetima morskog dna,<\/p>\n","protected":false},"featured_media":5941612,"comment_status":"open","ping_status":"closed","template":"","meta":[],"product_brand":[3086],"product_cat":[1866],"product_tag":[],"class_list":{"0":"post-5500856","1":"product","2":"type-product","3":"status-publish","4":"has-post-thumbnail","6":"product_brand-maggigroup-hr","7":"product_cat-sidra-delta","9":"first","10":"instock","11":"shipping-taxable","12":"purchasable","13":"product-type-simple"},"_links":{"self":[{"href":"https:\/\/stoic-curie.212-227-153-4.plesk.page\/hr\/wp-json\/wp\/v2\/product\/5500856","targetHints":{"allow":["GET"]}}],"collection":[{"href":"https:\/\/stoic-curie.212-227-153-4.plesk.page\/hr\/wp-json\/wp\/v2\/product"}],"about":[{"href":"https:\/\/stoic-curie.212-227-153-4.plesk.page\/hr\/wp-json\/wp\/v2\/types\/product"}],"replies":[{"embeddable":true,"href":"https:\/\/stoic-curie.212-227-153-4.plesk.page\/hr\/wp-json\/wp\/v2\/comments?post=5500856"}],"version-history":[{"count":0,"href":"https:\/\/stoic-curie.212-227-153-4.plesk.page\/hr\/wp-json\/wp\/v2\/product\/5500856\/revisions"}],"wp:featuredmedia":[{"embeddable":true,"href":"https:\/\/stoic-curie.212-227-153-4.plesk.page\/hr\/wp-json\/wp\/v2\/media\/5941612"}],"wp:attachment":[{"href":"https:\/\/stoic-curie.212-227-153-4.plesk.page\/hr\/wp-json\/wp\/v2\/media?parent=5500856"}],"wp:term":[{"taxonomy":"product_brand","embeddable":true,"href":"https:\/\/stoic-curie.212-227-153-4.plesk.page\/hr\/wp-json\/wp\/v2\/product_brand?post=5500856"},{"taxonomy":"product_cat","embeddable":true,"href":"https:\/\/stoic-curie.212-227-153-4.plesk.page\/hr\/wp-json\/wp\/v2\/product_cat?post=5500856"},{"taxonomy":"product_tag","embeddable":true,"href":"https:\/\/stoic-curie.212-227-153-4.plesk.page\/hr\/wp-json\/wp\/v2\/product_tag?post=5500856"}],"curies":[{"name":"wp","href":"https:\/\/api.w.org\/{rel}","templated":true}]}}