{"id":5500857,"date":"2026-01-27T06:16:58","date_gmt":"2026-01-27T05:16:58","guid":{"rendered":"https:\/\/stoic-curie.212-227-153-4.plesk.page\/product\/toro-sidro-od-nehrdajuceg-celika-63kg\/"},"modified":"2026-02-25T00:01:02","modified_gmt":"2026-02-25T00:01:02","slug":"toro-sidro-od-nehrdajuceg-celika-63kg","status":"publish","type":"product","link":"https:\/\/stoic-curie.212-227-153-4.plesk.page\/hr\/product\/toro-sidro-od-nehrdajuceg-celika-63kg\/","title":{"rendered":"Toro sidro od nehr\u0111aju\u0107eg \u010delika 63kg"},"content":{"rendered":"<p>Toro sidro od nehr\u0111aju\u0107eg \u010delika 63kg &#8211; <\/p>\n<p>Toro sidro, izra\u0111eno od vrhunskog AISI 316 nehr\u0111aju\u0107eg \u010delika, posebno je dizajnirano za kori\u0161tenje u mekim morskim dnu kao \u0161to su pijesak, blato i blato. Inovativna raspodjela te\u017eine na vrhu omogu\u0107uje brzo postizanje optimalnog kuta penetracije, osiguravaju\u0107i sigurno dr\u017eanje. Karakteristi\u010dni profil dr\u0161ke i balastna vrh \u010dine da se Toro sidro lako postavlja. S niskim te\u017ei\u0161tem i samozadovoljavaju\u0107om geometrijom, Toro sidro odmah se postavlja nakon ispu\u0161tanja.<\/p>\n<p>Prepoznat po svojoj dosljednoj i pouzdanoj izvedbi, Toro sidro je dobilo op\u0107u suglasnost Lloyd&#8217;s Register kao sidro s visokom snagom zadr\u017eavanja i omiljeni je izbor za brojne nacionalne organizacije za spa\u0161avanje. Za one koji tra\u017ee pobolj\u0161anu izdr\u017eljivost, dostupna je i premium verzija od Duplex\/visokog \u010delika nehr\u0111aju\u0107eg \u010delika.<\/p>\n<p>Sva Toro sidra podr\u017eana su do\u017eivotnom garancijom na lom, a certifikacija Lloyd&#8217;s testiranja mo\u017ee se organizirati za pojedina\u010dna Delta sidra.<\/p>\n<p><strong>Imajte na umu da \u0161tete uzrokovane deformacijom ili savijanjem nisu uklju\u010dene u ovu garanciju.<\/strong><\/p>\n<p><strong>Klju\u010dne zna\u010dajke:<\/strong><\/p>\n<ul>\n<li>Izra\u0111eno od visokokvalitetnog manganovog \u010delika<\/li>\n<li>Samoprojektantski dizajn<\/li>\n<li>Tipodobrenje Lloyd&#8217;s Register<\/li>\n<li>Do\u017eivotna garancija na lom<\/li>\n<li>Lloyd&#8217;s test certifikacija dostupna<\/li>\n<\/ul>\n","protected":false},"excerpt":{"rendered":"<p>Toro sidro od nehr\u0111aju\u0107eg \u010delika 63kg &#8211; Toro sidro, izra\u0111eno od vrhunskog AISI 316 nehr\u0111aju\u0107eg \u010delika, posebno je dizajnirano za<\/p>\n","protected":false},"featured_media":5941612,"comment_status":"open","ping_status":"closed","template":"","meta":[],"product_brand":[3086],"product_cat":[1866],"product_tag":[],"class_list":{"0":"post-5500857","1":"product","2":"type-product","3":"status-publish","4":"has-post-thumbnail","6":"product_brand-maggigroup-hr","7":"product_cat-sidra-delta","9":"first","10":"instock","11":"shipping-taxable","12":"purchasable","13":"product-type-simple"},"_links":{"self":[{"href":"https:\/\/stoic-curie.212-227-153-4.plesk.page\/hr\/wp-json\/wp\/v2\/product\/5500857","targetHints":{"allow":["GET"]}}],"collection":[{"href":"https:\/\/stoic-curie.212-227-153-4.plesk.page\/hr\/wp-json\/wp\/v2\/product"}],"about":[{"href":"https:\/\/stoic-curie.212-227-153-4.plesk.page\/hr\/wp-json\/wp\/v2\/types\/product"}],"replies":[{"embeddable":true,"href":"https:\/\/stoic-curie.212-227-153-4.plesk.page\/hr\/wp-json\/wp\/v2\/comments?post=5500857"}],"version-history":[{"count":0,"href":"https:\/\/stoic-curie.212-227-153-4.plesk.page\/hr\/wp-json\/wp\/v2\/product\/5500857\/revisions"}],"wp:featuredmedia":[{"embeddable":true,"href":"https:\/\/stoic-curie.212-227-153-4.plesk.page\/hr\/wp-json\/wp\/v2\/media\/5941612"}],"wp:attachment":[{"href":"https:\/\/stoic-curie.212-227-153-4.plesk.page\/hr\/wp-json\/wp\/v2\/media?parent=5500857"}],"wp:term":[{"taxonomy":"product_brand","embeddable":true,"href":"https:\/\/stoic-curie.212-227-153-4.plesk.page\/hr\/wp-json\/wp\/v2\/product_brand?post=5500857"},{"taxonomy":"product_cat","embeddable":true,"href":"https:\/\/stoic-curie.212-227-153-4.plesk.page\/hr\/wp-json\/wp\/v2\/product_cat?post=5500857"},{"taxonomy":"product_tag","embeddable":true,"href":"https:\/\/stoic-curie.212-227-153-4.plesk.page\/hr\/wp-json\/wp\/v2\/product_tag?post=5500857"}],"curies":[{"name":"wp","href":"https:\/\/api.w.org\/{rel}","templated":true}]}}