{"id":5500859,"date":"2026-01-27T06:17:01","date_gmt":"2026-01-27T05:17:01","guid":{"rendered":"https:\/\/stoic-curie.212-227-153-4.plesk.page\/product\/mreza-protiv-komaraca-za-vetus-lib32\/"},"modified":"2026-02-25T00:01:05","modified_gmt":"2026-02-25T00:01:05","slug":"mreza-protiv-komaraca-za-vetus-lib32","status":"publish","type":"product","link":"https:\/\/stoic-curie.212-227-153-4.plesk.page\/hr\/product\/mreza-protiv-komaraca-za-vetus-lib32\/","title":{"rendered":"Mre\u017ea protiv komaraca za Vetus Lib32"},"content":{"rendered":"<p>Mre\u017ea protiv komaraca za Vetus Lib32 &#8211; <\/p>\n<p>Anodizirana aluminijska konstrukcija i okvir hatches Vetus s dimnjom debljinom 12 mm od dimnog akrila. Opremljena s u\u017eadama koje omogu\u0107uju odr\u017eavanje otvorenim u bilo kojem polo\u017eaju do 180\u00b0. Visina na palubi: 50 mm. CE klasa AII certificirano.<\/p>\n","protected":false},"excerpt":{"rendered":"<p>Mre\u017ea protiv komaraca za Vetus Lib32 &#8211; Anodizirana aluminijska konstrukcija i okvir hatches Vetus s dimnjom debljinom 12 mm od<\/p>\n","protected":false},"featured_media":5944488,"comment_status":"open","ping_status":"closed","template":"","meta":[],"product_brand":[3521],"product_cat":[1702],"product_tag":[],"class_list":{"0":"post-5500859","1":"product","2":"type-product","3":"status-publish","4":"has-post-thumbnail","6":"product_brand-vetus-hr","7":"product_cat-brodske-grotlasca-i-otvori","9":"first","10":"instock","11":"shipping-taxable","12":"purchasable","13":"product-type-simple"},"_links":{"self":[{"href":"https:\/\/stoic-curie.212-227-153-4.plesk.page\/hr\/wp-json\/wp\/v2\/product\/5500859","targetHints":{"allow":["GET"]}}],"collection":[{"href":"https:\/\/stoic-curie.212-227-153-4.plesk.page\/hr\/wp-json\/wp\/v2\/product"}],"about":[{"href":"https:\/\/stoic-curie.212-227-153-4.plesk.page\/hr\/wp-json\/wp\/v2\/types\/product"}],"replies":[{"embeddable":true,"href":"https:\/\/stoic-curie.212-227-153-4.plesk.page\/hr\/wp-json\/wp\/v2\/comments?post=5500859"}],"version-history":[{"count":0,"href":"https:\/\/stoic-curie.212-227-153-4.plesk.page\/hr\/wp-json\/wp\/v2\/product\/5500859\/revisions"}],"wp:featuredmedia":[{"embeddable":true,"href":"https:\/\/stoic-curie.212-227-153-4.plesk.page\/hr\/wp-json\/wp\/v2\/media\/5944488"}],"wp:attachment":[{"href":"https:\/\/stoic-curie.212-227-153-4.plesk.page\/hr\/wp-json\/wp\/v2\/media?parent=5500859"}],"wp:term":[{"taxonomy":"product_brand","embeddable":true,"href":"https:\/\/stoic-curie.212-227-153-4.plesk.page\/hr\/wp-json\/wp\/v2\/product_brand?post=5500859"},{"taxonomy":"product_cat","embeddable":true,"href":"https:\/\/stoic-curie.212-227-153-4.plesk.page\/hr\/wp-json\/wp\/v2\/product_cat?post=5500859"},{"taxonomy":"product_tag","embeddable":true,"href":"https:\/\/stoic-curie.212-227-153-4.plesk.page\/hr\/wp-json\/wp\/v2\/product_tag?post=5500859"}],"curies":[{"name":"wp","href":"https:\/\/api.w.org\/{rel}","templated":true}]}}