{"id":5500873,"date":"2026-01-27T06:17:17","date_gmt":"2026-01-27T05:17:17","guid":{"rendered":"https:\/\/stoic-curie.212-227-153-4.plesk.page\/product\/brodske-cipele-orca-bay-sandusky-sive-boje-velicina-47\/"},"modified":"2026-02-25T00:01:11","modified_gmt":"2026-02-25T00:01:11","slug":"brodske-cipele-orca-bay-sandusky-sive-boje-velicina-47","status":"publish","type":"product","link":"https:\/\/stoic-curie.212-227-153-4.plesk.page\/hr\/product\/brodske-cipele-orca-bay-sandusky-sive-boje-velicina-47\/","title":{"rendered":"Brodske cipele Orca Bay Sandusky sive boje ( velicina: 47)"},"content":{"rendered":"<p>Brodske cipele Orca Bay Sandusky sive boje ( velicina: 47) &#8211; <\/p>\n<p>Sandusky mokasinke od perivog morskog ko\u017ee. Potplat od bijele gume protiv klizanja koji ne ostavlja tragove. Krute ko\u017ene vezice, nehr\u0111aju\u0107i o\u010dici i EVA jastu\u010di\u0107 za petu.<\/p>\n","protected":false},"excerpt":{"rendered":"<p>Brodske cipele Orca Bay Sandusky sive boje ( velicina: 47) &#8211; Sandusky mokasinke od perivog morskog ko\u017ee. Potplat od bijele<\/p>\n","protected":false},"featured_media":5945656,"comment_status":"open","ping_status":"closed","template":"","meta":[],"product_brand":[3231],"product_cat":[1860],"product_tag":[],"class_list":{"0":"post-5500873","1":"product","2":"type-product","3":"status-publish","4":"has-post-thumbnail","6":"product_brand-orca-bay-hr","7":"product_cat-nauticke-cipele","9":"first","10":"instock","11":"shipping-taxable","12":"purchasable","13":"product-type-simple"},"_links":{"self":[{"href":"https:\/\/stoic-curie.212-227-153-4.plesk.page\/hr\/wp-json\/wp\/v2\/product\/5500873","targetHints":{"allow":["GET"]}}],"collection":[{"href":"https:\/\/stoic-curie.212-227-153-4.plesk.page\/hr\/wp-json\/wp\/v2\/product"}],"about":[{"href":"https:\/\/stoic-curie.212-227-153-4.plesk.page\/hr\/wp-json\/wp\/v2\/types\/product"}],"replies":[{"embeddable":true,"href":"https:\/\/stoic-curie.212-227-153-4.plesk.page\/hr\/wp-json\/wp\/v2\/comments?post=5500873"}],"version-history":[{"count":0,"href":"https:\/\/stoic-curie.212-227-153-4.plesk.page\/hr\/wp-json\/wp\/v2\/product\/5500873\/revisions"}],"wp:featuredmedia":[{"embeddable":true,"href":"https:\/\/stoic-curie.212-227-153-4.plesk.page\/hr\/wp-json\/wp\/v2\/media\/5945656"}],"wp:attachment":[{"href":"https:\/\/stoic-curie.212-227-153-4.plesk.page\/hr\/wp-json\/wp\/v2\/media?parent=5500873"}],"wp:term":[{"taxonomy":"product_brand","embeddable":true,"href":"https:\/\/stoic-curie.212-227-153-4.plesk.page\/hr\/wp-json\/wp\/v2\/product_brand?post=5500873"},{"taxonomy":"product_cat","embeddable":true,"href":"https:\/\/stoic-curie.212-227-153-4.plesk.page\/hr\/wp-json\/wp\/v2\/product_cat?post=5500873"},{"taxonomy":"product_tag","embeddable":true,"href":"https:\/\/stoic-curie.212-227-153-4.plesk.page\/hr\/wp-json\/wp\/v2\/product_tag?post=5500873"}],"curies":[{"name":"wp","href":"https:\/\/api.w.org\/{rel}","templated":true}]}}