{"id":5500874,"date":"2026-01-27T06:17:20","date_gmt":"2026-01-27T05:17:20","guid":{"rendered":"https:\/\/stoic-curie.212-227-153-4.plesk.page\/product\/brodska-baterija-vetus-smf-145amp\/"},"modified":"2026-02-25T00:01:12","modified_gmt":"2026-02-25T00:01:12","slug":"brodska-baterija-vetus-smf-145amp","status":"publish","type":"product","link":"https:\/\/stoic-curie.212-227-153-4.plesk.page\/hr\/product\/brodska-baterija-vetus-smf-145amp\/","title":{"rendered":"Brodska baterija Vetus SMF 145amp"},"content":{"rendered":"<p>Brodska baterija Vetus SMF 145amp &#8211; <\/p>\n<p>Vetus SMF (zape\u010da\u0107ene baterije bez odr\u017eavanja) ne zahtijevaju odr\u017eavanje. Dizajnirane su za pomorsku upotrebu, a imaju nizak samopra\u017enjenje, \u0161to ih \u010dini idealnima za ponovno pokretanje motora na po\u010detku sljede\u0107e sezone. Izra\u0111ene su od olovnih-kalcij plastika koje smanjuju upotrebu vode i regeneriraju svaki plin koji se stvara tijekom kori\u0161tenja.<\/p>\n","protected":false},"excerpt":{"rendered":"<p>Brodska baterija Vetus SMF 145amp &#8211; Vetus SMF (zape\u010da\u0107ene baterije bez odr\u017eavanja) ne zahtijevaju odr\u017eavanje. Dizajnirane su za pomorsku upotrebu,<\/p>\n","protected":false},"featured_media":5946030,"comment_status":"open","ping_status":"closed","template":"","meta":[],"product_brand":[3521],"product_cat":[1729],"product_tag":[],"class_list":{"0":"post-5500874","1":"product","2":"type-product","3":"status-publish","4":"has-post-thumbnail","6":"product_brand-vetus-hr","7":"product_cat-baterije","9":"first","10":"outofstock","11":"shipping-taxable","12":"purchasable","13":"product-type-simple"},"_links":{"self":[{"href":"https:\/\/stoic-curie.212-227-153-4.plesk.page\/hr\/wp-json\/wp\/v2\/product\/5500874","targetHints":{"allow":["GET"]}}],"collection":[{"href":"https:\/\/stoic-curie.212-227-153-4.plesk.page\/hr\/wp-json\/wp\/v2\/product"}],"about":[{"href":"https:\/\/stoic-curie.212-227-153-4.plesk.page\/hr\/wp-json\/wp\/v2\/types\/product"}],"replies":[{"embeddable":true,"href":"https:\/\/stoic-curie.212-227-153-4.plesk.page\/hr\/wp-json\/wp\/v2\/comments?post=5500874"}],"version-history":[{"count":0,"href":"https:\/\/stoic-curie.212-227-153-4.plesk.page\/hr\/wp-json\/wp\/v2\/product\/5500874\/revisions"}],"wp:featuredmedia":[{"embeddable":true,"href":"https:\/\/stoic-curie.212-227-153-4.plesk.page\/hr\/wp-json\/wp\/v2\/media\/5946030"}],"wp:attachment":[{"href":"https:\/\/stoic-curie.212-227-153-4.plesk.page\/hr\/wp-json\/wp\/v2\/media?parent=5500874"}],"wp:term":[{"taxonomy":"product_brand","embeddable":true,"href":"https:\/\/stoic-curie.212-227-153-4.plesk.page\/hr\/wp-json\/wp\/v2\/product_brand?post=5500874"},{"taxonomy":"product_cat","embeddable":true,"href":"https:\/\/stoic-curie.212-227-153-4.plesk.page\/hr\/wp-json\/wp\/v2\/product_cat?post=5500874"},{"taxonomy":"product_tag","embeddable":true,"href":"https:\/\/stoic-curie.212-227-153-4.plesk.page\/hr\/wp-json\/wp\/v2\/product_tag?post=5500874"}],"curies":[{"name":"wp","href":"https:\/\/api.w.org\/{rel}","templated":true}]}}