{"id":5500879,"date":"2026-01-27T06:17:38","date_gmt":"2026-01-27T05:17:38","guid":{"rendered":"https:\/\/stoic-curie.212-227-153-4.plesk.page\/product\/cipele-orca-bay-belgravia-42\/"},"modified":"2026-02-25T00:01:16","modified_gmt":"2026-02-25T00:01:16","slug":"cipele-orca-bay-belgravia-42","status":"publish","type":"product","link":"https:\/\/stoic-curie.212-227-153-4.plesk.page\/hr\/product\/cipele-orca-bay-belgravia-42\/","title":{"rendered":"Cipele Orca bay Belgravia 42"},"content":{"rendered":"<p>Cipele Orca bay Belgravia 42 &#8211; <\/p>\n<p>Elegantne ko\u017ene tenisice Belgravia, lagane i udobne. Neklizaju\u0107a bijela gumena potplat koji ne ostavlja tragove. Tkanice, otporne na hr\u0111u rupe i EVA jastu\u010di\u0107i za petu.<\/p>\n","protected":false},"excerpt":{"rendered":"<p>Cipele Orca bay Belgravia 42 &#8211; Elegantne ko\u017ene tenisice Belgravia, lagane i udobne. Neklizaju\u0107a bijela gumena potplat koji ne ostavlja<\/p>\n","protected":false},"featured_media":5946935,"comment_status":"open","ping_status":"closed","template":"","meta":[],"product_brand":[3231],"product_cat":[1860],"product_tag":[],"class_list":{"0":"post-5500879","1":"product","2":"type-product","3":"status-publish","4":"has-post-thumbnail","6":"product_brand-orca-bay-hr","7":"product_cat-nauticke-cipele","9":"first","10":"instock","11":"shipping-taxable","12":"purchasable","13":"product-type-simple"},"_links":{"self":[{"href":"https:\/\/stoic-curie.212-227-153-4.plesk.page\/hr\/wp-json\/wp\/v2\/product\/5500879","targetHints":{"allow":["GET"]}}],"collection":[{"href":"https:\/\/stoic-curie.212-227-153-4.plesk.page\/hr\/wp-json\/wp\/v2\/product"}],"about":[{"href":"https:\/\/stoic-curie.212-227-153-4.plesk.page\/hr\/wp-json\/wp\/v2\/types\/product"}],"replies":[{"embeddable":true,"href":"https:\/\/stoic-curie.212-227-153-4.plesk.page\/hr\/wp-json\/wp\/v2\/comments?post=5500879"}],"version-history":[{"count":0,"href":"https:\/\/stoic-curie.212-227-153-4.plesk.page\/hr\/wp-json\/wp\/v2\/product\/5500879\/revisions"}],"wp:featuredmedia":[{"embeddable":true,"href":"https:\/\/stoic-curie.212-227-153-4.plesk.page\/hr\/wp-json\/wp\/v2\/media\/5946935"}],"wp:attachment":[{"href":"https:\/\/stoic-curie.212-227-153-4.plesk.page\/hr\/wp-json\/wp\/v2\/media?parent=5500879"}],"wp:term":[{"taxonomy":"product_brand","embeddable":true,"href":"https:\/\/stoic-curie.212-227-153-4.plesk.page\/hr\/wp-json\/wp\/v2\/product_brand?post=5500879"},{"taxonomy":"product_cat","embeddable":true,"href":"https:\/\/stoic-curie.212-227-153-4.plesk.page\/hr\/wp-json\/wp\/v2\/product_cat?post=5500879"},{"taxonomy":"product_tag","embeddable":true,"href":"https:\/\/stoic-curie.212-227-153-4.plesk.page\/hr\/wp-json\/wp\/v2\/product_tag?post=5500879"}],"curies":[{"name":"wp","href":"https:\/\/api.w.org\/{rel}","templated":true}]}}