{"id":5500886,"date":"2026-01-27T06:17:58","date_gmt":"2026-01-27T05:17:58","guid":{"rendered":"https:\/\/stoic-curie.212-227-153-4.plesk.page\/product\/nehrdajuce-ploce-uflex-304-x-228mm\/"},"modified":"2026-02-25T00:01:25","modified_gmt":"2026-02-25T00:01:25","slug":"nehrdajuce-ploce-uflex-304-x-228mm","status":"publish","type":"product","link":"https:\/\/stoic-curie.212-227-153-4.plesk.page\/hr\/product\/nehrdajuce-ploce-uflex-304-x-228mm\/","title":{"rendered":"Nehr\u0111aju\u0107e plo\u010de Uflex 304 x 228mm"},"content":{"rendered":"<p>Nehr\u0111aju\u0107e plo\u010de Uflex 304 x 228mm &#8211; <\/p>\n<p>Uflex 12V elektromehani\u010dki trim kit bez odr\u017eavanja i jednostavne instalacije. Ne zahtijeva elektri\u010dnu ili hidrauli\u010dnu kontrolnu jedinicu niti cijevi. Kontrolna plo\u010da s joystickom omogu\u0107uje uskla\u0111ivanje tabova za pode\u0161avanje nagiba i nagiba. Kontrolna kutija tako\u0111er uklju\u010duje funkciju automatskog uskla\u0111ivanja za automatsko poravnavanje krilaca kada je deaktivirana, a mo\u017ee tako\u0111er raditi kao prekida\u010d za mogu\u0107i joystick druge postaje. Kit uklju\u010duje dva AT aktuatora i kontrolnu kutiju s kromiranim joystickom. Oplate od nehr\u0111aju\u0107eg \u010delika potrebno je kupiti zasebno, mogu biti standardne ili s poliranim visoko u\u010dinkovitih profilom.<\/p>\n<p>&#8211; Pobolj\u0161ava ekonomiju goriva i udobnost putnika<br \/>&#8211; Tabovi izgra\u0111eni da izdr\u017ee u najzahtjevnijim morskim uvjetima<br \/>&#8211; Instalacija s jednim malim otvorom po tabu preko krmnog dijela<\/p>\n","protected":false},"excerpt":{"rendered":"<p>Nehr\u0111aju\u0107e plo\u010de Uflex 304 x 228mm &#8211; Uflex 12V elektromehani\u010dki trim kit bez odr\u017eavanja i jednostavne instalacije. Ne zahtijeva elektri\u010dnu<\/p>\n","protected":false},"featured_media":5948740,"comment_status":"open","ping_status":"closed","template":"","meta":[],"product_brand":[3501],"product_cat":[1806],"product_tag":[],"class_list":{"0":"post-5500886","1":"product","2":"type-product","3":"status-publish","4":"has-post-thumbnail","6":"product_brand-ultraflex-uflex-hr","7":"product_cat-trim-ploce","9":"first","10":"instock","11":"shipping-taxable","12":"purchasable","13":"product-type-simple"},"_links":{"self":[{"href":"https:\/\/stoic-curie.212-227-153-4.plesk.page\/hr\/wp-json\/wp\/v2\/product\/5500886","targetHints":{"allow":["GET"]}}],"collection":[{"href":"https:\/\/stoic-curie.212-227-153-4.plesk.page\/hr\/wp-json\/wp\/v2\/product"}],"about":[{"href":"https:\/\/stoic-curie.212-227-153-4.plesk.page\/hr\/wp-json\/wp\/v2\/types\/product"}],"replies":[{"embeddable":true,"href":"https:\/\/stoic-curie.212-227-153-4.plesk.page\/hr\/wp-json\/wp\/v2\/comments?post=5500886"}],"version-history":[{"count":0,"href":"https:\/\/stoic-curie.212-227-153-4.plesk.page\/hr\/wp-json\/wp\/v2\/product\/5500886\/revisions"}],"wp:featuredmedia":[{"embeddable":true,"href":"https:\/\/stoic-curie.212-227-153-4.plesk.page\/hr\/wp-json\/wp\/v2\/media\/5948740"}],"wp:attachment":[{"href":"https:\/\/stoic-curie.212-227-153-4.plesk.page\/hr\/wp-json\/wp\/v2\/media?parent=5500886"}],"wp:term":[{"taxonomy":"product_brand","embeddable":true,"href":"https:\/\/stoic-curie.212-227-153-4.plesk.page\/hr\/wp-json\/wp\/v2\/product_brand?post=5500886"},{"taxonomy":"product_cat","embeddable":true,"href":"https:\/\/stoic-curie.212-227-153-4.plesk.page\/hr\/wp-json\/wp\/v2\/product_cat?post=5500886"},{"taxonomy":"product_tag","embeddable":true,"href":"https:\/\/stoic-curie.212-227-153-4.plesk.page\/hr\/wp-json\/wp\/v2\/product_tag?post=5500886"}],"curies":[{"name":"wp","href":"https:\/\/api.w.org\/{rel}","templated":true}]}}