{"id":5500887,"date":"2026-01-27T06:18:01","date_gmt":"2026-01-27T05:18:01","guid":{"rendered":"https:\/\/stoic-curie.212-227-153-4.plesk.page\/product\/nehrdajuce-kormilo-tor-marine-p13-570-x-280-mm\/"},"modified":"2026-02-25T00:01:26","modified_gmt":"2026-02-25T00:01:26","slug":"nehrdajuce-kormilo-tor-marine-p13-570-x-280-mm","status":"publish","type":"product","link":"https:\/\/stoic-curie.212-227-153-4.plesk.page\/hr\/product\/nehrdajuce-kormilo-tor-marine-p13-570-x-280-mm\/","title":{"rendered":"Nehr\u0111aju\u0107e kormilo Tor Marine P13 570 x 280 mm"},"content":{"rendered":"<p>Nehr\u0111aju\u0107e kormilo Tor Marine P13 570 x 280 mm &#8211; <\/p>\n<p style=\"color: rgb(34, 34, 34); font-family: Arial, Helvetica, sans-serif; font-size: small;\">TOR Marine P13 Kit od nehr\u0111aju\u0107eg \u010delika za peraje upravlja\u010da pa\u017eljivo je dizajniran za \u010damce do 15 metara du\u017eine i izuzetno dobro djeluje pri brzinama do 38 \u010dvorova. Ovaj sveobuhvatan kit sadr\u017ei visokokvalitetno nehr\u0111aju\u0107e \u010deli\u010dno krmilo, robusnu upravlja\u010dku \u0161ipku i cijev (ku\u0107i\u0161te) s ravnom bazom od 0\u00b0. Ovi elementi besprijekorno rade zajedno kako bi pru\u017eili izvrsne performanse i impresivnu izdr\u017eljivost, \u0161to ga \u010dini odli\u010dnim izborom za vlasnike \u010damaca koji prioritiziraju pouzdanost i u\u010dinkovitost.<\/p>\n<p style=\"color: rgb(34, 34, 34); font-family: Arial, Helvetica, sans-serif; font-size: small;\">Ru\u010dno upravlja\u010da izra\u0111eno je od RVS 316 nehr\u0111aju\u0107eg \u010delika, poznatog po svojoj otpornosti na koroziju i \u010dvrsto\u0107i, dok je krilo napravljeno od RVS 630 nehr\u0111aju\u0107eg \u010delika. Ova kombinacija osigurava da sustav upravljanja nije samo robustan, ve\u0107 i sposoban izdr\u017eati izazovne uvjete s kojima se \u010desto suo\u010davaju ve\u0107e jahte i plovila. Dizajn kuta osigurava glatko i pouzdano djelovanje, \u0161to je klju\u010dno za odr\u017eavanje u\u010dinkovitosti sustava upravljanja va\u0161eg plovila.<\/p>\n<p style=\"color: rgb(34, 34, 34); font-family: Arial, Helvetica, sans-serif; font-size: small;\">Ulaganjem u TOR Marine P13 Kit od nehr\u0111aju\u0107eg \u010delika za peraje upravlja\u010da, birate proizvod izgra\u0111en za trajnost, osiguravaju\u0107i da va\u0161e iskustvo plovidbe ostane ugodno i bezbri\u017eno dugi niz godina. Uz ovaj kit, mo\u017eete navigirati s povjerenjem, znaju\u0107i da je va\u0161 sustav upravljanja dobro opremljen za suo\u010davanje s izazovima otvorenih voda.<\/p>\n","protected":false},"excerpt":{"rendered":"<p>Nehr\u0111aju\u0107e kormilo Tor Marine P13 570 x 280 mm &#8211; TOR Marine P13 Kit od nehr\u0111aju\u0107eg \u010delika za peraje upravlja\u010da<\/p>\n","protected":false},"featured_media":5949146,"comment_status":"open","ping_status":"closed","template":"","meta":[],"product_brand":[2931],"product_cat":[1783],"product_tag":[],"class_list":{"0":"post-5500887","1":"product","2":"type-product","3":"status-publish","4":"has-post-thumbnail","6":"product_brand-exalto-marine-hr","7":"product_cat-kormila","9":"first","10":"outofstock","11":"shipping-taxable","12":"purchasable","13":"product-type-simple"},"_links":{"self":[{"href":"https:\/\/stoic-curie.212-227-153-4.plesk.page\/hr\/wp-json\/wp\/v2\/product\/5500887","targetHints":{"allow":["GET"]}}],"collection":[{"href":"https:\/\/stoic-curie.212-227-153-4.plesk.page\/hr\/wp-json\/wp\/v2\/product"}],"about":[{"href":"https:\/\/stoic-curie.212-227-153-4.plesk.page\/hr\/wp-json\/wp\/v2\/types\/product"}],"replies":[{"embeddable":true,"href":"https:\/\/stoic-curie.212-227-153-4.plesk.page\/hr\/wp-json\/wp\/v2\/comments?post=5500887"}],"version-history":[{"count":0,"href":"https:\/\/stoic-curie.212-227-153-4.plesk.page\/hr\/wp-json\/wp\/v2\/product\/5500887\/revisions"}],"wp:featuredmedia":[{"embeddable":true,"href":"https:\/\/stoic-curie.212-227-153-4.plesk.page\/hr\/wp-json\/wp\/v2\/media\/5949146"}],"wp:attachment":[{"href":"https:\/\/stoic-curie.212-227-153-4.plesk.page\/hr\/wp-json\/wp\/v2\/media?parent=5500887"}],"wp:term":[{"taxonomy":"product_brand","embeddable":true,"href":"https:\/\/stoic-curie.212-227-153-4.plesk.page\/hr\/wp-json\/wp\/v2\/product_brand?post=5500887"},{"taxonomy":"product_cat","embeddable":true,"href":"https:\/\/stoic-curie.212-227-153-4.plesk.page\/hr\/wp-json\/wp\/v2\/product_cat?post=5500887"},{"taxonomy":"product_tag","embeddable":true,"href":"https:\/\/stoic-curie.212-227-153-4.plesk.page\/hr\/wp-json\/wp\/v2\/product_tag?post=5500887"}],"curies":[{"name":"wp","href":"https:\/\/api.w.org\/{rel}","templated":true}]}}