{"id":5500895,"date":"2026-01-27T06:18:17","date_gmt":"2026-01-27T05:18:17","guid":{"rendered":"https:\/\/stoic-curie.212-227-153-4.plesk.page\/product\/diesel-filter-separ-2000-5\/"},"modified":"2026-02-25T00:01:26","modified_gmt":"2026-02-25T00:01:26","slug":"diesel-filter-separ-2000-5","status":"publish","type":"product","link":"https:\/\/stoic-curie.212-227-153-4.plesk.page\/hr\/product\/diesel-filter-separ-2000-5\/","title":{"rendered":"Diesel Filter Separ 2000\/5"},"content":{"rendered":"<p>Diesel Filter Separ 2000\/5 &#8211; <\/p>\n<p>Separ 2000 separator vode dizelski filtar s vi\u0161estrukim centrifugalnim sustavom za optimalno \u010di\u0161\u0107enje dizelskog goriva, u\u010dinkovito uklanjaju\u0107i vodu i druge ne\u010disto\u0107e. Separ marine filteri serije opremljeni su deflektorom za\u0161tite od po\u017eara, za\u0161titnim funkcijama i senzorom za vodu. Sve posude su potpuno prozirne, osim filtra 2000\/40, koji nudi metalnu posudu pa ne zahtijeva deflektor.<\/p>\n","protected":false},"excerpt":{"rendered":"<p>Diesel Filter Separ 2000\/5 &#8211; Separ 2000 separator vode dizelski filtar s vi\u0161estrukim centrifugalnim sustavom za optimalno \u010di\u0161\u0107enje dizelskog goriva,<\/p>\n","protected":false},"featured_media":5949235,"comment_status":"open","ping_status":"closed","template":"","meta":[],"product_brand":[3371],"product_cat":[1797],"product_tag":[],"class_list":{"0":"post-5500895","1":"product","2":"type-product","3":"status-publish","4":"has-post-thumbnail","6":"product_brand-separ-hr","7":"product_cat-filtri-separatora-vode-za-gorivo","9":"first","10":"instock","11":"shipping-taxable","12":"purchasable","13":"product-type-simple"},"_links":{"self":[{"href":"https:\/\/stoic-curie.212-227-153-4.plesk.page\/hr\/wp-json\/wp\/v2\/product\/5500895","targetHints":{"allow":["GET"]}}],"collection":[{"href":"https:\/\/stoic-curie.212-227-153-4.plesk.page\/hr\/wp-json\/wp\/v2\/product"}],"about":[{"href":"https:\/\/stoic-curie.212-227-153-4.plesk.page\/hr\/wp-json\/wp\/v2\/types\/product"}],"replies":[{"embeddable":true,"href":"https:\/\/stoic-curie.212-227-153-4.plesk.page\/hr\/wp-json\/wp\/v2\/comments?post=5500895"}],"version-history":[{"count":0,"href":"https:\/\/stoic-curie.212-227-153-4.plesk.page\/hr\/wp-json\/wp\/v2\/product\/5500895\/revisions"}],"wp:featuredmedia":[{"embeddable":true,"href":"https:\/\/stoic-curie.212-227-153-4.plesk.page\/hr\/wp-json\/wp\/v2\/media\/5949235"}],"wp:attachment":[{"href":"https:\/\/stoic-curie.212-227-153-4.plesk.page\/hr\/wp-json\/wp\/v2\/media?parent=5500895"}],"wp:term":[{"taxonomy":"product_brand","embeddable":true,"href":"https:\/\/stoic-curie.212-227-153-4.plesk.page\/hr\/wp-json\/wp\/v2\/product_brand?post=5500895"},{"taxonomy":"product_cat","embeddable":true,"href":"https:\/\/stoic-curie.212-227-153-4.plesk.page\/hr\/wp-json\/wp\/v2\/product_cat?post=5500895"},{"taxonomy":"product_tag","embeddable":true,"href":"https:\/\/stoic-curie.212-227-153-4.plesk.page\/hr\/wp-json\/wp\/v2\/product_tag?post=5500895"}],"curies":[{"name":"wp","href":"https:\/\/api.w.org\/{rel}","templated":true}]}}