{"id":5500897,"date":"2026-01-27T06:18:19","date_gmt":"2026-01-27T05:18:19","guid":{"rendered":"https:\/\/stoic-curie.212-227-153-4.plesk.page\/product\/ocean-ultra-slim-tiha-elektricna-toalet-v24\/"},"modified":"2026-02-25T00:01:26","modified_gmt":"2026-02-25T00:01:26","slug":"ocean-ultra-slim-tiha-elektricna-toalet-v24","status":"publish","type":"product","link":"https:\/\/stoic-curie.212-227-153-4.plesk.page\/hr\/product\/ocean-ultra-slim-tiha-elektricna-toalet-v24\/","title":{"rendered":"Ocean Ultra Slim Tiha Elektri\u010dna Toalet V24"},"content":{"rendered":"<p>Ocean Ultra Slim Tiha Elektri\u010dna Toalet V24 &#8211; <\/p>\n<p>Ocean Ultra Slim Izdubljeni Tiha Elektri\u010dna Usisna WC \u0161koljka<br \/>\u2022 Ultra-tih hidrovakuumski ispust<br \/>\u2022 Kratka podloga s nagnutom stra\u017enjom stranom za instalaciju u uskim prostorima uz trup<br \/>\u2022 Udobno sjedi\u0161te usporedivo s ku\u0107nom WC \u0161koljkom<br \/>\u2022 Automatska kontrola unosa\/ispusta vode s minimalnom potro\u0161njom<br \/>\u2022 Isporu\u010duje se sa standardnom kontrolnom plo\u010dom<br \/>\u2022 Thermoset sjedi\u0161te s mehanizmom za sporo zatvaranje<br \/>\u2022 Mlin\u010dek za ispu\u0161tanje do 5 metara razlike u visini<br \/>\u2022 Mo\u017ee se instalirati iznad ili ispod vodene linije<br \/>Treba zavr\u0161iti s pumpom za unos vode.<br \/>Za vi\u0161e WC-a instaliranih u nizu, koristite jednu pumpu za unos vode za sve i jednu solenoidnu ventil za svaki WC.<br \/>Ulaz 19 mm (3\/4&#8243;), izlaz 25\/38 mm (1&#8243;\u20131 1\/2&#8243;), potro\u0161nja 25A (12V).<\/p>\n","protected":false},"excerpt":{"rendered":"<p>Ocean Ultra Slim Tiha Elektri\u010dna Toalet V24 &#8211; Ocean Ultra Slim Izdubljeni Tiha Elektri\u010dna Usisna WC \u0161koljka\u2022 Ultra-tih hidrovakuumski ispust\u2022<\/p>\n","protected":false},"featured_media":5949236,"comment_status":"open","ping_status":"closed","template":"","meta":[],"product_brand":[3141],"product_cat":[1675],"product_tag":[],"class_list":{"0":"post-5500897","1":"product","2":"type-product","3":"status-publish","4":"has-post-thumbnail","6":"product_brand-matromarine-hr","7":"product_cat-brodski-wc","9":"first","10":"instock","11":"shipping-taxable","12":"purchasable","13":"product-type-simple"},"_links":{"self":[{"href":"https:\/\/stoic-curie.212-227-153-4.plesk.page\/hr\/wp-json\/wp\/v2\/product\/5500897","targetHints":{"allow":["GET"]}}],"collection":[{"href":"https:\/\/stoic-curie.212-227-153-4.plesk.page\/hr\/wp-json\/wp\/v2\/product"}],"about":[{"href":"https:\/\/stoic-curie.212-227-153-4.plesk.page\/hr\/wp-json\/wp\/v2\/types\/product"}],"replies":[{"embeddable":true,"href":"https:\/\/stoic-curie.212-227-153-4.plesk.page\/hr\/wp-json\/wp\/v2\/comments?post=5500897"}],"version-history":[{"count":0,"href":"https:\/\/stoic-curie.212-227-153-4.plesk.page\/hr\/wp-json\/wp\/v2\/product\/5500897\/revisions"}],"wp:featuredmedia":[{"embeddable":true,"href":"https:\/\/stoic-curie.212-227-153-4.plesk.page\/hr\/wp-json\/wp\/v2\/media\/5949236"}],"wp:attachment":[{"href":"https:\/\/stoic-curie.212-227-153-4.plesk.page\/hr\/wp-json\/wp\/v2\/media?parent=5500897"}],"wp:term":[{"taxonomy":"product_brand","embeddable":true,"href":"https:\/\/stoic-curie.212-227-153-4.plesk.page\/hr\/wp-json\/wp\/v2\/product_brand?post=5500897"},{"taxonomy":"product_cat","embeddable":true,"href":"https:\/\/stoic-curie.212-227-153-4.plesk.page\/hr\/wp-json\/wp\/v2\/product_cat?post=5500897"},{"taxonomy":"product_tag","embeddable":true,"href":"https:\/\/stoic-curie.212-227-153-4.plesk.page\/hr\/wp-json\/wp\/v2\/product_tag?post=5500897"}],"curies":[{"name":"wp","href":"https:\/\/api.w.org\/{rel}","templated":true}]}}