{"id":5500902,"date":"2026-01-27T06:18:23","date_gmt":"2026-01-27T05:18:23","guid":{"rendered":"https:\/\/stoic-curie.212-227-153-4.plesk.page\/product\/din766-g40-galvanizirani-kalibrirani-lanac-7mm-x-75mt\/"},"modified":"2026-02-25T00:01:26","modified_gmt":"2026-02-25T00:01:26","slug":"din766-g40-galvanizirani-kalibrirani-lanac-7mm-x-75mt","status":"publish","type":"product","link":"https:\/\/stoic-curie.212-227-153-4.plesk.page\/hr\/product\/din766-g40-galvanizirani-kalibrirani-lanac-7mm-x-75mt\/","title":{"rendered":"Din766 G40 Galvanizirani Kalibrirani Lanac 7mm x 75mt"},"content":{"rendered":"<p>Din766 G40 Galvanizirani Kalibrirani Lanac 7mm x 75mt &#8211; Ovaj Din766 G40 kalibrirani lanac izra\u0111en je od visokokvalitetnog galvaniziranog \u010delika, \u0161to pru\u017ea izvrsnu izdr\u017eljivost i otpornost na koroziju. Idealno za razne te\u0161ke primjene.<\/p>\n","protected":false},"excerpt":{"rendered":"<p>Din766 G40 Galvanizirani Kalibrirani Lanac 7mm x 75mt &#8211; Ovaj Din766 G40 kalibrirani lanac izra\u0111en je od visokokvalitetnog galvaniziranog \u010delika,<\/p>\n","protected":false},"featured_media":5949240,"comment_status":"open","ping_status":"closed","template":"","meta":[],"product_brand":[3086],"product_cat":[1619,1685],"product_tag":[],"class_list":{"0":"post-5500902","1":"product","2":"type-product","3":"status-publish","4":"has-post-thumbnail","6":"product_brand-maggigroup-hr","7":"product_cat-kalibrirani-lanac-pocincan","8":"product_cat-pocincani-lanac","10":"first","11":"instock","12":"shipping-taxable","13":"purchasable","14":"product-type-simple"},"_links":{"self":[{"href":"https:\/\/stoic-curie.212-227-153-4.plesk.page\/hr\/wp-json\/wp\/v2\/product\/5500902","targetHints":{"allow":["GET"]}}],"collection":[{"href":"https:\/\/stoic-curie.212-227-153-4.plesk.page\/hr\/wp-json\/wp\/v2\/product"}],"about":[{"href":"https:\/\/stoic-curie.212-227-153-4.plesk.page\/hr\/wp-json\/wp\/v2\/types\/product"}],"replies":[{"embeddable":true,"href":"https:\/\/stoic-curie.212-227-153-4.plesk.page\/hr\/wp-json\/wp\/v2\/comments?post=5500902"}],"version-history":[{"count":0,"href":"https:\/\/stoic-curie.212-227-153-4.plesk.page\/hr\/wp-json\/wp\/v2\/product\/5500902\/revisions"}],"wp:featuredmedia":[{"embeddable":true,"href":"https:\/\/stoic-curie.212-227-153-4.plesk.page\/hr\/wp-json\/wp\/v2\/media\/5949240"}],"wp:attachment":[{"href":"https:\/\/stoic-curie.212-227-153-4.plesk.page\/hr\/wp-json\/wp\/v2\/media?parent=5500902"}],"wp:term":[{"taxonomy":"product_brand","embeddable":true,"href":"https:\/\/stoic-curie.212-227-153-4.plesk.page\/hr\/wp-json\/wp\/v2\/product_brand?post=5500902"},{"taxonomy":"product_cat","embeddable":true,"href":"https:\/\/stoic-curie.212-227-153-4.plesk.page\/hr\/wp-json\/wp\/v2\/product_cat?post=5500902"},{"taxonomy":"product_tag","embeddable":true,"href":"https:\/\/stoic-curie.212-227-153-4.plesk.page\/hr\/wp-json\/wp\/v2\/product_tag?post=5500902"}],"curies":[{"name":"wp","href":"https:\/\/api.w.org\/{rel}","templated":true}]}}