{"id":5500922,"date":"2026-01-27T06:18:41","date_gmt":"2026-01-27T05:18:41","guid":{"rendered":"https:\/\/stoic-curie.212-227-153-4.plesk.page\/product\/din766-g40-nehrdajuci-kalibrirani-lanac-8mm-x-15mt\/"},"modified":"2026-02-25T00:01:26","modified_gmt":"2026-02-25T00:01:26","slug":"din766-g40-nehrdajuci-kalibrirani-lanac-8mm-x-15mt","status":"publish","type":"product","link":"https:\/\/stoic-curie.212-227-153-4.plesk.page\/hr\/product\/din766-g40-nehrdajuci-kalibrirani-lanac-8mm-x-15mt\/","title":{"rendered":"DIN766 G40 nehr\u0111aju\u0107i kalibrirani lanac 8mm x 15mt"},"content":{"rendered":"<p>DIN766 G40 nehr\u0111aju\u0107i kalibrirani lanac 8mm x 15mt &#8211; Ova visokokvalitetna kalibrirana lan\u010dana kabela izra\u0111ena je od izdr\u017eljivog nehr\u0111aju\u0107eg \u010delika i u skladu je s DIN766 standardima. Idealna je za razne primjene i nudi izuzetnu \u010dvrsto\u0107u i otpornost na koroziju.<\/p>\n","protected":false},"excerpt":{"rendered":"<p>DIN766 G40 nehr\u0111aju\u0107i kalibrirani lanac 8mm x 15mt &#8211; Ova visokokvalitetna kalibrirana lan\u010dana kabela izra\u0111ena je od izdr\u017eljivog nehr\u0111aju\u0107eg \u010delika<\/p>\n","protected":false},"featured_media":5949245,"comment_status":"open","ping_status":"closed","template":"","meta":[],"product_brand":[3086],"product_cat":[1620,1692],"product_tag":[],"class_list":{"0":"post-5500922","1":"product","2":"type-product","3":"status-publish","4":"has-post-thumbnail","6":"product_brand-maggigroup-hr","7":"product_cat-kalibrirani-lanac-od-nehrdajuceg-celika","8":"product_cat-lanac-od-nehrdajuci-celik","10":"first","11":"instock","12":"shipping-taxable","13":"purchasable","14":"product-type-simple"},"_links":{"self":[{"href":"https:\/\/stoic-curie.212-227-153-4.plesk.page\/hr\/wp-json\/wp\/v2\/product\/5500922","targetHints":{"allow":["GET"]}}],"collection":[{"href":"https:\/\/stoic-curie.212-227-153-4.plesk.page\/hr\/wp-json\/wp\/v2\/product"}],"about":[{"href":"https:\/\/stoic-curie.212-227-153-4.plesk.page\/hr\/wp-json\/wp\/v2\/types\/product"}],"replies":[{"embeddable":true,"href":"https:\/\/stoic-curie.212-227-153-4.plesk.page\/hr\/wp-json\/wp\/v2\/comments?post=5500922"}],"version-history":[{"count":0,"href":"https:\/\/stoic-curie.212-227-153-4.plesk.page\/hr\/wp-json\/wp\/v2\/product\/5500922\/revisions"}],"wp:featuredmedia":[{"embeddable":true,"href":"https:\/\/stoic-curie.212-227-153-4.plesk.page\/hr\/wp-json\/wp\/v2\/media\/5949245"}],"wp:attachment":[{"href":"https:\/\/stoic-curie.212-227-153-4.plesk.page\/hr\/wp-json\/wp\/v2\/media?parent=5500922"}],"wp:term":[{"taxonomy":"product_brand","embeddable":true,"href":"https:\/\/stoic-curie.212-227-153-4.plesk.page\/hr\/wp-json\/wp\/v2\/product_brand?post=5500922"},{"taxonomy":"product_cat","embeddable":true,"href":"https:\/\/stoic-curie.212-227-153-4.plesk.page\/hr\/wp-json\/wp\/v2\/product_cat?post=5500922"},{"taxonomy":"product_tag","embeddable":true,"href":"https:\/\/stoic-curie.212-227-153-4.plesk.page\/hr\/wp-json\/wp\/v2\/product_tag?post=5500922"}],"curies":[{"name":"wp","href":"https:\/\/api.w.org\/{rel}","templated":true}]}}