{"id":5500938,"date":"2026-01-27T06:18:55","date_gmt":"2026-01-27T05:18:55","guid":{"rendered":"https:\/\/stoic-curie.212-227-153-4.plesk.page\/product\/vitrifrigo-im-vf28-bright-plus\/"},"modified":"2026-02-25T00:01:28","modified_gmt":"2026-02-25T00:01:28","slug":"vitrifrigo-im-vf28-bright-plus","status":"publish","type":"product","link":"https:\/\/stoic-curie.212-227-153-4.plesk.page\/hr\/product\/vitrifrigo-im-vf28-bright-plus\/","title":{"rendered":"Vitrifrigo IM VF28 Bright Plus"},"content":{"rendered":"<p>Vitrifrigo IM VF28 Bright Plus &#8211; <\/p>\n<p>Profesionalni aparat za led od nehr\u0111aju\u0107eg \u010delika dizajniran je kako bi osigurao trajnost i otpornost \u010dak i u morskim okru\u017eenjima. Proizvodi kristalno clear, kompaktan i visokokvalitetan led. Opremljen unutarnjom rashladnom jedinicom, sustavom kondenzacije zraka ili vode, te automatskim ciklusom dezinfekcije, jam\u010di dosljednu izvedbu i optimalnu higijenu. S napajanjem od 220\u2013240V, lako ga je koristiti i prilagoditi zahvaljuju\u0107i dodirnim kontrolama, pode\u0161avanju te\u017eine kockica leda i programiranju proizvodnje. Model VF28 BRIGHT uklju\u010duje prediktivnu analizu kvarova, pra\u0107enje performansi, HACCP izvje\u0161taj i USB vezu za softverska a\u017euriranja i preuzimanje podataka. Verzija BRIGHT PLUS dodaje Cloud IoT povezivost i naprednu dijagnostiku za inteligentnu kontrolu i jo\u0161 u\u010dinkovitije upravljanje sustavom.<\/p>\n","protected":false},"excerpt":{"rendered":"<p>Vitrifrigo IM VF28 Bright Plus &#8211; Profesionalni aparat za led od nehr\u0111aju\u0107eg \u010delika dizajniran je kako bi osigurao trajnost i<\/p>\n","protected":false},"featured_media":5949277,"comment_status":"open","ping_status":"closed","template":"","meta":[],"product_brand":[3526],"product_cat":[1751],"product_tag":[],"class_list":{"0":"post-5500938","1":"product","2":"type-product","3":"status-publish","4":"has-post-thumbnail","6":"product_brand-vitrifrigo-hr","7":"product_cat-hladnjaci-i-zamrzivaci","9":"first","10":"instock","11":"shipping-taxable","12":"purchasable","13":"product-type-simple"},"_links":{"self":[{"href":"https:\/\/stoic-curie.212-227-153-4.plesk.page\/hr\/wp-json\/wp\/v2\/product\/5500938","targetHints":{"allow":["GET"]}}],"collection":[{"href":"https:\/\/stoic-curie.212-227-153-4.plesk.page\/hr\/wp-json\/wp\/v2\/product"}],"about":[{"href":"https:\/\/stoic-curie.212-227-153-4.plesk.page\/hr\/wp-json\/wp\/v2\/types\/product"}],"replies":[{"embeddable":true,"href":"https:\/\/stoic-curie.212-227-153-4.plesk.page\/hr\/wp-json\/wp\/v2\/comments?post=5500938"}],"version-history":[{"count":0,"href":"https:\/\/stoic-curie.212-227-153-4.plesk.page\/hr\/wp-json\/wp\/v2\/product\/5500938\/revisions"}],"wp:featuredmedia":[{"embeddable":true,"href":"https:\/\/stoic-curie.212-227-153-4.plesk.page\/hr\/wp-json\/wp\/v2\/media\/5949277"}],"wp:attachment":[{"href":"https:\/\/stoic-curie.212-227-153-4.plesk.page\/hr\/wp-json\/wp\/v2\/media?parent=5500938"}],"wp:term":[{"taxonomy":"product_brand","embeddable":true,"href":"https:\/\/stoic-curie.212-227-153-4.plesk.page\/hr\/wp-json\/wp\/v2\/product_brand?post=5500938"},{"taxonomy":"product_cat","embeddable":true,"href":"https:\/\/stoic-curie.212-227-153-4.plesk.page\/hr\/wp-json\/wp\/v2\/product_cat?post=5500938"},{"taxonomy":"product_tag","embeddable":true,"href":"https:\/\/stoic-curie.212-227-153-4.plesk.page\/hr\/wp-json\/wp\/v2\/product_tag?post=5500938"}],"curies":[{"name":"wp","href":"https:\/\/api.w.org\/{rel}","templated":true}]}}