{"id":5500940,"date":"2026-01-27T06:18:57","date_gmt":"2026-01-27T05:18:57","guid":{"rendered":"https:\/\/stoic-curie.212-227-153-4.plesk.page\/product\/garmin-echomap-uhd2-72sv\/"},"modified":"2026-02-25T00:01:35","modified_gmt":"2026-02-25T00:01:35","slug":"garmin-echomap-uhd2-72sv","status":"publish","type":"product","link":"https:\/\/stoic-curie.212-227-153-4.plesk.page\/hr\/product\/garmin-echomap-uhd2-72sv\/","title":{"rendered":"Garmin echoMAP UHD2 72SV"},"content":{"rendered":"<p>Garmin echoMAP UHD2 72SV &#8211; <\/p>\n<p>Garmin echoMAP UHD2 72SV je sofisticirani kartograf i sonar za ribolov s 7&#8243; dodirnim zaslonom i rezolucijom od 800&#215;480 piksela. Opremljen je brzim tipkama i internim GPS prijemnikom. Ovaj model ima 500W integrirani CHIRP, ClearVu, SideVU i UHD module, osiguravaju\u0107i visokokvalitetne slike. Kompatibilan je sa svim Garmin BlueChart i Garmin Navionics+ kartografijama, te nudi integriranu be\u017ei\u010dnu povezanost uz NMEA0183\/2000 i Fusion-Link kompatibilnost. Ure\u0111aj se savr\u0161eno integrira sa svim sustavima na brodu i uklju\u010duje osnovne Garmin funkcije kao \u0161to su Auto Guidance, Active Captain, Sail Assist i Quickdraw Contours. Paket uklju\u010duje pode\u0161avaju\u0107i nosa\u010d, pokriva\u010d za ekran i kabel za napajanje\/podatke. Kompatibilan je sa svim tradicionalnim, All-in-One i UHD transduktorima, s 12-pinskom vezom. Modeli bez transduktora isporu\u010duju se s adapter kablom s 8-pinskog na 12-pinski ekvivalent.<\/p>\n","protected":false},"excerpt":{"rendered":"<p>Garmin echoMAP UHD2 72SV &#8211; Garmin echoMAP UHD2 72SV je sofisticirani kartograf i sonar za ribolov s 7&#8243; dodirnim zaslonom<\/p>\n","protected":false},"featured_media":5949329,"comment_status":"open","ping_status":"closed","template":"","meta":[],"product_brand":[2971],"product_cat":[1744],"product_tag":[],"class_list":{"0":"post-5500940","1":"product","2":"type-product","3":"status-publish","4":"has-post-thumbnail","6":"product_brand-garmin-hr","7":"product_cat-brodska-elektronika","9":"first","10":"instock","11":"shipping-taxable","12":"purchasable","13":"product-type-simple"},"_links":{"self":[{"href":"https:\/\/stoic-curie.212-227-153-4.plesk.page\/hr\/wp-json\/wp\/v2\/product\/5500940","targetHints":{"allow":["GET"]}}],"collection":[{"href":"https:\/\/stoic-curie.212-227-153-4.plesk.page\/hr\/wp-json\/wp\/v2\/product"}],"about":[{"href":"https:\/\/stoic-curie.212-227-153-4.plesk.page\/hr\/wp-json\/wp\/v2\/types\/product"}],"replies":[{"embeddable":true,"href":"https:\/\/stoic-curie.212-227-153-4.plesk.page\/hr\/wp-json\/wp\/v2\/comments?post=5500940"}],"version-history":[{"count":0,"href":"https:\/\/stoic-curie.212-227-153-4.plesk.page\/hr\/wp-json\/wp\/v2\/product\/5500940\/revisions"}],"wp:featuredmedia":[{"embeddable":true,"href":"https:\/\/stoic-curie.212-227-153-4.plesk.page\/hr\/wp-json\/wp\/v2\/media\/5949329"}],"wp:attachment":[{"href":"https:\/\/stoic-curie.212-227-153-4.plesk.page\/hr\/wp-json\/wp\/v2\/media?parent=5500940"}],"wp:term":[{"taxonomy":"product_brand","embeddable":true,"href":"https:\/\/stoic-curie.212-227-153-4.plesk.page\/hr\/wp-json\/wp\/v2\/product_brand?post=5500940"},{"taxonomy":"product_cat","embeddable":true,"href":"https:\/\/stoic-curie.212-227-153-4.plesk.page\/hr\/wp-json\/wp\/v2\/product_cat?post=5500940"},{"taxonomy":"product_tag","embeddable":true,"href":"https:\/\/stoic-curie.212-227-153-4.plesk.page\/hr\/wp-json\/wp\/v2\/product_tag?post=5500940"}],"curies":[{"name":"wp","href":"https:\/\/api.w.org\/{rel}","templated":true}]}}