{"id":5500941,"date":"2026-01-27T06:18:57","date_gmt":"2026-01-27T05:18:57","guid":{"rendered":"https:\/\/stoic-curie.212-227-153-4.plesk.page\/product\/garmin-echomap-uhd2-72sv-2\/"},"modified":"2026-02-25T00:01:35","modified_gmt":"2026-02-25T00:01:35","slug":"garmin-echomap-uhd2-72sv-2","status":"publish","type":"product","link":"https:\/\/stoic-curie.212-227-153-4.plesk.page\/hr\/product\/garmin-echomap-uhd2-72sv-2\/","title":{"rendered":"Garmin echomap uhd2 72sv"},"content":{"rendered":"<p>Garmin echomap uhd2 72sv &#8211; <\/p>\n<p>Garmin echoMAP UHD2 72SV je navigacijski ure\u0111aj i sonar s ekranom osjetljivim na dodir od 7&#8243; i razlu\u010divosti od 800&#215;480 piksela. Uklju\u010duje brze tipke i unutarnji GPS prijemnik. Ure\u0111aj nudi integrirani 500W CHIRP, ClearVu, SideVu i UHD modul. Kompatibilan je sa svim Garmin BlueChart i Garmin Navionics+ kartografijama, te nudi integriranu be\u017ei\u010dnu povezanost zajedno s NMEA0183\/2000 i Fusion-Link kompatibilno\u0161\u0107u. Ovaj model se savr\u0161eno integrira sa svim brodskim sustavima i uklju\u010duje sve va\u017enije Garmin funkcije kao \u0161to su Auto Guidance, Active Captain, Sail Assist i Quickdraw Contours. Dolazi s podesivom monta\u017eom, poklopcem za ekran i napajanjem\/podacima. Kompatibilan je sa svim tradicionalnim, All-in-One i UHD transduktorima putem 12-pinske veze, a uklju\u010duje i adapter kabel za pretvaranje 8-pinske transduktorske veze u 12-pinsku. TD = Transduktor<\/p>\n","protected":false},"excerpt":{"rendered":"<p>Garmin echomap uhd2 72sv &#8211; Garmin echoMAP UHD2 72SV je navigacijski ure\u0111aj i sonar s ekranom osjetljivim na dodir od<\/p>\n","protected":false},"featured_media":5949329,"comment_status":"open","ping_status":"closed","template":"","meta":[],"product_brand":[2971],"product_cat":[1744],"product_tag":[],"class_list":{"0":"post-5500941","1":"product","2":"type-product","3":"status-publish","4":"has-post-thumbnail","6":"product_brand-garmin-hr","7":"product_cat-brodska-elektronika","9":"first","10":"instock","11":"shipping-taxable","12":"purchasable","13":"product-type-simple"},"_links":{"self":[{"href":"https:\/\/stoic-curie.212-227-153-4.plesk.page\/hr\/wp-json\/wp\/v2\/product\/5500941","targetHints":{"allow":["GET"]}}],"collection":[{"href":"https:\/\/stoic-curie.212-227-153-4.plesk.page\/hr\/wp-json\/wp\/v2\/product"}],"about":[{"href":"https:\/\/stoic-curie.212-227-153-4.plesk.page\/hr\/wp-json\/wp\/v2\/types\/product"}],"replies":[{"embeddable":true,"href":"https:\/\/stoic-curie.212-227-153-4.plesk.page\/hr\/wp-json\/wp\/v2\/comments?post=5500941"}],"version-history":[{"count":0,"href":"https:\/\/stoic-curie.212-227-153-4.plesk.page\/hr\/wp-json\/wp\/v2\/product\/5500941\/revisions"}],"wp:featuredmedia":[{"embeddable":true,"href":"https:\/\/stoic-curie.212-227-153-4.plesk.page\/hr\/wp-json\/wp\/v2\/media\/5949329"}],"wp:attachment":[{"href":"https:\/\/stoic-curie.212-227-153-4.plesk.page\/hr\/wp-json\/wp\/v2\/media?parent=5500941"}],"wp:term":[{"taxonomy":"product_brand","embeddable":true,"href":"https:\/\/stoic-curie.212-227-153-4.plesk.page\/hr\/wp-json\/wp\/v2\/product_brand?post=5500941"},{"taxonomy":"product_cat","embeddable":true,"href":"https:\/\/stoic-curie.212-227-153-4.plesk.page\/hr\/wp-json\/wp\/v2\/product_cat?post=5500941"},{"taxonomy":"product_tag","embeddable":true,"href":"https:\/\/stoic-curie.212-227-153-4.plesk.page\/hr\/wp-json\/wp\/v2\/product_tag?post=5500941"}],"curies":[{"name":"wp","href":"https:\/\/api.w.org\/{rel}","templated":true}]}}